{"id":27900,"date":"2023-03-29T14:47:31","date_gmt":"2023-05-11T11:02:40","guid":{"rendered":"https:\/\/factory.sale\/?post_type=product&#038;p=27900"},"modified":"2026-03-12T11:09:16","modified_gmt":"2026-03-12T08:09:16","slug":"esta-parket-1-lankku-saarni-elegantti-mattalakattu-nb","status":"publish","type":"product","link":"https:\/\/factory.sale\/fi\/tuote\/esta-parket-1-lankku-saarni-elegantti-mattalakattu-nb\/","title":{"rendered":"Esta Parket 1-sauvainen Saarni Elegant Pure Line Extra Matt Lakattu, Kiilto 5%"},"content":{"rendered":"<p>Leveys: 160\/180<br \/>\nPituuden minimi\/maksimi: 1800\/2390<br \/>\nPuulaji: Saarni<br \/>\nPinnank\u00e4sittely: Extra Matta Lakka, 5% kiiltoaste<br \/>\nKuvio: 1-sauvainen<br \/>\nV\u00e4ri: Luonnollinen<br \/>\nLuokitus: Elegantti<br \/>\nViisteet: 2B<br \/>\nKerrokset: 3-kerroksinen<br \/>\nHarjaus: Harjattu<br \/>\nAsennustyyppi: UNILIN, Napsauta kiinni<br \/>\nP\u00e4\u00e4llikerros: v\u00e4hint\u00e4\u00e4n 3 mm<br \/>\nPuun kovuus: 2.9\u20133.7<br \/>\nPakkaus: 1 pakkaus = 6 lautaa, 1 lavallinen = 50 pakkausta<br \/>\nIndeksi: 21073<\/p>\n<p>&nbsp;<\/p>\n<p><strong>HUOM! Tuote myyd\u00e4\u00e4n kokonaisissa pakkauksissa.<\/strong><\/p>\n<p><strong>T\u00e4m\u00e4 on hinta per m2.<\/strong><\/p>\n<p><strong>T\u00e4rke\u00e4\u00e4:<\/strong>\u00a0Tuote on suunniteltu normaaliin asuink\u00e4ytt\u00f6\u00f6n, jossa suositeltu ilmankosteus on 40\u201360 % ja lattial\u00e4mmityksen enimm\u00e4isl\u00e4mp\u00f6tila 27 celsiusastetta. Tuotteen k\u00e4ytt\u00f6 \u00e4\u00e4rimm\u00e4isiss\u00e4 ymp\u00e4rist\u00f6olosuhteissa voi vaikuttaa tuotteen suorituskykyyn ja takuuseen.<\/p>\n<section class=\"elementor-section elementor-top-section elementor-element elementor-element-5ddd5d7 elementor-section-boxed elementor-section-height-default elementor-section-height-default\" data-id=\"5ddd5d7\" data-element_type=\"section\">\n<div class=\"elementor-container elementor-column-gap-default\">\n<div class=\"elementor-row\">\n<div class=\"elementor-column elementor-col-100 elementor-top-column elementor-element elementor-element-29d37ac\" data-id=\"29d37ac\" data-element_type=\"column\">\n<div class=\"elementor-column-wrap elementor-element-populated\">\n<div class=\"elementor-widget-wrap\">\n<div class=\"elementor-element elementor-element-d23c814 elementor-widget elementor-widget-heading\" data-id=\"d23c814\" data-element_type=\"widget\" data-widget_type=\"heading.default\">\n<div class=\"elementor-widget-container\">\n<h2 class=\"elementor-heading-title elementor-size-default\">Rakenne<\/h2>\n<\/div>\n<\/div>\n<\/div>\n<\/div>\n<\/div>\n<\/div>\n<\/div>\n<\/section>\n<section class=\"elementor-section elementor-top-section elementor-element elementor-element-820afa4 elementor-section-boxed elementor-section-height-default elementor-section-height-default\" data-id=\"820afa4\" data-element_type=\"section\">\n<div class=\"elementor-container elementor-column-gap-default\">\n<div class=\"elementor-row\">\n<div class=\"elementor-column elementor-col-100 elementor-top-column elementor-element elementor-element-68ed31a\" data-id=\"68ed31a\" data-element_type=\"column\">\n<div class=\"elementor-column-wrap elementor-element-populated\">\n<div class=\"elementor-widget-wrap\">\n<div class=\"elementor-element elementor-element-a1c0911 elementor-widget elementor-widget-image\" data-id=\"a1c0911\" data-element_type=\"widget\" data-widget_type=\"image.default\">\n<div class=\"elementor-widget-container\">\n<div class=\"elementor-image\"><img loading=\"lazy\" decoding=\"async\" class=\"attachment-full size-full\" src=\"https:\/\/estaparket.eu\/wp-content\/uploads\/2025\/05\/doska-4.webp\" sizes=\"auto, (max-width: 2280px) 100vw, 2280px\" srcset=\"https:\/\/estaparket.eu\/wp-content\/uploads\/2025\/05\/doska-4.webp 2280w, https:\/\/estaparket.eu\/wp-content\/uploads\/2025\/05\/doska-4-300x11.webp 300w, https:\/\/estaparket.eu\/wp-content\/uploads\/2025\/05\/doska-4-1024x36.webp 1024w, https:\/\/estaparket.eu\/wp-content\/uploads\/2025\/05\/doska-4-768x27.webp 768w, https:\/\/estaparket.eu\/wp-content\/uploads\/2025\/05\/doska-4-1536x54.webp 1536w, https:\/\/estaparket.eu\/wp-content\/uploads\/2025\/05\/doska-4-2048x72.webp 2048w, https:\/\/estaparket.eu\/wp-content\/uploads\/2025\/05\/doska-4-600x21.webp 600w\" alt=\"\" width=\"2280\" height=\"80\" \/><\/div>\n<\/div>\n<\/div>\n<div class=\"elementor-element elementor-element-d00c1ad elementor-widget elementor-widget-text-editor\" data-id=\"d00c1ad\" data-element_type=\"widget\" data-widget_type=\"text-editor.default\">\n<div class=\"elementor-widget-container\">\n<div class=\"elementor-text-editor elementor-clearfix\">\n<p><strong>Nova, 13 mm paksu, jossa 0,5 mm pintakerros \/ 2,5 mm toinen kerros \/ 8,5 mm kolmas kerros \/ 1,5 mm koivuinen taustakerros<\/strong><\/p>\n<p class=\"p1\">Pinta: Massiivi eurooppalaista tammea \/ Toinen kerros: Saarnipuuta \/ Kolmas kerros: Kuusta \/ Pohja: Koivuviilua<\/p>\n<\/div>\n<\/div>\n<\/div>\n<\/div>\n<\/div>\n<\/div>\n<\/div>\n<\/div>\n<\/section>\n<p>&nbsp;<\/p>\n<h3><strong>Miksi valita Esta Parket?<\/strong><\/h3>\n<p><strong>Innovaatio<\/strong><\/p>\n<p>Nykyinen trendi suosii luonnollista pintaa, joka yleens\u00e4 saavutetaan vain \u00f6ljytyn pinnan avulla, mik\u00e4 vaatii enemm\u00e4n huoltoa kuin lakattu pinta. Lakattu pinta on helppo puhdistaa ja yll\u00e4pit\u00e4\u00e4, mutta se n\u00e4ytt\u00e4\u00e4 v\u00e4hemm\u00e4n luonnolliselta.<br \/>\nEsta Parket tarjoaa innovatiivisen lakkauspinnoitteen j\u00e4rjestelm\u00e4n, joka n\u00e4ytt\u00e4\u00e4 yht\u00e4 luonnolliselta kuin \u00f6ljytty pinta ja<br \/>\nvaatii yht\u00e4 v\u00e4h\u00e4n huoltoa kuin perinteinen lakattu pinta. Kiiltoaste on vain 5%.<br \/>\nKoivuvanerinen tuki lyhyiden p\u00e4iden lukitusj\u00e4rjestelm\u00e4lle<br \/>\nK\u00e4yt\u00e4mme vahvinta saatavilla olevaa materiaalia lyhyille p\u00e4ille: koivuvaneria. Lukkojen j\u00e4nnitys lautojen lyhyill\u00e4 sivuilla voi olla eritt\u00e4in suuri, erityisesti kuivina ilmasto-olosuhteina. M\u00e4nty- tai keinomateriaalit, kuten HDF, eiv\u00e4t usein kest\u00e4 t\u00e4t\u00e4 j\u00e4nnityst\u00e4, mik\u00e4 johtaa aukkojen syntymiseen lautojen v\u00e4lille.<br \/>\nT\u00e4yteaine v\u00e4rj\u00e4tty muotoilun mukaiseksi<br \/>\nEsta Parketin tehtaalla t\u00e4yteaineen korjaus tehd\u00e4\u00e4n vain k\u00e4sin, koska se on ainoa tapa saavuttaa paras laatu.<br \/>\nT\u00e4yteaineemme etuna on, ett\u00e4 se voidaan v\u00e4rj\u00e4t\u00e4 ja se on ymp\u00e4rist\u00f6yst\u00e4v\u00e4llinen. T\u00e4m\u00e4 mahdollistaa rauhallisen ja luonnollisen ilmeen lattioille my\u00f6s suuremmilla solmuilla.<\/p>\n<p>&nbsp;<\/p>\n<p><strong>Ilmasto<\/strong><\/p>\n<p>Ihanteellinen ilmasto parkettilautoille on sama kuin ihmisille: suhteellinen kosteus 40-60% ja l\u00e4mp\u00f6tila 14\u00b0C\u201323\u00b0C.<br \/>\nParketti valmistetaan aidoista puusta, luonnollisista el\u00e4vist\u00e4 materiaaleista. Puu mukautuu ilmaston mukaan (supistuminen tai laajeneminen). Kuiva ilma (alle 30% suhteellista kosteutta) aiheuttaa vaaran sek\u00e4 puulattioille ett\u00e4 ihmisille, mik\u00e4 johtaa astmaan ja muihin hengityselinsairauksiin.<br \/>\nLiian kostea ilma saa lattiasi laajenemaan ja aiheuttaa v\u00e4symyst\u00e4 ja nestehukkaa.<\/p>\n<p>&nbsp;<\/p>\n<p><strong>UNILIN:n napsautusj\u00e4rjestelm\u00e4<\/strong><\/p>\n<p>Esta Parketin lukitusj\u00e4rjestelm\u00e4n rakenne on suunniteltu minimoimaan aukot lautojen v\u00e4lill\u00e4. Siin\u00e4 ei ole muovisia osia, joten lukitusj\u00e4rjestelm\u00e4n kaikki osat laajenevat tai kutistuvat yhdess\u00e4 koko rakenteen mukaisesti. Esta Parket takaa pienimm\u00e4t korkeuserot lautojen v\u00e4lill\u00e4.<\/p>\n<p>&nbsp;<\/p>\n<p><strong>Parkettimme ominaisuudet:<\/strong><\/p>\n<ul>\n<li>Parketin valmistuksen kaikki vaiheet puun kuivauksesta ja katkaisusta alkaen suoritetaan tehtaallamme. T\u00e4\u00e4ll\u00e4 toteutamme TQM (Total Quality Management) -strategiaa kaikissa prosesseissa parhaan laadun varmistamiseksi!<\/li>\n<li>Korkea kest\u00e4vyys ainutlaatuisen Anti-Scratch-tekniikan ansiosta.<\/li>\n<li>Naarmuuntumista\/kulumista kest\u00e4v\u00e4mpi kuin kilpailijat<\/li>\n<li>Yksi alhaisimmista formaldehydip\u00e4\u00e4st\u00f6ist\u00e4 tekee siit\u00e4 sopivan my\u00f6s eritt\u00e4in allergisille ihmisille<\/li>\n<li>Vahva lukko varmistaa, ettei puulle tule ep\u00e4muodostumia sopeutuen ilmastonmuutoksiin. Toisin kuin monet kilpailijamme, k\u00e4yt\u00e4mme Uniclickin patentoitua lukkoa, joka on k\u00e4yt\u00e4nn\u00f6ss\u00e4 vesitiivis.<\/li>\n<li>Click Lock \u2013 helppo liimaton asennus. Asenna ja lukitse laudat yhteen ja parkettisi on k\u00e4ytt\u00f6valmis!<\/li>\n<li>T\u00e4ydellinen geometria varmistaa, ett\u00e4 lautojen v\u00e4liin ei j\u00e4\u00e4 rakoja ja lattian pinta on t\u00e4ysin sile\u00e4. Lamellit leikataan mahdollisimman tarkasti uusimmissa koneissa.<\/li>\n<li>Kest\u00e4\u00e4 parhaiten l\u00e4mp\u00f6tilan ja kosteuden vaihteluita ainutlaatuisen valmistusprosessin ansiosta pit\u00e4en puussa minimaaliset kuormitukset.<\/li>\n<\/ul>\n<p><strong>20 vuoden takuu<\/strong><\/p>\n<ul>\n<li>Kaikki Esta Parketin valmistuksessa k\u00e4ytetyt puumateriaalit kuivataan\/k\u00e4sitell\u00e4\u00e4n tehtaallamme levyrakenteen vakauden takaamiseksi.<\/li>\n<li>Lattialaudat liimataan matalissa l\u00e4mp\u00f6tiloissa, joten komponenttien v\u00e4lill\u00e4 ei ole sis\u00e4ist\u00e4 j\u00e4nnityst\u00e4, joten ne toimivat paremmin lattiana.<\/li>\n<li>Esta Parketia voidaan k\u00e4ytt\u00e4\u00e4 lattial\u00e4mmityksen kanssa. Parketimme toimii eritt\u00e4in hyvin my\u00f6s pohjoismaisissa kosteus- ja l\u00e4mp\u00f6tilavaihteluissa.<\/li>\n<li>Valmistuksessa k\u00e4ytetyt hartsit ovat myrkytt\u00f6mi\u00e4 ja parketti t\u00e4ytt\u00e4\u00e4 tiukimmatkin terveysvaatimukset.<\/li>\n<li>Pohjakerros on koivuviilusta, joka lis\u00e4\u00e4 levyn vakautta.<\/li>\n<\/ul>\n<p><strong>Kulutuskerros<\/strong><\/p>\n<ul>\n<li>Arvopuun pintakerros on n. 3,5 mm paksu, mik\u00e4 mahdollistaa useiden lattian hiontojen tarpeen vaatiessa.<\/li>\n<li>Viimeistelykerroksissa k\u00e4ytet\u00e4\u00e4n ymp\u00e4rist\u00f6yst\u00e4v\u00e4llisi\u00e4 lakkoja ja \u00f6ljyj\u00e4, jotka eiv\u00e4t sis\u00e4ll\u00e4 liuottimia tai formaldehydi\u00e4 eiv\u00e4tk\u00e4 aiheuta vaarallisia kaasuja.<\/li>\n<\/ul>\n<p><strong>Lukkokiinnitys<\/strong><\/p>\n<ul>\n<li>Esta Parket -laudat napsautuslukolla voidaan asentaa helposti ja nopeasti. Liimaa ei tarvita levyjen kiinnitt\u00e4miseen.<\/li>\n<li>Laudat sulkeutuvat tiukasti toisiaan vasten, kun lukitus napsahtaa paikalleen.<\/li>\n<li>Tiukka lukitus suojaa lautoja satunnaiselta vesiroiskeelta.<\/li>\n<\/ul>\n<p><strong>UV-\u00f6ljy<\/strong><\/p>\n<ul>\n<li>KLUMPP:n UV-\u00f6ljyt yhdist\u00e4v\u00e4t lattioiden edut luonnolliseen \u00f6ljypintaan ja UV-kovettuneisiin lattioihin. Ne perustuvat luonnollisiin \u00f6ljyihin, joista tulee UV-kovettuvia kemiallisen muuntamisen seurauksena. T\u00e4m\u00e4 antaa niille paljon paremmat kemialliset ominaisuudet ja paremman naarmuuntumisenkest\u00e4vyyden verrattuna luonnollisiin \u00f6ljyihin.<\/li>\n<li>Kertym\u00e4n korkea biogeeninen pitoisuus<\/li>\n<li>Korkea viskositeetin stabiilisuus<\/li>\n<li>Avohuokosefekti ja puun v\u00e4ritys luonnon\u00f6ljyll\u00e4<\/li>\n<li>Helposti puhdistettava<\/li>\n<li>S\u00e4ilytt\u00e4\u00e4 puun luonnollisen ilmeen<\/li>\n<\/ul>\n<p><strong>Lakkaus<\/strong><\/p>\n<ul>\n<li>Esta Parketin lakatut levyt on p\u00e4\u00e4llystetty v\u00e4hint\u00e4\u00e4n 7 kerroksella suojamateriaalia.<\/li>\n<li>Monikerroksinen lakkaus paljastaa puun luonnollisen kauneuden ja varmistaa pitk\u00e4aikaisen suojan.<\/li>\n<li>Lakan p\u00e4\u00e4ll\u00e4 oleva naarmuuntumaton tekniikka laajentaa kulumiskest\u00e4vyytt\u00e4 entisest\u00e4\u00e4n.<\/li>\n<li>K\u00e4ytt\u00e4m\u00e4mme UV-lakat ovat t\u00e4ysin turvallisia, ne eiv\u00e4t sis\u00e4ll\u00e4 liuottimia tai formaldehydi\u00e4 eiv\u00e4tk\u00e4 haihduta vaarallisia aineita.<\/li>\n<li>Lakattu pinta on hygieeninen, helppohoitoinen ja antaa hyv\u00e4n suojan likaantumiselta.<\/li>\n<\/ul>\n<p>&nbsp;<\/p>\n<p><strong>Esta Parketin ainutlaatuinen alusmateriaali mahdollistaa puulattioiden hengitt\u00e4misen<\/strong><\/p>\n<ul>\n<li>V\u00e4lt\u00e4 homeen kasvua lattian alla antamalla lattioiden hengitt\u00e4\u00e4. Estaparketin 2,3 mm paksuinen alusmateriaali k\u00e4ytt\u00e4\u00e4 ilmakanavia mikropumpun j\u00e4rjestelm\u00e4n avulla ilman kierr\u00e4tt\u00e4miseen lattian alla. Alusmateriaalin ilmakanavat<\/li>\n<li>varmistavat jatkuvan ilmanvaihdon k\u00e4velless\u00e4. T\u00e4m\u00e4 poistaa kosteuden lattiasta. Alusmateriaali v\u00e4hent\u00e4\u00e4 my\u00f6s \u00e4\u00e4nt\u00e4 22 dB ja sill\u00e4 on korkea puristuslujuus.<\/li>\n<li>Se toimii my\u00f6s hyvin lattial\u00e4mmityksen kanssa.<\/li>\n<\/ul>\n<p>&nbsp;<\/p>\n<p><strong>100% puuta<\/strong><\/p>\n<p>Esta Parketin lattiat ovat t\u00e4ysin kierr\u00e4tett\u00e4vi\u00e4. Ne valmistetaan uusiutuvista luonnonvaroista vahingoittamatta luontoamme. Puu hankitaan hallituista metsist\u00e4, mik\u00e4 tarkoittaa, ett\u00e4 jokaisen kaadetun puun tilalle istutetaan uusi.<\/p>\n<p>K\u00e4yt\u00e4mme raaka-aineitamme tehokkaasti l\u00e4hes ilman j\u00e4tett\u00e4. J\u00e4tekappaleet k\u00e4ytet\u00e4\u00e4n pakkaamiseen ja kierr\u00e4tet\u00e4\u00e4n vihre\u00e4ksi energiaksi. Ulkopuoliset tarkastukset ja arviot ymp\u00e4rist\u00f6johtamisj\u00e4rjestelmist\u00e4mme suoritetaan s\u00e4\u00e4nn\u00f6llisesti.<\/p>\n<p>&nbsp;<\/p>\n<p><strong>Ainutlaatuinen hitaasti kuivattu puuprosessi<\/strong><\/p>\n<p>Valmistamme parkettilaudat vain Virossa sijaitsevassa tehtaassamme, aloittaen puun kuivaamisesta varmistaaksemme erinomaisen laadun. Kuivaamme puun itse k\u00e4ytt\u00e4en vain vihre\u00e4\u00e4 energiaa. Verrattuna teollisuuden standardina olevaan 2 viikon kuivausprosessiin, kuivaamme puuta noin 45 p\u00e4iv\u00e4\u00e4. Hidas kuivaus aiheuttaa huomattavasti v\u00e4hemm\u00e4n rasitusta puulle, mik\u00e4 tekee lattioista vakaampia.<\/p>\n<p>&nbsp;<\/p>\n<p><strong>M1-sertifioitu, ilman lis\u00e4tty\u00e4 VOC\/formaldehydi\u00e4<\/strong><\/p>\n<p>Lattiateollisuuden standardit ja normit eiv\u00e4t ole p\u00e4ivittyneet vuosikymmeniin ja ne ovat huomattavasti v\u00e4hemm\u00e4n tiukkoja kuin M1. Formaldehydi- ja VOC-p\u00e4\u00e4st\u00f6t voivat olla eritt\u00e4in vaarallisia ja aiheuttaa erilaisia sairauksia. M1-sertifiointi takaa, ett\u00e4 Esta Parketin p\u00e4\u00e4st\u00f6t ovat yht\u00e4 hitaat kuin luonnossa esiintyv\u00e4t p\u00e4\u00e4st\u00f6t puissa, mik\u00e4 tekee Esta Parket-lattiasta t\u00e4ysin turvallisen kodillesi.<\/p>\n<p>&nbsp;<\/p>\n<h3>Viitteet<\/h3>\n<p><strong>HOTELLIT<\/strong><\/p>\n<p>Consto Rica Hotell Narvik, Narvik, Norja<br \/>\nClarion Hotel, Stavanger, Norja<br \/>\nMyrkdalen Hotel, Vossestrand, Norja<br \/>\nRamberg-Skedsmo, Skedsmokorest, Norja<br \/>\nRICA Victoria, Oslo, Norja<br \/>\nRICA Oslo, Oslo, Norja<br \/>\nRICA, G\u00f6teborg, Ruotsi<br \/>\nQuality Hotel Stavanger, Stavanger, Norja<br \/>\nQuality hotel T\u00f8nsberg, T\u00f8nsberg, Norja<br \/>\nSoria Moria hotelli, Oslo, Norja<br \/>\nKlaus K, Helsinki, Suomi<br \/>\nH\u00f6gfj\u00e4llshotellet, S\u00e4len, Ruotsi<br \/>\nRadisson Blu, Lillehammer, Norja<br \/>\nScandic Oscar, Varkaus, Suomi<br \/>\nHilton, Tallinna, Viro<br \/>\nClarion, Helsinki, Suomi<br \/>\nHanasaari, Espoo, Suomi<br \/>\nHanko Regatta Suites, Hanko, Suomi<br \/>\nMariott, Ateena, Kreikka<br \/>\nArkaden, M\u00e4stra, Ruotsi<br \/>\nMarklandet, T\u00e4by, Ruotsi<br \/>\nTripla, Helsinki, Suomi<br \/>\nRadisson Blu, Oulu, Suomi<br \/>\nMaximilian, Praha, T\u0161ekin tasavalta<\/p>\n<p><strong>TEATTERIT JA JULKISET SALEET<\/strong><\/p>\n<p>Mariinsky-teatterin orkesterisali, Pietari, Ven\u00e4j\u00e4<br \/>\nSaint Petersburgin talousyliopisto, Pietari, Ven\u00e4j\u00e4<br \/>\nIstanbulin yliopisto, Istanbul, Turkki<br \/>\nPlanet Wellness Village, Sveitsi<br \/>\nLontoon 2012 olympialaisten koripallokent\u00e4t<\/p>\n<p><strong>ASUNNOT<\/strong><\/p>\n<p>Kista Torn (kaupungin korkein asuinrakennus), Tukholma, Ruotsi<br \/>\nHorisont (Jyllannin korkein rakennus), Jyllanti, Tanska<br \/>\nOne Bloor (Toronton korkein asuinrakennus), Toronto, Kanada<br \/>\nThe Alba Takapuna -kerrostalot (alueen korkein rakennus), Uusi-Seelanti<br \/>\nYoung and Rich, Toronto, Kanada<br \/>\nX2 Condos, Toronto, Kanada<br \/>\nCharle Condos, Toronto, Kanada.<\/p>\n<p>&nbsp;<\/p>\n<p><strong>Tietoa tehtaasta<\/strong><\/p>\n<p>Esta Parket on TECHNOMAR &amp; ADREM AS -nimisen, vuonna 1991 perustetun perheomisteisen yksityisyrityksen valmistama parketti. 100% tuotannosta tehd\u00e4\u00e4n yhdess\u00e4 Virossa sijaitsevassa tehtaassa, joka on EU:n j\u00e4sen. Tuotanto kattaa puun kuivaamisesta aina pakattuun tuotteeseen asti. Konseptina on tuottaa parasta vastinetta rahalle. V\u00e4hint\u00e4\u00e4n 95% tuotteista vied\u00e4\u00e4n asiakkaille yli 72 maassa ymp\u00e4ri Eurooppaa, Amerikkaa, Aasiaa ja Afrikkaa.<\/p>\n<p>&nbsp;<\/p>\n","protected":false},"excerpt":{"rendered":"<p>Leveys: 160\/180<br \/>\nPituuden minimi\/maksimi: 1800\/2390<br \/>\nPuulaji: Saarni<br \/>\nPinnank\u00e4sittely: Extra Matta Lakka, 5% kiiltoaste<br \/>\nKuvio: 1-nauhainen<br \/>\nV\u00e4ri: Luonnollinen<br \/>\nLuokitus: Elegantti<br \/>\nViisteet: 2B<br \/>\nKerrokset: 3-kerroksinen<br \/>\nHarjaus: Harjattu<br \/>\nAsennustyyppi: UNILIN, Napsauta kiinni<br \/>\nP\u00e4\u00e4llikerros: v\u00e4hint\u00e4\u00e4n 3 mm<br \/>\nPuun kovuus: 2.9\u20133.7<br \/>\nPakkaus: 1 pakkaus = 6 laudaa, 1 lavallinen = 50 pakkausta<br \/>\nIndeksi: 21073<\/p>\n<p><strong>Lopullinen hinta muodostuu tilauksen m\u00e4\u00e4r\u00e4st\u00e4. Pienemmille m\u00e4\u00e4rille (1-10 pakettia) sovelletaan korkeampaa neli\u00f6metrihintaa.<\/strong><\/p>\n<p>&nbsp;<\/p>\n","protected":false},"featured_media":25981,"comment_status":"open","ping_status":"closed","template":"","meta":{"_acf_changed":false},"factory":[4994],"free-shipment":[],"product_brand":[4569],"product_cat":[2976,450,1683,446],"product_tag":[4988,561,2098],"class_list":{"0":"post-27900","1":"product","2":"type-product","3":"status-publish","4":"has-post-thumbnail","6":"factory-esta-parket","7":"product_brand-estaparket","8":"product_cat-esta-parket-fi","9":"product_cat-parketti","10":"product_cat-yksikaistainen-parketti","11":"product_cat-lattiat","12":"product_tag-1-strip-fi","13":"product_tag-estaparket-fi","14":"product_tag-parquet-fi","16":"first","17":"instock","18":"sale","19":"taxable","20":"shipping-taxable","21":"purchasable","22":"product-type-simple"},"acf":[],"_links":{"self":[{"href":"https:\/\/factory.sale\/fi\/wp-json\/wp\/v2\/product\/27900","targetHints":{"allow":["GET"]}}],"collection":[{"href":"https:\/\/factory.sale\/fi\/wp-json\/wp\/v2\/product"}],"about":[{"href":"https:\/\/factory.sale\/fi\/wp-json\/wp\/v2\/types\/product"}],"replies":[{"embeddable":true,"href":"https:\/\/factory.sale\/fi\/wp-json\/wp\/v2\/comments?post=27900"}],"wp:featuredmedia":[{"embeddable":true,"href":"https:\/\/factory.sale\/fi\/wp-json\/wp\/v2\/media\/25981"}],"wp:attachment":[{"href":"https:\/\/factory.sale\/fi\/wp-json\/wp\/v2\/media?parent=27900"}],"wp:term":[{"taxonomy":"factory","embeddable":true,"href":"https:\/\/factory.sale\/fi\/wp-json\/wp\/v2\/factory?post=27900"},{"taxonomy":"free-shipment","embeddable":true,"href":"https:\/\/factory.sale\/fi\/wp-json\/wp\/v2\/free-shipment?post=27900"},{"taxonomy":"product_brand","embeddable":true,"href":"https:\/\/factory.sale\/fi\/wp-json\/wp\/v2\/product_brand?post=27900"},{"taxonomy":"product_cat","embeddable":true,"href":"https:\/\/factory.sale\/fi\/wp-json\/wp\/v2\/product_cat?post=27900"},{"taxonomy":"product_tag","embeddable":true,"href":"https:\/\/factory.sale\/fi\/wp-json\/wp\/v2\/product_tag?post=27900"}],"curies":[{"name":"wp","href":"https:\/\/api.w.org\/{rel}","templated":true}]}}