{"id":27869,"date":"2023-03-28T16:12:22","date_gmt":"2023-05-11T08:13:07","guid":{"rendered":"https:\/\/factory.sale\/?post_type=product&#038;p=27869"},"modified":"2026-02-17T12:09:29","modified_gmt":"2026-02-17T09:09:29","slug":"tammi-3-click-w-promo-extra-matt-lakattu-nb-light-harjattu","status":"publish","type":"product","link":"https:\/\/factory.sale\/fi\/tuote\/tammi-3-click-w-promo-extra-matt-lakattu-nb-light-harjattu\/","title":{"rendered":"EstaParket Tammi 3 Click W Promo Extra Matt Lakattu NB Light Harjattu"},"content":{"rendered":"<p>Leveys: 204<br \/>\nMin\/Maks pituus: 2200\/2200<br \/>\nLaji: Tammi<br \/>\nPintak\u00e4sittely: Extra mattalakka, 5-11% kiilto<br \/>\nKuvio: 3-raitaa<br \/>\nV\u00e4ri: Luonnollinen<br \/>\nLaatu: Vintage<br \/>\nViiste: NB<br \/>\nKerrokset: 3-kerrosrakenne<br \/>\nHarjaus: Harjattu<br \/>\nAsennustyyppi: UNILIN, Click<br \/>\nP\u00e4\u00e4llimm\u00e4inen kerros: 2,5 mm<br \/>\nPuun kovuus: 2,9\u20133,7<br \/>\nPakkaus: 1 pakkaus = 6 lautaa, 1 lava = 50 pakkausta<br \/>\nIndeksi: 13203<\/p>\n<p><strong>Myymme pakkauksittain. Hinta on annettu per m\u00b2.<\/strong><\/p>\n<p>&nbsp;<\/p>\n<p>&nbsp;<\/p>\n<p><strong>MIKSI VALITA ESTAPARKETTI?<\/strong><\/p>\n<p><strong>Parkettimme ominaisuudet:<\/strong><\/p>\n<ul>\n<li>Parketin valmistuksen kaikki vaiheet puun kuivauksesta ja katkaisusta alkaen suoritetaan tehtaallamme. T\u00e4\u00e4ll\u00e4 toteutamme TQM (Total Quality Management) -strategiaa kaikissa prosesseissa parhaan laadun varmistamiseksi!<\/li>\n<li>Korkea kest\u00e4vyys ainutlaatuisen Anti-Scratch-tekniikan ansiosta.<\/li>\n<li>Naarmuuntumista\/kulumista kest\u00e4v\u00e4mpi kuin kilpailijat<\/li>\n<li>Yksi alhaisimmista formaldehydip\u00e4\u00e4st\u00f6ist\u00e4 tekee siit\u00e4 sopivan my\u00f6s eritt\u00e4in allergisille ihmisille<\/li>\n<li>Vahva lukko varmistaa, ettei puulle tule ep\u00e4muodostumia sopeutuen ilmastonmuutoksiin. Toisin kuin monet kilpailijamme, k\u00e4yt\u00e4mme Uniclickin patentoitua lukkoa, joka on k\u00e4yt\u00e4nn\u00f6ss\u00e4 vesitiivis.<\/li>\n<li>Click Lock \u2013 helppo liimaton asennus. Asenna ja lukitse laudat yhteen ja parkettisi on k\u00e4ytt\u00f6valmis!<\/li>\n<li>T\u00e4ydellinen geometria varmistaa, ett\u00e4 lautojen v\u00e4liin ei j\u00e4\u00e4 rakoja ja lattian pinta on t\u00e4ysin sile\u00e4. Lamellit leikataan mahdollisimman tarkasti uusimmissa koneissa.<\/li>\n<li>Kest\u00e4\u00e4 parhaiten l\u00e4mp\u00f6tilan ja kosteuden vaihteluita ainutlaatuisen valmistusprosessin ansiosta pit\u00e4en puussa minimaaliset kuormitukset.<\/li>\n<\/ul>\n<p><strong>20 vuoden takuu<\/strong><\/p>\n<ul>\n<li>Kaikki Esta Parketin valmistuksessa k\u00e4ytetyt puumateriaalit kuivataan\/k\u00e4sitell\u00e4\u00e4n tehtaallamme levyrakenteen vakauden takaamiseksi.<\/li>\n<li>Lattialaudat liimataan matalissa l\u00e4mp\u00f6tiloissa, joten komponenttien v\u00e4lill\u00e4 ei ole sis\u00e4ist\u00e4 j\u00e4nnityst\u00e4, joten ne toimivat paremmin lattiana.<\/li>\n<li>Esta Parketia voidaan k\u00e4ytt\u00e4\u00e4 lattial\u00e4mmityksen kanssa. Parketimme toimii eritt\u00e4in hyvin my\u00f6s pohjoismaisissa kosteus- ja l\u00e4mp\u00f6tilavaihteluissa.<\/li>\n<li>Valmistuksessa k\u00e4ytetyt hartsit ovat myrkytt\u00f6mi\u00e4 ja parketti t\u00e4ytt\u00e4\u00e4 tiukimmatkin terveysvaatimukset.<\/li>\n<li>Pohjakerros on koivuviilusta, joka lis\u00e4\u00e4 levyn vakautta.<\/li>\n<\/ul>\n<p><strong>Kulutuskerros<\/strong><\/p>\n<ul>\n<li>Arvopuun pintakerros on n. 3,5 mm paksu, mik\u00e4 mahdollistaa useiden lattian hiontojen tarpeen vaatiessa.<\/li>\n<li>Viimeistelykerroksissa k\u00e4ytet\u00e4\u00e4n ymp\u00e4rist\u00f6yst\u00e4v\u00e4llisi\u00e4 lakkoja ja \u00f6ljyj\u00e4, jotka eiv\u00e4t sis\u00e4ll\u00e4 liuottimia tai formaldehydi\u00e4 eiv\u00e4tk\u00e4 aiheuta vaarallisia kaasuja.<\/li>\n<\/ul>\n<p><strong>Lukkokiinnitys<\/strong><\/p>\n<ul>\n<li>Esta Parket -laudat napsautuslukolla voidaan asentaa helposti ja nopeasti. Liimaa ei tarvita levyjen kiinnitt\u00e4miseen.<\/li>\n<li>Laudat sulkeutuvat tiukasti toisiaan vasten, kun lukitus napsahtaa paikalleen.<\/li>\n<li>Tiukka lukitus suojaa lautoja satunnaiselta vesiroiskeelta.<\/li>\n<\/ul>\n<p><strong>UV-\u00f6ljy<\/strong><\/p>\n<ul>\n<li>KLUMPP:n UV-\u00f6ljyt yhdist\u00e4v\u00e4t lattioiden edut luonnolliseen \u00f6ljypintaan ja UV-kovettuneisiin lattioihin. Ne perustuvat luonnollisiin \u00f6ljyihin, joista tulee UV-kovettuvia kemiallisen muuntamisen seurauksena. T\u00e4m\u00e4 antaa niille paljon paremmat kemialliset ominaisuudet ja paremman naarmuuntumisenkest\u00e4vyyden verrattuna luonnollisiin \u00f6ljyihin.<\/li>\n<li>Kertym\u00e4n korkea biogeeninen pitoisuus<\/li>\n<li>Korkea viskositeetin stabiilisuus<\/li>\n<li>Avohuokosefekti ja puun v\u00e4ritys luonnon\u00f6ljyll\u00e4<\/li>\n<li>Helposti puhdistettava<\/li>\n<li>S\u00e4ilytt\u00e4\u00e4 puun luonnollisen ilmeen<\/li>\n<\/ul>\n<p><strong>Lakkaus<\/strong><\/p>\n<ul>\n<li>Esta Parketin lakatut levyt on p\u00e4\u00e4llystetty v\u00e4hint\u00e4\u00e4n 7 kerroksella suojamateriaalia.<\/li>\n<li>Monikerroksinen lakkaus paljastaa puun luonnollisen kauneuden ja varmistaa pitk\u00e4aikaisen suojan.<\/li>\n<li>Lakan p\u00e4\u00e4ll\u00e4 oleva naarmuuntumaton tekniikka laajentaa kulumiskest\u00e4vyytt\u00e4 entisest\u00e4\u00e4n.<\/li>\n<li>K\u00e4ytt\u00e4m\u00e4mme UV-lakat ovat t\u00e4ysin turvallisia, ne eiv\u00e4t sis\u00e4ll\u00e4 liuottimia tai formaldehydi\u00e4 eiv\u00e4tk\u00e4 haihduta vaarallisia aineita.<\/li>\n<li>Lakattu pinta on hygieeninen, helppohoitoinen ja antaa hyv\u00e4n suojan likaantumiselta.<\/li>\n<\/ul>\n","protected":false},"excerpt":{"rendered":"<p>Leveys: 204<br \/>\nMin\/Maks pituus: 2200\/2200<br \/>\nLaji: Tammi<br \/>\nPintak\u00e4sittely: Extra mattalakka, 5-11% kiilto<br \/>\nKuvio: 3-raitaa<br \/>\nV\u00e4ri: Luonnollinen<br \/>\nLaatu: Vintage<br \/>\nViiste: NB<br \/>\nKerrokset: 3-kerrosrakenne<br \/>\nHarjaus: Harjattu<br \/>\nAsennustyyppi: UNILIN, Click<br \/>\nP\u00e4\u00e4llimm\u00e4inen kerros: 2,5 mm<br \/>\nPuun kovuus: 2,9\u20133,7<br \/>\nPakkaus: 1 pakkaus = 6 lautaa, 1 lava = 50 pakkausta<br \/>\nIndeksi: 13203<\/p>\n<p><strong>Lopullinen hinta muodostuu tilauksen m\u00e4\u00e4r\u00e4st\u00e4. Pienemmille m\u00e4\u00e4rille (1-10 pakettia) sovelletaan korkeampaa neli\u00f6metrihintaa.<\/strong><\/p>\n","protected":false},"featured_media":140261,"comment_status":"open","ping_status":"closed","template":"","meta":{"_acf_changed":false},"factory":[],"free-shipment":[],"product_brand":[4569],"product_cat":[2976,1794,450],"product_tag":[561,2098],"class_list":{"0":"post-27869","1":"product","2":"type-product","3":"status-publish","4":"has-post-thumbnail","6":"product_brand-estaparket","7":"product_cat-esta-parket-fi","8":"product_cat-kolmisauvainen-parketti","9":"product_cat-parketti","10":"product_tag-estaparket-fi","11":"product_tag-parquet-fi","13":"first","14":"instock","15":"sale","16":"taxable","17":"shipping-taxable","18":"purchasable","19":"product-type-simple"},"acf":[],"_links":{"self":[{"href":"https:\/\/factory.sale\/fi\/wp-json\/wp\/v2\/product\/27869","targetHints":{"allow":["GET"]}}],"collection":[{"href":"https:\/\/factory.sale\/fi\/wp-json\/wp\/v2\/product"}],"about":[{"href":"https:\/\/factory.sale\/fi\/wp-json\/wp\/v2\/types\/product"}],"replies":[{"embeddable":true,"href":"https:\/\/factory.sale\/fi\/wp-json\/wp\/v2\/comments?post=27869"}],"wp:featuredmedia":[{"embeddable":true,"href":"https:\/\/factory.sale\/fi\/wp-json\/wp\/v2\/media\/140261"}],"wp:attachment":[{"href":"https:\/\/factory.sale\/fi\/wp-json\/wp\/v2\/media?parent=27869"}],"wp:term":[{"taxonomy":"factory","embeddable":true,"href":"https:\/\/factory.sale\/fi\/wp-json\/wp\/v2\/factory?post=27869"},{"taxonomy":"free-shipment","embeddable":true,"href":"https:\/\/factory.sale\/fi\/wp-json\/wp\/v2\/free-shipment?post=27869"},{"taxonomy":"product_brand","embeddable":true,"href":"https:\/\/factory.sale\/fi\/wp-json\/wp\/v2\/product_brand?post=27869"},{"taxonomy":"product_cat","embeddable":true,"href":"https:\/\/factory.sale\/fi\/wp-json\/wp\/v2\/product_cat?post=27869"},{"taxonomy":"product_tag","embeddable":true,"href":"https:\/\/factory.sale\/fi\/wp-json\/wp\/v2\/product_tag?post=27869"}],"curies":[{"name":"wp","href":"https:\/\/api.w.org\/{rel}","templated":true}]}}