{"id":27867,"date":"2023-03-28T15:03:46","date_gmt":"2023-05-11T08:03:12","guid":{"rendered":"https:\/\/factory.sale\/?post_type=product&#038;p=27867"},"modified":"2026-04-02T10:21:49","modified_gmt":"2026-04-02T07:21:49","slug":"esta-parket-3-strip-oak-promo-white-light-brush-extra-matt-lac-gloss-5-11","status":"publish","type":"product","link":"https:\/\/factory.sale\/fi\/tuote\/esta-parket-3-strip-oak-promo-white-light-brush-extra-matt-lac-gloss-5-11\/","title":{"rendered":"Esta Parket 3 Kaistale Tammi Promo White Extra Matt Lakattu, kiilto 5-11%"},"content":{"rendered":"<p><strong>Tekniset tiedot:<\/strong><\/p>\n<p><strong>Leveys:<\/strong> 204<br \/>\n<strong>Min\/Maks pituus:<\/strong> 2200\/2200<br \/>\n<strong>Laji:<\/strong> Tammi<br \/>\n<strong>Pintak\u00e4sittely:<\/strong> Extra mattalakka, 5-11% kiilto<br \/>\n<strong>Kuvio:<\/strong> 3-raitaa<br \/>\n<strong>V\u00e4ri:<\/strong> Valkoinen<br \/>\n<strong>Laatu:<\/strong> Vintage<br \/>\n<strong>Viiste:<\/strong> NB<br \/>\n<strong>Kerrokset:<\/strong> 3-kerrosrakenne<br \/>\n<strong>Harjaus:<\/strong> Kevyt harjattu<br \/>\n<strong>Asennustyyppi:<\/strong> UNILIN, Click<br \/>\n<strong>P\u00e4\u00e4llimm\u00e4inen kerros:<\/strong> 2,5 mm<br \/>\n<strong>Puun kovuus:<\/strong> 2,9\u20133,7<br \/>\n<strong>Pakkaus:<\/strong> 1 pakkaus = 6 lautaa, 1 lava = 50 pakkausta<br \/>\n<strong>Indeksi:<\/strong> 13202<\/p>\n<p>&nbsp;<\/p>\n<p><strong>Myymme pakkauksittain. Hinta on annettu per m\u00b2.<\/strong><\/p>\n<p>&nbsp;<\/p>\n<p><strong>T\u00e4rke\u00e4\u00e4:<\/strong>\u00a0Tuote on suunniteltu normaaliin asuink\u00e4ytt\u00f6\u00f6n, jossa suositeltu ilmankosteus on 40\u201360 % ja lattial\u00e4mmityksen enimm\u00e4isl\u00e4mp\u00f6tila 27 celsiusastetta. Tuotteen k\u00e4ytt\u00f6 \u00e4\u00e4rimm\u00e4isiss\u00e4 ymp\u00e4rist\u00f6olosuhteissa voi vaikuttaa tuotteen suorituskykyyn ja takuuseen.<\/p>\n<section class=\"elementor-section elementor-top-section elementor-element elementor-element-5ddd5d7 elementor-section-boxed elementor-section-height-default elementor-section-height-default\" data-id=\"5ddd5d7\" data-element_type=\"section\">\n<div class=\"elementor-container elementor-column-gap-default\">\n<div class=\"elementor-row\">\n<div class=\"elementor-column elementor-col-100 elementor-top-column elementor-element elementor-element-29d37ac\" data-id=\"29d37ac\" data-element_type=\"column\">\n<div class=\"elementor-column-wrap elementor-element-populated\">\n<div class=\"elementor-widget-wrap\">\n<div class=\"elementor-element elementor-element-d23c814 elementor-widget elementor-widget-heading\" data-id=\"d23c814\" data-element_type=\"widget\" data-widget_type=\"heading.default\">\n<div class=\"elementor-widget-container\">\n<h2 class=\"elementor-heading-title elementor-size-default\"><span style=\"font-size: 14pt;\">Rakenne<\/span><\/h2>\n<\/div>\n<\/div>\n<\/div>\n<\/div>\n<\/div>\n<\/div>\n<\/div>\n<\/section>\n<section class=\"elementor-section elementor-top-section elementor-element elementor-element-820afa4 elementor-section-boxed elementor-section-height-default elementor-section-height-default\" data-id=\"820afa4\" data-element_type=\"section\">\n<div class=\"elementor-container elementor-column-gap-default\">\n<div class=\"elementor-row\">\n<div class=\"elementor-column elementor-col-100 elementor-top-column elementor-element elementor-element-68ed31a\" data-id=\"68ed31a\" data-element_type=\"column\">\n<div class=\"elementor-column-wrap elementor-element-populated\">\n<div class=\"elementor-widget-wrap\">\n<div class=\"elementor-element elementor-element-a1c0911 elementor-widget elementor-widget-image\" data-id=\"a1c0911\" data-element_type=\"widget\" data-widget_type=\"image.default\">\n<div class=\"elementor-widget-container\">\n<div class=\"elementor-image\"><img loading=\"lazy\" decoding=\"async\" class=\"attachment-full size-full\" src=\"https:\/\/estaparket.eu\/wp-content\/uploads\/2025\/05\/doska-4.webp\" sizes=\"auto, (max-width: 2280px) 100vw, 2280px\" srcset=\"https:\/\/estaparket.eu\/wp-content\/uploads\/2025\/05\/doska-4.webp 2280w, https:\/\/estaparket.eu\/wp-content\/uploads\/2025\/05\/doska-4-300x11.webp 300w, https:\/\/estaparket.eu\/wp-content\/uploads\/2025\/05\/doska-4-1024x36.webp 1024w, https:\/\/estaparket.eu\/wp-content\/uploads\/2025\/05\/doska-4-768x27.webp 768w, https:\/\/estaparket.eu\/wp-content\/uploads\/2025\/05\/doska-4-1536x54.webp 1536w, https:\/\/estaparket.eu\/wp-content\/uploads\/2025\/05\/doska-4-2048x72.webp 2048w, https:\/\/estaparket.eu\/wp-content\/uploads\/2025\/05\/doska-4-600x21.webp 600w\" alt=\"\" width=\"2280\" height=\"80\" \/><\/div>\n<\/div>\n<\/div>\n<div class=\"elementor-element elementor-element-d00c1ad elementor-widget elementor-widget-text-editor\" data-id=\"d00c1ad\" data-element_type=\"widget\" data-widget_type=\"text-editor.default\">\n<div class=\"elementor-widget-container\">\n<div class=\"elementor-text-editor elementor-clearfix\">\n<p><strong>Nova, 13 mm paksu, jossa 0,5 mm pintakerros \/ 2,5 mm toinen kerros \/ 8,5 mm kolmas kerros \/ 1,5 mm koivuinen taustakerros<\/strong><\/p>\n<p class=\"p1\">Pinta: Massiivi eurooppalaista tammea \/ Toinen kerros: Saarnipuuta \/ Kolmas kerros: Kuusta \/ Pohja: Koivuviilua<\/p>\n<p>&nbsp;<\/p>\n<\/div>\n<\/div>\n<\/div>\n<\/div>\n<\/div>\n<\/div>\n<\/div>\n<\/div>\n<\/section>\n<p><strong>MIKSI VALITA ESTA PARKETTI?<\/strong><\/p>\n<p><strong>Parkettimme ominaisuudet:<\/strong><\/p>\n<ul>\n<li>Parketin valmistuksen kaikki vaiheet puun kuivauksesta ja katkaisusta alkaen suoritetaan tehtaallamme. T\u00e4\u00e4ll\u00e4 toteutamme TQM (Total Quality Management) -strategiaa kaikissa prosesseissa parhaan laadun varmistamiseksi!<\/li>\n<li>Korkea kest\u00e4vyys ainutlaatuisen Anti-Scratch-tekniikan ansiosta.<\/li>\n<li>Naarmuuntumista\/kulumista kest\u00e4v\u00e4mpi kuin kilpailijat<\/li>\n<li>Yksi alhaisimmista formaldehydip\u00e4\u00e4st\u00f6ist\u00e4 tekee siit\u00e4 sopivan my\u00f6s eritt\u00e4in allergisille ihmisille<\/li>\n<li>Vahva lukko varmistaa, ettei puulle tule ep\u00e4muodostumia sopeutuen ilmastonmuutoksiin. Toisin kuin monet kilpailijamme, k\u00e4yt\u00e4mme Uniclickin patentoitua lukkoa, joka on k\u00e4yt\u00e4nn\u00f6ss\u00e4 vesitiivis.<\/li>\n<li>Click Lock \u2013 helppo liimaton asennus. Asenna ja lukitse laudat yhteen ja parkettisi on k\u00e4ytt\u00f6valmis!<\/li>\n<li>T\u00e4ydellinen geometria varmistaa, ett\u00e4 lautojen v\u00e4liin ei j\u00e4\u00e4 rakoja ja lattian pinta on t\u00e4ysin sile\u00e4. Lamellit leikataan mahdollisimman tarkasti uusimmissa koneissa.<\/li>\n<li>Kest\u00e4\u00e4 parhaiten l\u00e4mp\u00f6tilan ja kosteuden vaihteluita ainutlaatuisen valmistusprosessin ansiosta pit\u00e4en puussa minimaaliset kuormitukset.<\/li>\n<\/ul>\n<p><strong>20 vuoden takuu<\/strong><\/p>\n<ul>\n<li>Kaikki Esta Parketin valmistuksessa k\u00e4ytetyt puumateriaalit kuivataan\/k\u00e4sitell\u00e4\u00e4n tehtaallamme levyrakenteen vakauden takaamiseksi.<\/li>\n<li>Lattialaudat liimataan matalissa l\u00e4mp\u00f6tiloissa, joten komponenttien v\u00e4lill\u00e4 ei ole sis\u00e4ist\u00e4 j\u00e4nnityst\u00e4, joten ne toimivat paremmin lattiana.<\/li>\n<li>Esta Parketia voidaan k\u00e4ytt\u00e4\u00e4 lattial\u00e4mmityksen kanssa. Parketimme toimii eritt\u00e4in hyvin my\u00f6s pohjoismaisissa kosteus- ja l\u00e4mp\u00f6tilavaihteluissa.<\/li>\n<li>Valmistuksessa k\u00e4ytetyt hartsit ovat myrkytt\u00f6mi\u00e4 ja parketti t\u00e4ytt\u00e4\u00e4 tiukimmatkin terveysvaatimukset.<\/li>\n<li>Pohjakerros on koivuviilusta, joka lis\u00e4\u00e4 levyn vakautta.<\/li>\n<\/ul>\n<p><strong>Kulutuskerros<\/strong><\/p>\n<ul>\n<li>Arvopuun pintakerros on n. 3,5 mm paksu, mik\u00e4 mahdollistaa useiden lattian hiontojen tarpeen vaatiessa.<\/li>\n<li>Viimeistelykerroksissa k\u00e4ytet\u00e4\u00e4n ymp\u00e4rist\u00f6yst\u00e4v\u00e4llisi\u00e4 lakkoja ja \u00f6ljyj\u00e4, jotka eiv\u00e4t sis\u00e4ll\u00e4 liuottimia tai formaldehydi\u00e4 eiv\u00e4tk\u00e4 aiheuta vaarallisia kaasuja.<\/li>\n<\/ul>\n<p><strong>Lukkokiinnitys<\/strong><\/p>\n<ul>\n<li>Esta Parket -laudat napsautuslukolla voidaan asentaa helposti ja nopeasti. Liimaa ei tarvita levyjen kiinnitt\u00e4miseen.<\/li>\n<li>Laudat sulkeutuvat tiukasti toisiaan vasten, kun lukitus napsahtaa paikalleen.<\/li>\n<li>Tiukka lukitus suojaa lautoja satunnaiselta vesiroiskeelta.<\/li>\n<\/ul>\n<p><strong>UV-\u00f6ljy<\/strong><\/p>\n<ul>\n<li>KLUMPP:n UV-\u00f6ljyt yhdist\u00e4v\u00e4t lattioiden edut luonnolliseen \u00f6ljypintaan ja UV-kovettuneisiin lattioihin. Ne perustuvat luonnollisiin \u00f6ljyihin, joista tulee UV-kovettuvia kemiallisen muuntamisen seurauksena. T\u00e4m\u00e4 antaa niille paljon paremmat kemialliset ominaisuudet ja paremman naarmuuntumisenkest\u00e4vyyden verrattuna luonnollisiin \u00f6ljyihin.<\/li>\n<li>Kertym\u00e4n korkea biogeeninen pitoisuus<\/li>\n<li>Korkea viskositeetin stabiilisuus<\/li>\n<li>Avohuokosefekti ja puun v\u00e4ritys luonnon\u00f6ljyll\u00e4<\/li>\n<li>Helposti puhdistettava<\/li>\n<li>S\u00e4ilytt\u00e4\u00e4 puun luonnollisen ilmeen<\/li>\n<\/ul>\n<p><strong>Lakkaus<\/strong><\/p>\n<ul>\n<li>Esta Parketin lakatut levyt on p\u00e4\u00e4llystetty v\u00e4hint\u00e4\u00e4n 7 kerroksella suojamateriaalia.<\/li>\n<li>Monikerroksinen lakkaus paljastaa puun luonnollisen kauneuden ja varmistaa pitk\u00e4aikaisen suojan.<\/li>\n<li>Lakan p\u00e4\u00e4ll\u00e4 oleva naarmuuntumaton tekniikka laajentaa kulumiskest\u00e4vyytt\u00e4 entisest\u00e4\u00e4n.<\/li>\n<li>K\u00e4ytt\u00e4m\u00e4mme UV-lakat ovat t\u00e4ysin turvallisia, ne eiv\u00e4t sis\u00e4ll\u00e4 liuottimia tai formaldehydi\u00e4 eiv\u00e4tk\u00e4 haihduta vaarallisia aineita.<\/li>\n<li>Lakattu pinta on hygieeninen, helppohoitoinen ja antaa hyv\u00e4n suojan likaantumiselta.<\/li>\n<\/ul>\n","protected":false},"excerpt":{"rendered":"<p><strong>Leveys:<\/strong> 204<br \/>\n<strong>Min\/Maks pituus:<\/strong> 2200\/2200<br \/>\n<strong>Laji:<\/strong> Tammi<br \/>\n<strong>Pintak\u00e4sittely:<\/strong> Extra mattalakka, 5-11% kiilto<br \/>\n<strong>Kuvio:<\/strong> 3-raitaa<br \/>\n<strong>V\u00e4ri:<\/strong> Valkoinen<br \/>\n<strong>Laatu:<\/strong> Vintage<br \/>\n<strong>Viiste:<\/strong> NB<br \/>\n<strong>Kerrokset:<\/strong> 3-kerrosrakenne<br \/>\n<strong>Harjaus:<\/strong> Kevyt harjattu<br \/>\n<strong>Asennustyyppi:<\/strong> UNILIN, Click<br \/>\n<strong>P\u00e4\u00e4llimm\u00e4inen kerros:<\/strong> 2,5 mm<br \/>\n<strong>Puun kovuus:<\/strong> 2,9\u20133,7<br \/>\n<strong>Pakkaus:<\/strong> 1 pakkaus = 6 lautaa, 1 lava = 50 pakkausta<br \/>\n<strong>Indeksi:<\/strong> 13202<\/p>\n<p><strong>Lopullinen hinta muodostuu tilauksen m\u00e4\u00e4r\u00e4st\u00e4. Pienemmille m\u00e4\u00e4rille (1-10 pakettia) sovelletaan korkeampaa neli\u00f6metrihintaa.<\/strong><\/p>\n","protected":false},"featured_media":25848,"comment_status":"open","ping_status":"closed","template":"","meta":{"_acf_changed":false},"factory":[4994],"free-shipment":[],"product_brand":[4569],"product_cat":[2976,1794,450,4782,4541],"product_tag":[561,589],"class_list":{"0":"post-27867","1":"product","2":"type-product","3":"status-publish","4":"has-post-thumbnail","6":"factory-esta-parket","7":"product_brand-estaparket","8":"product_cat-esta-parket-fi","9":"product_cat-kolmisauvainen-parketti","10":"product_cat-parketti","11":"product_cat-parketti-fi","12":"product_cat-varastotuotteet","13":"product_tag-estaparket-fi","14":"product_tag-oak-fi","16":"first","17":"instock","18":"sale","19":"taxable","20":"shipping-taxable","21":"purchasable","22":"product-type-simple"},"acf":[],"_links":{"self":[{"href":"https:\/\/factory.sale\/fi\/wp-json\/wp\/v2\/product\/27867","targetHints":{"allow":["GET"]}}],"collection":[{"href":"https:\/\/factory.sale\/fi\/wp-json\/wp\/v2\/product"}],"about":[{"href":"https:\/\/factory.sale\/fi\/wp-json\/wp\/v2\/types\/product"}],"replies":[{"embeddable":true,"href":"https:\/\/factory.sale\/fi\/wp-json\/wp\/v2\/comments?post=27867"}],"wp:featuredmedia":[{"embeddable":true,"href":"https:\/\/factory.sale\/fi\/wp-json\/wp\/v2\/media\/25848"}],"wp:attachment":[{"href":"https:\/\/factory.sale\/fi\/wp-json\/wp\/v2\/media?parent=27867"}],"wp:term":[{"taxonomy":"factory","embeddable":true,"href":"https:\/\/factory.sale\/fi\/wp-json\/wp\/v2\/factory?post=27867"},{"taxonomy":"free-shipment","embeddable":true,"href":"https:\/\/factory.sale\/fi\/wp-json\/wp\/v2\/free-shipment?post=27867"},{"taxonomy":"product_brand","embeddable":true,"href":"https:\/\/factory.sale\/fi\/wp-json\/wp\/v2\/product_brand?post=27867"},{"taxonomy":"product_cat","embeddable":true,"href":"https:\/\/factory.sale\/fi\/wp-json\/wp\/v2\/product_cat?post=27867"},{"taxonomy":"product_tag","embeddable":true,"href":"https:\/\/factory.sale\/fi\/wp-json\/wp\/v2\/product_tag?post=27867"}],"curies":[{"name":"wp","href":"https:\/\/api.w.org\/{rel}","templated":true}]}}