{"id":27857,"date":"2023-03-24T10:55:09","date_gmt":"2023-05-10T20:14:50","guid":{"rendered":"https:\/\/factory.sale\/?post_type=product&#038;p=27857"},"modified":"2024-06-28T02:13:58","modified_gmt":"2024-06-28T02:13:58","slug":"vihrealla-kasitelty-terassilankku-deck-28x95","status":"publish","type":"product","link":"https:\/\/factory.sale\/fi\/tuote\/vihrealla-kasitelty-terassilankku-deck-28x95\/","title":{"rendered":"Vihre\u00e4 kyll\u00e4stetty terassilankku Deck 28&#215;95"},"content":{"rendered":"<p>Vihre\u00e4 kyll\u00e4stetty terassilankku Deck 28&#215;95<\/p>\n","protected":false},"excerpt":{"rendered":"<p>Vihre\u00e4 kyll\u00e4stetty terassilankku Deck 28&#215;95<\/p>\n","protected":false},"featured_media":25588,"comment_status":"open","ping_status":"closed","template":"","meta":{"_acf_changed":false},"factory":[],"free-shipment":[],"product_brand":[],"product_cat":[1605,1603],"product_tag":[276,617],"class_list":{"0":"post-27857","1":"product","2":"type-product","3":"status-publish","4":"has-post-thumbnail","6":"product_cat-puutuotteet","7":"product_cat-wood-products","8":"product_tag-wood","9":"product_tag-wood-fi","11":"first","12":"instock","13":"sale","14":"taxable","15":"shipping-taxable","16":"purchasable","17":"product-type-simple"},"acf":[],"_links":{"self":[{"href":"https:\/\/factory.sale\/fi\/wp-json\/wp\/v2\/product\/27857","targetHints":{"allow":["GET"]}}],"collection":[{"href":"https:\/\/factory.sale\/fi\/wp-json\/wp\/v2\/product"}],"about":[{"href":"https:\/\/factory.sale\/fi\/wp-json\/wp\/v2\/types\/product"}],"replies":[{"embeddable":true,"href":"https:\/\/factory.sale\/fi\/wp-json\/wp\/v2\/comments?post=27857"}],"wp:featuredmedia":[{"embeddable":true,"href":"https:\/\/factory.sale\/fi\/wp-json\/wp\/v2\/media\/25588"}],"wp:attachment":[{"href":"https:\/\/factory.sale\/fi\/wp-json\/wp\/v2\/media?parent=27857"}],"wp:term":[{"taxonomy":"factory","embeddable":true,"href":"https:\/\/factory.sale\/fi\/wp-json\/wp\/v2\/factory?post=27857"},{"taxonomy":"free-shipment","embeddable":true,"href":"https:\/\/factory.sale\/fi\/wp-json\/wp\/v2\/free-shipment?post=27857"},{"taxonomy":"product_brand","embeddable":true,"href":"https:\/\/factory.sale\/fi\/wp-json\/wp\/v2\/product_brand?post=27857"},{"taxonomy":"product_cat","embeddable":true,"href":"https:\/\/factory.sale\/fi\/wp-json\/wp\/v2\/product_cat?post=27857"},{"taxonomy":"product_tag","embeddable":true,"href":"https:\/\/factory.sale\/fi\/wp-json\/wp\/v2\/product_tag?post=27857"}],"curies":[{"name":"wp","href":"https:\/\/api.w.org\/{rel}","templated":true}]}}