{"id":27843,"date":"2023-03-20T22:15:34","date_gmt":"2023-05-10T10:34:56","guid":{"rendered":"https:\/\/factory.sale\/?post_type=product&#038;p=27843"},"modified":"2024-07-07T13:59:30","modified_gmt":"2024-07-07T13:59:30","slug":"skootterin-teline-iii","status":"publish","type":"product","link":"https:\/\/factory.sale\/fi\/tuote\/skootterin-teline-iii\/","title":{"rendered":"Skootterin teline III"},"content":{"rendered":"<p><strong>Tuotetiedot:<\/strong><\/p>\n<ul>\n<li>Voidaan valmistaa galvanoidusta, galvanoidusta ja maalatusta tai ruostumattomasta ter\u00e4sprofiilista<\/li>\n<li>Lukittava<\/li>\n<li>Voidaan kiinnitt\u00e4\u00e4 betoniin tai ankkuroitua<\/li>\n<li>Mitat: 1600 x 310 x 650 mm<\/li>\n<\/ul>\n<p>&nbsp;<\/p>\n<p><em>*Hinta koskee galvanoidusta ter\u00e4ksest\u00e4 valmistettua telineit\u00e4.<\/em><\/p>\n<p>&nbsp;<\/p>\n<p>&nbsp;<\/p>\n","protected":false},"excerpt":{"rendered":"<p>Polkupy\u00f6r\u00e4- ja skootteritelineet sopivat kaupunkeihin, puistoihin, julkisiin tiloihin ja voidaan yhdist\u00e4\u00e4 muihin kaupunkikalusteisiin.<\/p>\n","protected":false},"featured_media":25289,"comment_status":"open","ping_status":"closed","template":"","meta":{"_acf_changed":false},"factory":[],"free-shipment":[],"product_brand":[],"product_cat":[1099,2353],"product_tag":[],"class_list":{"0":"post-27843","1":"product","2":"type-product","3":"status-publish","4":"has-post-thumbnail","6":"product_cat-urban-furniture","7":"product_cat-bicycle-racks","9":"first","10":"instock","11":"sale","12":"taxable","13":"shipping-taxable","14":"purchasable","15":"product-type-simple"},"acf":[],"_links":{"self":[{"href":"https:\/\/factory.sale\/fi\/wp-json\/wp\/v2\/product\/27843","targetHints":{"allow":["GET"]}}],"collection":[{"href":"https:\/\/factory.sale\/fi\/wp-json\/wp\/v2\/product"}],"about":[{"href":"https:\/\/factory.sale\/fi\/wp-json\/wp\/v2\/types\/product"}],"replies":[{"embeddable":true,"href":"https:\/\/factory.sale\/fi\/wp-json\/wp\/v2\/comments?post=27843"}],"wp:featuredmedia":[{"embeddable":true,"href":"https:\/\/factory.sale\/fi\/wp-json\/wp\/v2\/media\/25289"}],"wp:attachment":[{"href":"https:\/\/factory.sale\/fi\/wp-json\/wp\/v2\/media?parent=27843"}],"wp:term":[{"taxonomy":"factory","embeddable":true,"href":"https:\/\/factory.sale\/fi\/wp-json\/wp\/v2\/factory?post=27843"},{"taxonomy":"free-shipment","embeddable":true,"href":"https:\/\/factory.sale\/fi\/wp-json\/wp\/v2\/free-shipment?post=27843"},{"taxonomy":"product_brand","embeddable":true,"href":"https:\/\/factory.sale\/fi\/wp-json\/wp\/v2\/product_brand?post=27843"},{"taxonomy":"product_cat","embeddable":true,"href":"https:\/\/factory.sale\/fi\/wp-json\/wp\/v2\/product_cat?post=27843"},{"taxonomy":"product_tag","embeddable":true,"href":"https:\/\/factory.sale\/fi\/wp-json\/wp\/v2\/product_tag?post=27843"}],"curies":[{"name":"wp","href":"https:\/\/api.w.org\/{rel}","templated":true}]}}