{"id":27835,"date":"2023-03-20T20:40:12","date_gmt":"2023-05-10T09:46:00","guid":{"rendered":"https:\/\/factory.sale\/?post_type=product&#038;p=27835"},"modified":"2024-06-27T18:14:57","modified_gmt":"2024-06-27T18:14:57","slug":"polkupyorateline-u-luczek","status":"publish","type":"product","link":"https:\/\/factory.sale\/fi\/tuote\/polkupyorateline-u-luczek\/","title":{"rendered":"Polkupy\u00f6r\u00e4teline U Luczek"},"content":{"rendered":"<p><strong>Tuotetiedot:<\/strong><\/p>\n<ul>\n<li>Teline voidaan valmistaa galvanoidusta, maalatusta galvanoidusta tai rosteriputkesta.<\/li>\n<li>Voidaan betonoida tai ankkuroitu maahan.<\/li>\n<li>Mitat: 670 x 48,3 x 800 mm.<\/li>\n<\/ul>\n<p>&nbsp;<\/p>\n<p><em>*Hinnat koskevat galvanoidusta ter\u00e4ksest\u00e4 valmistettua telinett\u00e4.<\/em><\/p>\n<p>&nbsp;<\/p>\n<p>&nbsp;<\/p>\n","protected":false},"excerpt":{"rendered":"<p>Py\u00f6r\u00e4telineet sopivat kaupunkeihin, puistoihin, julkisiin tiloihin ja niit\u00e4 voidaan yhdist\u00e4\u00e4 muihin kaupunkikalusteisiin.<\/p>\n","protected":false},"featured_media":25257,"comment_status":"open","ping_status":"closed","template":"","meta":{"_acf_changed":false},"factory":[],"free-shipment":[],"product_brand":[],"product_cat":[1336,2582],"product_tag":[],"class_list":{"0":"post-27835","1":"product","2":"type-product","3":"status-publish","4":"has-post-thumbnail","6":"product_cat-kaupunkihuonekalut","7":"product_cat-polkupyoratelineet","9":"first","10":"instock","11":"sale","12":"taxable","13":"shipping-taxable","14":"purchasable","15":"product-type-simple"},"acf":[],"_links":{"self":[{"href":"https:\/\/factory.sale\/fi\/wp-json\/wp\/v2\/product\/27835","targetHints":{"allow":["GET"]}}],"collection":[{"href":"https:\/\/factory.sale\/fi\/wp-json\/wp\/v2\/product"}],"about":[{"href":"https:\/\/factory.sale\/fi\/wp-json\/wp\/v2\/types\/product"}],"replies":[{"embeddable":true,"href":"https:\/\/factory.sale\/fi\/wp-json\/wp\/v2\/comments?post=27835"}],"wp:featuredmedia":[{"embeddable":true,"href":"https:\/\/factory.sale\/fi\/wp-json\/wp\/v2\/media\/25257"}],"wp:attachment":[{"href":"https:\/\/factory.sale\/fi\/wp-json\/wp\/v2\/media?parent=27835"}],"wp:term":[{"taxonomy":"factory","embeddable":true,"href":"https:\/\/factory.sale\/fi\/wp-json\/wp\/v2\/factory?post=27835"},{"taxonomy":"free-shipment","embeddable":true,"href":"https:\/\/factory.sale\/fi\/wp-json\/wp\/v2\/free-shipment?post=27835"},{"taxonomy":"product_brand","embeddable":true,"href":"https:\/\/factory.sale\/fi\/wp-json\/wp\/v2\/product_brand?post=27835"},{"taxonomy":"product_cat","embeddable":true,"href":"https:\/\/factory.sale\/fi\/wp-json\/wp\/v2\/product_cat?post=27835"},{"taxonomy":"product_tag","embeddable":true,"href":"https:\/\/factory.sale\/fi\/wp-json\/wp\/v2\/product_tag?post=27835"}],"curies":[{"name":"wp","href":"https:\/\/api.w.org\/{rel}","templated":true}]}}