{"id":27828,"date":"2023-03-20T19:19:55","date_gmt":"2023-05-10T09:25:24","guid":{"rendered":"https:\/\/factory.sale\/?post_type=product&#038;p=27828"},"modified":"2024-06-29T18:29:58","modified_gmt":"2024-06-29T18:29:58","slug":"polkupyorateline-ug-5","status":"publish","type":"product","link":"https:\/\/factory.sale\/fi\/tuote\/polkupyorateline-ug-5\/","title":{"rendered":"Polkupy\u00f6r\u00e4teline UG-5"},"content":{"rendered":"<p><strong>Tuotetiedot:<\/strong><\/p>\n<ul>\n<li>Teline voidaan valmistaa galvanoidusta ja maalatusta tai ruostumattomasta ter\u00e4sprofiilista, joka on p\u00e4\u00e4llystetty kumilla suojatakseen py\u00f6r\u00e4n runkoa naarmuilta.<\/li>\n<li>Voidaan betonoida tai ankkuroida<\/li>\n<li>Mitat: 1000 x 56 x 800 mm<\/li>\n<\/ul>\n<p>&nbsp;<\/p>\n<p>*Hinnassa on esitetty teline galvanoidusta ja maalatusta ter\u00e4ksest\u00e4.<\/p>\n","protected":false},"excerpt":{"rendered":"<p>Py\u00f6r\u00e4telineet sopivat kaupunkeihin, puistoihin, julkisiin tiloihin ja ne voidaan yhdist\u00e4\u00e4 muihin kaupunkikalusteisiin.<\/p>\n","protected":false},"featured_media":25232,"comment_status":"open","ping_status":"closed","template":"","meta":{"_acf_changed":false},"factory":[],"free-shipment":[],"product_brand":[],"product_cat":[1336,2582],"product_tag":[],"class_list":{"0":"post-27828","1":"product","2":"type-product","3":"status-publish","4":"has-post-thumbnail","6":"product_cat-kaupunkihuonekalut","7":"product_cat-polkupyoratelineet","9":"first","10":"instock","11":"sale","12":"taxable","13":"shipping-taxable","14":"purchasable","15":"product-type-simple"},"acf":[],"_links":{"self":[{"href":"https:\/\/factory.sale\/fi\/wp-json\/wp\/v2\/product\/27828","targetHints":{"allow":["GET"]}}],"collection":[{"href":"https:\/\/factory.sale\/fi\/wp-json\/wp\/v2\/product"}],"about":[{"href":"https:\/\/factory.sale\/fi\/wp-json\/wp\/v2\/types\/product"}],"replies":[{"embeddable":true,"href":"https:\/\/factory.sale\/fi\/wp-json\/wp\/v2\/comments?post=27828"}],"wp:featuredmedia":[{"embeddable":true,"href":"https:\/\/factory.sale\/fi\/wp-json\/wp\/v2\/media\/25232"}],"wp:attachment":[{"href":"https:\/\/factory.sale\/fi\/wp-json\/wp\/v2\/media?parent=27828"}],"wp:term":[{"taxonomy":"factory","embeddable":true,"href":"https:\/\/factory.sale\/fi\/wp-json\/wp\/v2\/factory?post=27828"},{"taxonomy":"free-shipment","embeddable":true,"href":"https:\/\/factory.sale\/fi\/wp-json\/wp\/v2\/free-shipment?post=27828"},{"taxonomy":"product_brand","embeddable":true,"href":"https:\/\/factory.sale\/fi\/wp-json\/wp\/v2\/product_brand?post=27828"},{"taxonomy":"product_cat","embeddable":true,"href":"https:\/\/factory.sale\/fi\/wp-json\/wp\/v2\/product_cat?post=27828"},{"taxonomy":"product_tag","embeddable":true,"href":"https:\/\/factory.sale\/fi\/wp-json\/wp\/v2\/product_tag?post=27828"}],"curies":[{"name":"wp","href":"https:\/\/api.w.org\/{rel}","templated":true}]}}