{"id":27826,"date":"2023-03-20T19:12:24","date_gmt":"2023-05-10T09:23:30","guid":{"rendered":"https:\/\/factory.sale\/?post_type=product&#038;p=27826"},"modified":"2024-06-26T15:47:37","modified_gmt":"2024-06-26T15:47:37","slug":"polkupyorateline-ug-3","status":"publish","type":"product","link":"https:\/\/factory.sale\/fi\/tuote\/polkupyorateline-ug-3\/","title":{"rendered":"Polkupy\u00f6r\u00e4teline UG-3"},"content":{"rendered":"<p><strong>Tuotetiedot:<\/strong><\/p>\n<ul>\n<li>Teline voidaan valmistaa galvanoidusta ja maalatusta tai ruostumattomasta ter\u00e4sprofiilista, joka on p\u00e4\u00e4llystetty kumilla suojatakseen py\u00f6r\u00e4n runkoa naarmuilta<\/li>\n<li>Voi olla betonoitu tai ankkuroitu<\/li>\n<li>Mitat: 800 x 56 x 800 mm<\/li>\n<\/ul>\n<p>&nbsp;<\/p>\n<p><em>Hinta n\u00e4ytet\u00e4\u00e4n galvanoidusta ja maalatusta ter\u00e4ksest\u00e4 valmistetulle telineelle.<\/em><\/p>\n","protected":false},"excerpt":{"rendered":"<p>Polkupy\u00f6r\u00e4telineet sopivat kaupunkeihin, puistoihin, julkisiin tiloihin ja ne voidaan yhdist\u00e4\u00e4 muihin kaupunkikalusteisiin.<\/p>\n","protected":false},"featured_media":25222,"comment_status":"open","ping_status":"closed","template":"","meta":{"_acf_changed":false},"factory":[],"free-shipment":[],"product_brand":[],"product_cat":[1336,2582],"product_tag":[],"class_list":{"0":"post-27826","1":"product","2":"type-product","3":"status-publish","4":"has-post-thumbnail","6":"product_cat-kaupunkihuonekalut","7":"product_cat-polkupyoratelineet","9":"first","10":"instock","11":"sale","12":"taxable","13":"shipping-taxable","14":"purchasable","15":"product-type-simple"},"acf":[],"_links":{"self":[{"href":"https:\/\/factory.sale\/fi\/wp-json\/wp\/v2\/product\/27826","targetHints":{"allow":["GET"]}}],"collection":[{"href":"https:\/\/factory.sale\/fi\/wp-json\/wp\/v2\/product"}],"about":[{"href":"https:\/\/factory.sale\/fi\/wp-json\/wp\/v2\/types\/product"}],"replies":[{"embeddable":true,"href":"https:\/\/factory.sale\/fi\/wp-json\/wp\/v2\/comments?post=27826"}],"wp:featuredmedia":[{"embeddable":true,"href":"https:\/\/factory.sale\/fi\/wp-json\/wp\/v2\/media\/25222"}],"wp:attachment":[{"href":"https:\/\/factory.sale\/fi\/wp-json\/wp\/v2\/media?parent=27826"}],"wp:term":[{"taxonomy":"factory","embeddable":true,"href":"https:\/\/factory.sale\/fi\/wp-json\/wp\/v2\/factory?post=27826"},{"taxonomy":"free-shipment","embeddable":true,"href":"https:\/\/factory.sale\/fi\/wp-json\/wp\/v2\/free-shipment?post=27826"},{"taxonomy":"product_brand","embeddable":true,"href":"https:\/\/factory.sale\/fi\/wp-json\/wp\/v2\/product_brand?post=27826"},{"taxonomy":"product_cat","embeddable":true,"href":"https:\/\/factory.sale\/fi\/wp-json\/wp\/v2\/product_cat?post=27826"},{"taxonomy":"product_tag","embeddable":true,"href":"https:\/\/factory.sale\/fi\/wp-json\/wp\/v2\/product_tag?post=27826"}],"curies":[{"name":"wp","href":"https:\/\/api.w.org\/{rel}","templated":true}]}}