{"id":27824,"date":"2023-03-20T19:02:10","date_gmt":"2023-05-10T09:20:52","guid":{"rendered":"https:\/\/factory.sale\/?post_type=product&#038;p=27824"},"modified":"2024-06-26T19:04:11","modified_gmt":"2024-06-26T19:04:11","slug":"polkupyorateline-u-38","status":"publish","type":"product","link":"https:\/\/factory.sale\/fi\/tuote\/polkupyorateline-u-38\/","title":{"rendered":"Polkupy\u00f6r\u00e4teline U-38"},"content":{"rendered":"<p><strong>Tuotetiedot:<\/strong><\/p>\n<ul>\n<li>Teline voidaan valmistaa galvanoidusta, maalatusta tai rosteriputkesta, joka on p\u00e4\u00e4llystetty kumilla suojatakseen py\u00f6r\u00e4n runkoa naarmuilta<\/li>\n<li>Voidaan kiinnitt\u00e4\u00e4 betoniin tai ankkuroitua<\/li>\n<li>Mitat: 800 x 80 x 800 mm<\/li>\n<\/ul>\n<p>&nbsp;<\/p>\n<p>*Hinta koskee maalattua ja galvanoitua ter\u00e4stelinett\u00e4.<\/p>\n<p>&nbsp;<\/p>\n<p>&nbsp;<\/p>\n","protected":false},"excerpt":{"rendered":"<p>Polkupy\u00f6r\u00e4telineet sopivat kaupunkeihin, puistoihin, julkisiin tiloihin ja ne voidaan yhdist\u00e4\u00e4 muihin kaupunkikalusteisiin.<\/p>\n","protected":false},"featured_media":25211,"comment_status":"open","ping_status":"closed","template":"","meta":{"_acf_changed":false},"factory":[],"free-shipment":[],"product_brand":[],"product_cat":[1099,2353],"product_tag":[],"class_list":{"0":"post-27824","1":"product","2":"type-product","3":"status-publish","4":"has-post-thumbnail","6":"product_cat-urban-furniture","7":"product_cat-bicycle-racks","9":"first","10":"instock","11":"sale","12":"taxable","13":"shipping-taxable","14":"purchasable","15":"product-type-simple"},"acf":[],"_links":{"self":[{"href":"https:\/\/factory.sale\/fi\/wp-json\/wp\/v2\/product\/27824","targetHints":{"allow":["GET"]}}],"collection":[{"href":"https:\/\/factory.sale\/fi\/wp-json\/wp\/v2\/product"}],"about":[{"href":"https:\/\/factory.sale\/fi\/wp-json\/wp\/v2\/types\/product"}],"replies":[{"embeddable":true,"href":"https:\/\/factory.sale\/fi\/wp-json\/wp\/v2\/comments?post=27824"}],"wp:featuredmedia":[{"embeddable":true,"href":"https:\/\/factory.sale\/fi\/wp-json\/wp\/v2\/media\/25211"}],"wp:attachment":[{"href":"https:\/\/factory.sale\/fi\/wp-json\/wp\/v2\/media?parent=27824"}],"wp:term":[{"taxonomy":"factory","embeddable":true,"href":"https:\/\/factory.sale\/fi\/wp-json\/wp\/v2\/factory?post=27824"},{"taxonomy":"free-shipment","embeddable":true,"href":"https:\/\/factory.sale\/fi\/wp-json\/wp\/v2\/free-shipment?post=27824"},{"taxonomy":"product_brand","embeddable":true,"href":"https:\/\/factory.sale\/fi\/wp-json\/wp\/v2\/product_brand?post=27824"},{"taxonomy":"product_cat","embeddable":true,"href":"https:\/\/factory.sale\/fi\/wp-json\/wp\/v2\/product_cat?post=27824"},{"taxonomy":"product_tag","embeddable":true,"href":"https:\/\/factory.sale\/fi\/wp-json\/wp\/v2\/product_tag?post=27824"}],"curies":[{"name":"wp","href":"https:\/\/api.w.org\/{rel}","templated":true}]}}