{"id":27815,"date":"2023-05-10T08:05:17","date_gmt":"2023-05-10T08:47:51","guid":{"rendered":"https:\/\/factory.sale\/?post_type=product&#038;p=27815"},"modified":"2025-03-27T12:31:48","modified_gmt":"2025-03-27T09:31:48","slug":"ikopro-refresh-asphalt-20kg","status":"publish","type":"product","link":"https:\/\/factory.sale\/fi\/tuote\/ikopro-refresh-asphalt-20kg\/","title":{"rendered":"IKOpro Refresh Asphalt 20kg"},"content":{"rendered":"<p><strong>Tuotekoodi: ikoasp20<\/strong><\/p>\n<p>&nbsp;<\/p>\n<p>Refresh Asphalt \u2013 pinnoitusasfaltti eheytt\u00e4\u00e4 ja pinnoittaa kuluneita ja halkeilevia asfalttipintoja. Pinnoitusasfaltti soveltuu my\u00f6s joissain tapauksissa betonipintojen pinnoittamiseen. Asfaltin pinnoitus on helppo ja nopea toteuttaa.<br \/>\nRefresh Asphalt on emulsiomainen (nestem\u00e4inen asfaltti) massa, joka sis\u00e4lt\u00e4\u00e4 bitumiemulsiota, hartsia sek\u00e4 sideaineita. Tuote antaa vanhalle asfalttipinnalle vuosia lis\u00e4\u00e4 ik\u00e4\u00e4 sek\u00e4 uuden asfaltin ulkon\u00e4\u00f6n.<\/p>\n<p>&nbsp;<\/p>\n<p><strong>K\u00e4ytt\u00f6tarkoitus:<\/strong><\/p>\n<p>Refresh Asphalt eheytt\u00e4\u00e4 ja uudistaa kuluneita ja halkeilevia asfalttipintoja sek\u00e4 ennalta ehk\u00e4isee asfaltin hapertumista ja kivimateriaalin irtoamista. RAsfaltin pinnoitus my\u00f6s suojaa ja tasoittaa asfalttipintoja niiss\u00e4 kohteissa, joissa asfaltin pinta halkeilee ja on ep\u00e4tasainen.<br \/>\nPinnoitusasfaltti tasoittaa ja t\u00e4ytt\u00e4\u00e4 pienet halkeamat sek\u00e4 ehk\u00e4isee j\u00e4\u00e4tymis- ja kosteusvaurioita.<\/p>\n<p><strong>Ominaisuudet:<\/strong><\/p>\n<ul>\n<li>Liukumaton ja joustava pinta<\/li>\n<li>Eritt\u00e4in hyv\u00e4 l\u00e4mp\u00f6tilan kest\u00e4vyys<\/li>\n<li>Ei sis\u00e4ll\u00e4 liuottimia<\/li>\n<\/ul>\n<p>&nbsp;<\/p>\n<p><strong>Erityistuntomerkit:<\/strong><\/p>\n<ul>\n<li>V\u00e4ri: musta<\/li>\n<li>Tiheys: +\/- 1.2<\/li>\n<li>Viskositeetti 20\u00b0 C:ssa +\/- 7.000 cps<\/li>\n<li>Kuivumisaika 20\u00b0 C:ssa RH 50\u201360%<\/li>\n<li>Kosketuskuiva +\/- 8 tuntia<\/li>\n<li>Kuiva +\/- 24 tuntia<\/li>\n<li>Tuotteen pitoisuus painosta kuivana +\/- 55 %<\/li>\n<\/ul>\n<p>&nbsp;<\/p>\n<p><strong>K\u00e4ytt\u00f6ohje:<\/strong><\/p>\n<p>Pinnoitettavan pinnan on oltava vapaa irtoavasta liasta, rasvasta ja \u00f6ljyst\u00e4. \u00c4l\u00e4 k\u00e4yt\u00e4 tuotetta tervalla tai hiilell\u00e4 k\u00e4siteltyyn pintaan. Korjaa kuopat ja halkeamat Tinascoatilla tai Compound-massalla ennen Refresh Asphalt tuotteen levityst\u00e4.<\/p>\n<p>Tinascoatilla tai Compound-S 40 massalla korjaamisen j\u00e4lkeen tulee odottaa v\u00e4hint\u00e4\u00e4n kolme viikkoa ennen Refresh asphaltin asennusta.<\/p>\n<p>&nbsp;<\/p>\n<ul>\n<li>Sekoita Refresh asphalt ennen k\u00e4ytt\u00f6\u00e4.<\/li>\n<li>Levit\u00e4 tuote pinnalle kumilastalla tai pehme\u00e4ll\u00e4 harjalla.<\/li>\n<li>Uuteen asfalttiin asennettaessa, levit\u00e4 Refresh asphalt haaleaan pintaan.<\/li>\n<li>Pinnan l\u00e4mp\u00f6tilan tulee olla asennettaessa 10 \u2013 30\u00b0C.<\/li>\n<li>Ideaali l\u00e4mp\u00f6tila asennukselle on 15 \u2013 20\u00b0C.<\/li>\n<li>Kulutus: +\/- 1 kg \/ m2 \u2013 enint\u00e4\u00e4n 1,5 kg \/ m2.<\/li>\n<li>Ty\u00f6kalujen puhdistus v\u00e4litt\u00f6m\u00e4sti vedell\u00e4.<\/li>\n<li>Varastointi 6 kuukautta suojattuna j\u00e4\u00e4tymiselt\u00e4 ilmatiiviiss\u00e4 pakkauksessa.<\/li>\n<li>Pakkauskoko 20 ltr\/20 kg<\/li>\n<\/ul>\n<p>&nbsp;<\/p>\n<p><a href=\"https:\/\/factory.sale\/wp-content\/uploads\/2023\/05\/Refresh_Asphalt_EN.pdf\" target=\"_blank\" rel=\"noopener\">IKOpro<\/a><\/p>\n<div class=\"video-wrapper \"><iframe loading=\"lazy\" title=\"Asfaltin pinnoitus - Refresh Asphalt\" width=\"500\" height=\"281\" src=\"https:\/\/www.youtube.com\/embed\/3cNZ8JEZuws?feature=oembed\" frameborder=\"0\" allow=\"accelerometer; autoplay; clipboard-write; encrypted-media; gyroscope; picture-in-picture; web-share\" referrerpolicy=\"strict-origin-when-cross-origin\" allowfullscreen><\/iframe><\/div>\n","protected":false},"excerpt":{"rendered":"<p>Refresh Asphalt -asfalttipinnoite eheytt\u00e4\u00e4 ja pinnoittaa kuluneita ja halkeilevia asfalttipintoja, sek\u00e4 ennalta ehk\u00e4isee asfaltin hapertumista ja kivimateriaalin irtoamista. Asfaltin pinnoitus my\u00f6s suojaa ja tasoittaa asfalttipintoja niiss\u00e4 kohteissa, joissa asfaltin pinta halkeilee ja on ep\u00e4tasainen. Pinnoite tasoittaa ja t\u00e4ytt\u00e4\u00e4 pienet halkeamat sek\u00e4 ehk\u00e4isee j\u00e4\u00e4tymis- ja kosteusvaurioita.<\/p>\n<p>Refresh Asphalt \u2013 pinnoitusasfaltti antaa vanhalle asfalttipinnalle vuosia lis\u00e4\u00e4 ik\u00e4\u00e4 ja l\u00e4hes uuden asfaltin ulkon\u00e4\u00f6n. Pakkauskoko 20 kg.<\/p>\n","protected":false},"featured_media":27806,"comment_status":"open","ping_status":"closed","template":"","meta":{"_acf_changed":false},"factory":[],"free-shipment":[],"product_brand":[],"product_cat":[2452,1321],"product_tag":[],"class_list":{"0":"post-27815","1":"product","2":"type-product","3":"status-publish","4":"has-post-thumbnail","6":"product_cat-paallystys","7":"product_cat-yleinen-rakentaminen","9":"first","10":"instock","11":"sale","12":"taxable","13":"shipping-taxable","14":"purchasable","15":"product-type-simple"},"acf":[],"_links":{"self":[{"href":"https:\/\/factory.sale\/fi\/wp-json\/wp\/v2\/product\/27815","targetHints":{"allow":["GET"]}}],"collection":[{"href":"https:\/\/factory.sale\/fi\/wp-json\/wp\/v2\/product"}],"about":[{"href":"https:\/\/factory.sale\/fi\/wp-json\/wp\/v2\/types\/product"}],"replies":[{"embeddable":true,"href":"https:\/\/factory.sale\/fi\/wp-json\/wp\/v2\/comments?post=27815"}],"wp:featuredmedia":[{"embeddable":true,"href":"https:\/\/factory.sale\/fi\/wp-json\/wp\/v2\/media\/27806"}],"wp:attachment":[{"href":"https:\/\/factory.sale\/fi\/wp-json\/wp\/v2\/media?parent=27815"}],"wp:term":[{"taxonomy":"factory","embeddable":true,"href":"https:\/\/factory.sale\/fi\/wp-json\/wp\/v2\/factory?post=27815"},{"taxonomy":"free-shipment","embeddable":true,"href":"https:\/\/factory.sale\/fi\/wp-json\/wp\/v2\/free-shipment?post=27815"},{"taxonomy":"product_brand","embeddable":true,"href":"https:\/\/factory.sale\/fi\/wp-json\/wp\/v2\/product_brand?post=27815"},{"taxonomy":"product_cat","embeddable":true,"href":"https:\/\/factory.sale\/fi\/wp-json\/wp\/v2\/product_cat?post=27815"},{"taxonomy":"product_tag","embeddable":true,"href":"https:\/\/factory.sale\/fi\/wp-json\/wp\/v2\/product_tag?post=27815"}],"curies":[{"name":"wp","href":"https:\/\/api.w.org\/{rel}","templated":true}]}}