{"id":27791,"date":"2023-03-20T15:44:17","date_gmt":"2023-05-10T07:44:44","guid":{"rendered":"https:\/\/factory.sale\/?post_type=product&#038;p=27791"},"modified":"2024-06-27T22:59:14","modified_gmt":"2024-06-27T22:59:14","slug":"polkupyoratuki-u-16-levylla","status":"publish","type":"product","link":"https:\/\/factory.sale\/fi\/tuote\/polkupyoratuki-u-16-levylla\/","title":{"rendered":"Polkupy\u00f6r\u00e4tuki U-16 Levyll\u00e4"},"content":{"rendered":"<p>Polkupy\u00f6r\u00e4telineet sopivat kaupunkeihin, puistoihin, julkisiin tiloihin ja ne voidaan yhdist\u00e4\u00e4 muihin kaupunkikalusteisiin.<\/p>\n<p>&nbsp;<\/p>\n<p><strong>Tuotetiedot:<\/strong><\/p>\n<ul>\n<li>Teline voidaan valmistaa galvanoidusta tai ruostumattomasta ter\u00e4sputkesta<\/li>\n<li>Informaatiotaululla varustettu<\/li>\n<li>Voidaan betonoida tai kiinnitt\u00e4\u00e4 ankkurilla<\/li>\n<li>Mitat: 600\/800\/1000 x 48.3 x 800 mm<\/li>\n<\/ul>\n<p>&nbsp;<\/p>\n<p><em>*Ilmoitettu hinta koskee 600 x 800 mm, \u00d848.3 mm tukijalkaa, jossa on levypohja ja joka on valmistettu galvanoidusta ter\u00e4ksest\u00e4.<\/em><\/p>\n","protected":false},"excerpt":{"rendered":"<p>Polkupy\u00f6r\u00e4telineet sopivat kaupunkeihin, puistoihin, julkisiin tiloihin ja ne voidaan yhdist\u00e4\u00e4 muihin kaupunkikalusteisiin.<\/p>\n","protected":false},"featured_media":25157,"comment_status":"open","ping_status":"closed","template":"","meta":{"_acf_changed":false},"factory":[],"free-shipment":[],"product_brand":[],"product_cat":[1336,2582],"product_tag":[],"class_list":{"0":"post-27791","1":"product","2":"type-product","3":"status-publish","4":"has-post-thumbnail","6":"product_cat-kaupunkihuonekalut","7":"product_cat-polkupyoratelineet","9":"first","10":"instock","11":"sale","12":"taxable","13":"shipping-taxable","14":"purchasable","15":"product-type-simple"},"acf":[],"_links":{"self":[{"href":"https:\/\/factory.sale\/fi\/wp-json\/wp\/v2\/product\/27791","targetHints":{"allow":["GET"]}}],"collection":[{"href":"https:\/\/factory.sale\/fi\/wp-json\/wp\/v2\/product"}],"about":[{"href":"https:\/\/factory.sale\/fi\/wp-json\/wp\/v2\/types\/product"}],"replies":[{"embeddable":true,"href":"https:\/\/factory.sale\/fi\/wp-json\/wp\/v2\/comments?post=27791"}],"wp:featuredmedia":[{"embeddable":true,"href":"https:\/\/factory.sale\/fi\/wp-json\/wp\/v2\/media\/25157"}],"wp:attachment":[{"href":"https:\/\/factory.sale\/fi\/wp-json\/wp\/v2\/media?parent=27791"}],"wp:term":[{"taxonomy":"factory","embeddable":true,"href":"https:\/\/factory.sale\/fi\/wp-json\/wp\/v2\/factory?post=27791"},{"taxonomy":"free-shipment","embeddable":true,"href":"https:\/\/factory.sale\/fi\/wp-json\/wp\/v2\/free-shipment?post=27791"},{"taxonomy":"product_brand","embeddable":true,"href":"https:\/\/factory.sale\/fi\/wp-json\/wp\/v2\/product_brand?post=27791"},{"taxonomy":"product_cat","embeddable":true,"href":"https:\/\/factory.sale\/fi\/wp-json\/wp\/v2\/product_cat?post=27791"},{"taxonomy":"product_tag","embeddable":true,"href":"https:\/\/factory.sale\/fi\/wp-json\/wp\/v2\/product_tag?post=27791"}],"curies":[{"name":"wp","href":"https:\/\/api.w.org\/{rel}","templated":true}]}}