{"id":27787,"date":"2023-03-20T11:36:06","date_gmt":"2023-05-10T07:38:48","guid":{"rendered":"https:\/\/factory.sale\/?post_type=product&#038;p=27787"},"modified":"2024-07-01T11:15:58","modified_gmt":"2024-07-01T11:15:58","slug":"polkupyorotuki-u15-600x800-mm","status":"publish","type":"product","link":"https:\/\/factory.sale\/fi\/tuote\/polkupyorotuki-u15-600x800-mm\/","title":{"rendered":"Polkupy\u00f6r\u00e4tuki U15 600X800 mm"},"content":{"rendered":"<p>Polkupy\u00f6r\u00e4telineet sopivat kaupunkeihin, puistoihin, julkisiin tiloihin ja ne voidaan yhdist\u00e4\u00e4 muihin kaupunkikalusteisiin.<\/p>\n<p>&nbsp;<\/p>\n<p><strong>Tuotetiedot:<\/strong><\/p>\n<ul>\n<li>Teline voidaan valmistaa galvanoidusta, galvanoidusta ja maalatusta tai ruostumattomasta ter\u00e4sputkesta<\/li>\n<li>Voidaan betonoida tai kiinnitt\u00e4\u00e4 ankkurilla<\/li>\n<li>Mitat: 600\/800\/1000 x 800 mm<\/li>\n<li>Putken halkaisija: \u00d848.3\/60.3 mm<\/li>\n<\/ul>\n<p>&nbsp;<\/p>\n<p><em>*Ilmoitettu hinta koskee 600 x 800 mm, \u00d848.3 mm polkupy\u00f6r\u00e4tukea, joka on valmistettu galvanoidusta ter\u00e4ksest\u00e4.<\/em><\/p>\n","protected":false},"excerpt":{"rendered":"<p>Polkupy\u00f6r\u00e4telineet sopivat kaupunkeihin, puistoihin, julkisiin tiloihin ja ne voidaan yhdist\u00e4\u00e4 muihin kaupunkikalusteisiin.<\/p>\n","protected":false},"featured_media":25139,"comment_status":"open","ping_status":"closed","template":"","meta":{"_acf_changed":false},"factory":[],"free-shipment":[],"product_brand":[],"product_cat":[1336,2582],"product_tag":[872],"class_list":{"0":"post-27787","1":"product","2":"type-product","3":"status-publish","4":"has-post-thumbnail","6":"product_cat-kaupunkihuonekalut","7":"product_cat-polkupyoratelineet","8":"product_tag-steel-fi","10":"first","11":"instock","12":"sale","13":"taxable","14":"shipping-taxable","15":"purchasable","16":"product-type-simple"},"acf":[],"_links":{"self":[{"href":"https:\/\/factory.sale\/fi\/wp-json\/wp\/v2\/product\/27787","targetHints":{"allow":["GET"]}}],"collection":[{"href":"https:\/\/factory.sale\/fi\/wp-json\/wp\/v2\/product"}],"about":[{"href":"https:\/\/factory.sale\/fi\/wp-json\/wp\/v2\/types\/product"}],"replies":[{"embeddable":true,"href":"https:\/\/factory.sale\/fi\/wp-json\/wp\/v2\/comments?post=27787"}],"wp:featuredmedia":[{"embeddable":true,"href":"https:\/\/factory.sale\/fi\/wp-json\/wp\/v2\/media\/25139"}],"wp:attachment":[{"href":"https:\/\/factory.sale\/fi\/wp-json\/wp\/v2\/media?parent=27787"}],"wp:term":[{"taxonomy":"factory","embeddable":true,"href":"https:\/\/factory.sale\/fi\/wp-json\/wp\/v2\/factory?post=27787"},{"taxonomy":"free-shipment","embeddable":true,"href":"https:\/\/factory.sale\/fi\/wp-json\/wp\/v2\/free-shipment?post=27787"},{"taxonomy":"product_brand","embeddable":true,"href":"https:\/\/factory.sale\/fi\/wp-json\/wp\/v2\/product_brand?post=27787"},{"taxonomy":"product_cat","embeddable":true,"href":"https:\/\/factory.sale\/fi\/wp-json\/wp\/v2\/product_cat?post=27787"},{"taxonomy":"product_tag","embeddable":true,"href":"https:\/\/factory.sale\/fi\/wp-json\/wp\/v2\/product_tag?post=27787"}],"curies":[{"name":"wp","href":"https:\/\/api.w.org\/{rel}","templated":true}]}}