{"id":27774,"date":"2023-03-19T11:22:47","date_gmt":"2023-05-10T07:11:38","guid":{"rendered":"https:\/\/factory.sale\/?post_type=product&#038;p=27774"},"modified":"2025-04-14T15:32:36","modified_gmt":"2025-04-14T12:32:36","slug":"pinkki-romantico","status":"publish","type":"product","link":"https:\/\/factory.sale\/fi\/tuote\/pinkki-romantico\/","title":{"rendered":"Penkki Romantico"},"content":{"rendered":"<p>Valurauta tunnetaan ja arvostetaan sen vahvuudesta ja kest\u00e4vyydest\u00e4 sek\u00e4 siit\u00e4, ett\u00e4 siihen eiv\u00e4t vaikuta ulkoiset tekij\u00e4t tai esim. tulipalo.\u00a0Valurautatuotteita pidet\u00e4\u00e4n eritt\u00e4in vahvoina. Ulkok\u00e4ytt\u00f6\u00f6n tarkoitetut valurautapenkit eiv\u00e4t ole poikkeus. Jos valitset penkin valurautaisilla jaloilla, olet tyytyv\u00e4inen hankintaasi eritt\u00e4in pitk\u00e4\u00e4n, ja parasta on, ett\u00e4 sen huolto ei vaadi aikaa. Valurautainen penkki sopii mihin tahansa tilaan, siihen eiv\u00e4t vaikuta l\u00e4mp\u00f6tilan muutokset tai kosteus. Se on korroosionkest\u00e4v\u00e4, mutta t\u00e4rkeint\u00e4 on, ett\u00e4 se peitet\u00e4\u00e4n korroosionestoaineilla.<\/p>\n<p>&nbsp;<\/p>\n<p><strong>Tuotetiedot:<\/strong><\/p>\n<ul>\n<li>Ulkopenkki Romantico<\/li>\n<li>Pituus: 1800\/2000 m<\/li>\n<li>Jalat: valurauta<\/li>\n<li>Puulaji: trooppinen kovapuu<\/li>\n<li>Trooppiset kovapuulaudat: 40 x 37 mm<\/li>\n<li>P\u00e4\u00e4llystys: Jalat on esik\u00e4sitelty ja p\u00e4\u00e4llystetty kahdella kerroksella oksirone-maalia<\/li>\n<li>Trooppinen kovapuu on \u00f6ljytty<\/li>\n<li>Kiinnitys: M10 kiinnitysruuvit kiinnityst\u00e4 varten<\/li>\n<\/ul>\n<p>&nbsp;<\/p>\n<p>&nbsp;<\/p>\n","protected":false},"excerpt":{"rendered":"<p>Katso ymp\u00e4rillesi kodin l\u00e4hist\u00f6ll\u00e4 tai kaupungilla ja todenn\u00e4k\u00f6isesti n\u00e4et ainakin yhden penkin. T\u00e4m\u00e4 pienarkkitehtuurin elementti, jolle on ominaista korkea toiminnallisuus, sopii sek\u00e4 yksityiseen ett\u00e4 julkiseen infrastruktuuriin. Valurauta tunnetaan ja arvostetaan sen vahvuudesta ja kest\u00e4vyydest\u00e4 sek\u00e4 siit\u00e4, ett\u00e4 siihen eiv\u00e4t vaikuta ulkoiset tekij\u00e4t tai esim. tulipalo. Valurautatuotteita pidet\u00e4\u00e4n eritt\u00e4in vahvoina.<\/p>\n","protected":false},"featured_media":25054,"comment_status":"open","ping_status":"closed","template":"","meta":{"_acf_changed":false},"factory":[],"free-shipment":[],"product_brand":[],"product_cat":[1336,1337],"product_tag":[],"class_list":{"0":"post-27774","1":"product","2":"type-product","3":"status-publish","4":"has-post-thumbnail","6":"product_cat-kaupunkihuonekalut","7":"product_cat-penkit","9":"first","10":"instock","11":"sale","12":"taxable","13":"shipping-taxable","14":"purchasable","15":"product-type-simple"},"acf":[],"_links":{"self":[{"href":"https:\/\/factory.sale\/fi\/wp-json\/wp\/v2\/product\/27774","targetHints":{"allow":["GET"]}}],"collection":[{"href":"https:\/\/factory.sale\/fi\/wp-json\/wp\/v2\/product"}],"about":[{"href":"https:\/\/factory.sale\/fi\/wp-json\/wp\/v2\/types\/product"}],"replies":[{"embeddable":true,"href":"https:\/\/factory.sale\/fi\/wp-json\/wp\/v2\/comments?post=27774"}],"wp:featuredmedia":[{"embeddable":true,"href":"https:\/\/factory.sale\/fi\/wp-json\/wp\/v2\/media\/25054"}],"wp:attachment":[{"href":"https:\/\/factory.sale\/fi\/wp-json\/wp\/v2\/media?parent=27774"}],"wp:term":[{"taxonomy":"factory","embeddable":true,"href":"https:\/\/factory.sale\/fi\/wp-json\/wp\/v2\/factory?post=27774"},{"taxonomy":"free-shipment","embeddable":true,"href":"https:\/\/factory.sale\/fi\/wp-json\/wp\/v2\/free-shipment?post=27774"},{"taxonomy":"product_brand","embeddable":true,"href":"https:\/\/factory.sale\/fi\/wp-json\/wp\/v2\/product_brand?post=27774"},{"taxonomy":"product_cat","embeddable":true,"href":"https:\/\/factory.sale\/fi\/wp-json\/wp\/v2\/product_cat?post=27774"},{"taxonomy":"product_tag","embeddable":true,"href":"https:\/\/factory.sale\/fi\/wp-json\/wp\/v2\/product_tag?post=27774"}],"curies":[{"name":"wp","href":"https:\/\/api.w.org\/{rel}","templated":true}]}}