{"id":27772,"date":"2023-03-19T09:45:52","date_gmt":"2023-05-10T07:01:58","guid":{"rendered":"https:\/\/factory.sale\/?post_type=product&#038;p=27772"},"modified":"2024-06-27T11:12:50","modified_gmt":"2024-06-27T11:12:50","slug":"pinkki-plaza-real","status":"publish","type":"product","link":"https:\/\/factory.sale\/fi\/tuote\/pinkki-plaza-real\/","title":{"rendered":"Penkki Plaza Real"},"content":{"rendered":"<p>Valurauta tunnetaan ja arvostetaan sen lujuudesta ja sek\u00e4 ulkoisille vaikutuksille ja tulipalolle kest\u00e4vyydest\u00e4\u00e4n. Valurautatuotteita pidet\u00e4\u00e4n eritt\u00e4in vahvoina. Ulkok\u00e4ytt\u00f6\u00f6n tarkoitetut valurautapenkit eiv\u00e4t ole poikkeus. Jos valitset penkin valurautaisilla jaloilla, olet tyytyv\u00e4inen hankintaasi eritt\u00e4in pitk\u00e4\u00e4n, ja parasta on, ett\u00e4 sen huolto ei vaadi aikaa. Valurautainen penkki sopii mihin tahansa tilaan, siihen eiv\u00e4t vaikuta l\u00e4mp\u00f6tilan muutokset tai kosteus. Se on korroosionkest\u00e4v\u00e4, mutta t\u00e4rkeint\u00e4 on, ett\u00e4 se peitet\u00e4\u00e4n korroosionestoaineilla.<\/p>\n<p><strong>Tuotetiedot:<\/strong><\/p>\n<ul>\n<li>Pituus: 1800\/2000 mm x 755 x korkeus 771 mm<\/li>\n<li>Jalat: takorauta<\/li>\n<li>Puulaji: trooppinen kovapuu<\/li>\n<li>Mahonki upotus<\/li>\n<li>Tiedot: Valurautajalat ja 19 trooppista kovapuulevy\u00e4 40 x 37 mm<\/li>\n<li>Ruuvit ruostumattomasta ter\u00e4ksest\u00e4<\/li>\n<li>P\u00e4\u00e4llystys: Jalat on esik\u00e4sitelty ja p\u00e4\u00e4llystetty kahdella kerroksella oksirone-maalia. Trooppinen kovapuu on \u00f6ljytty valitussa v\u00e4riss\u00e4.<\/li>\n<li>Kiinnitys: M10 kiinnitysruuvit kiinnityst\u00e4 varten<\/li>\n<li>Paino: 61 kg<\/li>\n<\/ul>\n","protected":false},"excerpt":{"rendered":"<p>Katso ymp\u00e4rillesi kodin l\u00e4hist\u00f6ll\u00e4 tai kaupungilla ja todenn\u00e4k\u00f6isesti n\u00e4et ainakin yhden penkin. T\u00e4m\u00e4 pienarkkitehtuurin elementti, jolle on ominaista korkea toiminnallisuus, sopii sek\u00e4 yksityiseen ett\u00e4 julkiseen infrastruktuuriin. Valurauta tunnetaan ja arvostetaan sen lujuudesta ja sek\u00e4 ulkoisille vaikutuksille ja tulipalolle kest\u00e4vyydest\u00e4\u00e4n. Valurautatuotteita pidet\u00e4\u00e4n eritt\u00e4in vahvoina.<\/p>\n","protected":false},"featured_media":25042,"comment_status":"open","ping_status":"closed","template":"","meta":{"_acf_changed":false},"factory":[],"free-shipment":[],"product_brand":[],"product_cat":[1336,1337],"product_tag":[],"class_list":{"0":"post-27772","1":"product","2":"type-product","3":"status-publish","4":"has-post-thumbnail","6":"product_cat-kaupunkihuonekalut","7":"product_cat-penkit","9":"first","10":"instock","11":"sale","12":"taxable","13":"shipping-taxable","14":"purchasable","15":"product-type-simple"},"acf":[],"_links":{"self":[{"href":"https:\/\/factory.sale\/fi\/wp-json\/wp\/v2\/product\/27772","targetHints":{"allow":["GET"]}}],"collection":[{"href":"https:\/\/factory.sale\/fi\/wp-json\/wp\/v2\/product"}],"about":[{"href":"https:\/\/factory.sale\/fi\/wp-json\/wp\/v2\/types\/product"}],"replies":[{"embeddable":true,"href":"https:\/\/factory.sale\/fi\/wp-json\/wp\/v2\/comments?post=27772"}],"wp:featuredmedia":[{"embeddable":true,"href":"https:\/\/factory.sale\/fi\/wp-json\/wp\/v2\/media\/25042"}],"wp:attachment":[{"href":"https:\/\/factory.sale\/fi\/wp-json\/wp\/v2\/media?parent=27772"}],"wp:term":[{"taxonomy":"factory","embeddable":true,"href":"https:\/\/factory.sale\/fi\/wp-json\/wp\/v2\/factory?post=27772"},{"taxonomy":"free-shipment","embeddable":true,"href":"https:\/\/factory.sale\/fi\/wp-json\/wp\/v2\/free-shipment?post=27772"},{"taxonomy":"product_brand","embeddable":true,"href":"https:\/\/factory.sale\/fi\/wp-json\/wp\/v2\/product_brand?post=27772"},{"taxonomy":"product_cat","embeddable":true,"href":"https:\/\/factory.sale\/fi\/wp-json\/wp\/v2\/product_cat?post=27772"},{"taxonomy":"product_tag","embeddable":true,"href":"https:\/\/factory.sale\/fi\/wp-json\/wp\/v2\/product_tag?post=27772"}],"curies":[{"name":"wp","href":"https:\/\/api.w.org\/{rel}","templated":true}]}}