{"id":27767,"date":"2023-03-19T08:17:39","date_gmt":"2023-05-09T22:25:42","guid":{"rendered":"https:\/\/factory.sale\/?post_type=product&#038;p=27767"},"modified":"2024-06-27T15:36:09","modified_gmt":"2024-06-27T15:36:09","slug":"penkki-vilnius-ilman-selkanojaa","status":"publish","type":"product","link":"https:\/\/factory.sale\/fi\/tuote\/penkki-vilnius-ilman-selkanojaa\/","title":{"rendered":"Penkki VILNIUS ilman selk\u00e4nojaa"},"content":{"rendered":"<p>Katso ymp\u00e4rillesi kodin l\u00e4hist\u00f6ll\u00e4 tai kaupungissa ja todenn\u00e4k\u00f6isesti n\u00e4et ainakin yhden penkin. T\u00e4m\u00e4 pieni arkkitehtuurielementti, joka on tunnettu korkeasta toiminnallisuudestaan, sopii sek\u00e4 yksityiseen ett\u00e4 julkiseen infrastruktuuriin.<\/p>\n<p>&nbsp;<\/p>\n<p><strong>Tuotetiedot:<\/strong><\/p>\n<ul>\n<li>Mitat 2000\/1800 x 570 x 870 mm<\/li>\n<li>Jalat ovat galvanoitua ja maalattua ter\u00e4st\u00e4<\/li>\n<li>Puulajina on trooppinen kovapuu<\/li>\n<li>Kaksi jalkaa<\/li>\n<li>Laudan mitat 2000\/1800 x 190 x 35 mm<\/li>\n<li>Istuinosa: 2 lautaa<\/li>\n<li>Puupinta on k\u00e4sitelty v\u00e4ritt\u00f6m\u00e4ll\u00e4 \u00f6ljyll\u00e4.<\/li>\n<\/ul>\n<p>&nbsp;<\/p>\n<p>&nbsp;<\/p>\n","protected":false},"excerpt":{"rendered":"<p>Katso ymp\u00e4rillesi kodin l\u00e4hist\u00f6ll\u00e4 tai kaupungissa ja todenn\u00e4k\u00f6isesti n\u00e4et ainakin yhden penkin. T\u00e4m\u00e4 pieni arkkitehtuurielementti, joka on tunnettu korkeasta toiminnallisuudestaan, sopii sek\u00e4 yksityiseen ett\u00e4 julkiseen infrastruktuuriin.<\/p>\n","protected":false},"featured_media":25033,"comment_status":"open","ping_status":"closed","template":"","meta":{"_acf_changed":false},"factory":[],"free-shipment":[],"product_brand":[],"product_cat":[1336,1337],"product_tag":[],"class_list":{"0":"post-27767","1":"product","2":"type-product","3":"status-publish","4":"has-post-thumbnail","6":"product_cat-kaupunkihuonekalut","7":"product_cat-penkit","9":"first","10":"instock","11":"sale","12":"taxable","13":"shipping-taxable","14":"purchasable","15":"product-type-simple"},"acf":[],"_links":{"self":[{"href":"https:\/\/factory.sale\/fi\/wp-json\/wp\/v2\/product\/27767","targetHints":{"allow":["GET"]}}],"collection":[{"href":"https:\/\/factory.sale\/fi\/wp-json\/wp\/v2\/product"}],"about":[{"href":"https:\/\/factory.sale\/fi\/wp-json\/wp\/v2\/types\/product"}],"replies":[{"embeddable":true,"href":"https:\/\/factory.sale\/fi\/wp-json\/wp\/v2\/comments?post=27767"}],"wp:featuredmedia":[{"embeddable":true,"href":"https:\/\/factory.sale\/fi\/wp-json\/wp\/v2\/media\/25033"}],"wp:attachment":[{"href":"https:\/\/factory.sale\/fi\/wp-json\/wp\/v2\/media?parent=27767"}],"wp:term":[{"taxonomy":"factory","embeddable":true,"href":"https:\/\/factory.sale\/fi\/wp-json\/wp\/v2\/factory?post=27767"},{"taxonomy":"free-shipment","embeddable":true,"href":"https:\/\/factory.sale\/fi\/wp-json\/wp\/v2\/free-shipment?post=27767"},{"taxonomy":"product_brand","embeddable":true,"href":"https:\/\/factory.sale\/fi\/wp-json\/wp\/v2\/product_brand?post=27767"},{"taxonomy":"product_cat","embeddable":true,"href":"https:\/\/factory.sale\/fi\/wp-json\/wp\/v2\/product_cat?post=27767"},{"taxonomy":"product_tag","embeddable":true,"href":"https:\/\/factory.sale\/fi\/wp-json\/wp\/v2\/product_tag?post=27767"}],"curies":[{"name":"wp","href":"https:\/\/api.w.org\/{rel}","templated":true}]}}