{"id":27765,"date":"2023-03-17T10:33:51","date_gmt":"2023-05-09T22:19:46","guid":{"rendered":"https:\/\/factory.sale\/?post_type=product&#038;p=27765"},"modified":"2024-06-25T17:01:42","modified_gmt":"2024-06-25T17:01:42","slug":"betonpenkki-quadro-ilman-selkanojaa","status":"publish","type":"product","link":"https:\/\/factory.sale\/fi\/tuote\/betonpenkki-quadro-ilman-selkanojaa\/","title":{"rendered":"Betonpenkki QUADRO ilman selk\u00e4nojaa"},"content":{"rendered":"<p>Katsotpa ymp\u00e4rillesi kodin l\u00e4hist\u00f6ll\u00e4 tai kaupungilla, todenn\u00e4k\u00f6isesti n\u00e4et ainakin yhden penkin. T\u00e4m\u00e4 pienarkkitehtuurin elementti, joka on tunnettu korkeasta toimivuudestaan, sopii sek\u00e4 yksityisiin ett\u00e4 julkisiin rakenteisiin. Betonipenkit sopivat hyvin virkistysalueille kaupungissa, puistoissa tai esimerkiksi julkisten laitosten l\u00e4heisyydess\u00e4. Betonipenkit ovat massiivisia ja kest\u00e4vi\u00e4. Lis\u00e4ksi ne ovat pysyvi\u00e4, joten ne ovat eritt\u00e4in k\u00e4yt\u00e4nn\u00f6llinen ratkaisu t\u00e4llaisissa paikoissa. Betonipenkit sopivat my\u00f6s puutarhoihin. Ne ovat erinomainen valinta modernin ymp\u00e4rist\u00f6suunnittelun luomiseen.<\/p>\n<p>&nbsp;<\/p>\n<p><strong>Tuotetiedot:<\/strong><\/p>\n<ul>\n<li>Betonipenkin jalkojen mitat: 490 x 200 x korkeus 450 mm<\/li>\n<li>Puulaji: trooppinen kovapuu, \u00f6ljytty<\/li>\n<li>Trooppisen puun mitat: 65 x 45 x 1800 mm \u2013 6 kpl<\/li>\n<li>Ter\u00e4sosat \u2013 kuumasinkitty, 5 mm paksu ter\u00e4s<\/li>\n<li>Penkin puuosan pituus: 1800 mm<\/li>\n<li>Penkin mitat: 2000 x 490 x korkeus 450 mm<\/li>\n<li>Paino: 130 kg<\/li>\n<li>Betoniluokka: C 30\/37<\/li>\n<\/ul>\n<p>&nbsp;<\/p>\n<p><strong>Vaihtoehdot:<\/strong><\/p>\n<ul>\n<li>Betonipinta ilman koristelua<\/li>\n<li>Muut v\u00e4rivaihtoehdot kiville<\/li>\n<li>Puuvaha vaihtoehdot<\/li>\n<li>Penkki voidaan valmistaa lyhyemp\u00e4n\u00e4<\/li>\n<\/ul>\n<p>Voidaan yhdist\u00e4\u00e4 betonij\u00e4teastiaan <a href=\"https:\/\/factory.sale\/product\/concrete-trash-can-fb004-kuba-h-with-pebble-decoration\/\" target=\"_blank\" rel=\"noopener\">FB004 KUBA H<\/a><\/p>\n<p>&nbsp;<\/p>\n","protected":false},"excerpt":{"rendered":"<p>Katsotpa ymp\u00e4rillesi kodin l\u00e4hist\u00f6ll\u00e4 tai kaupungilla, todenn\u00e4k\u00f6isesti n\u00e4et ainakin yhden penkin. T\u00e4m\u00e4 pienarkkitehtuurin elementti, joka on tunnettu korkeasta toimivuudestaan, sopii sek\u00e4 yksityisiin ett\u00e4 julkisiin rakenteisiin. Betonipenkit sopivat hyvin virkistysalueille kaupungissa, puistoissa tai esimerkiksi julkisten laitosten l\u00e4heisyydess\u00e4. Betonipenkit ovat massiivisia ja kest\u00e4vi\u00e4. Lis\u00e4ksi ne ovat pysyvi\u00e4, joten ne ovat eritt\u00e4in k\u00e4yt\u00e4nn\u00f6llinen ratkaisu t\u00e4llaisissa paikoissa. Betonipenkit sopivat my\u00f6s puutarhoihin. Ne ovat erinomainen valinta modernin ymp\u00e4rist\u00f6suunnittelun luomiseen.<\/p>\n","protected":false},"featured_media":25011,"comment_status":"open","ping_status":"closed","template":"","meta":{"_acf_changed":false},"factory":[],"free-shipment":[],"product_brand":[],"product_cat":[1336,1337],"product_tag":[],"class_list":{"0":"post-27765","1":"product","2":"type-product","3":"status-publish","4":"has-post-thumbnail","6":"product_cat-kaupunkihuonekalut","7":"product_cat-penkit","9":"first","10":"instock","11":"sale","12":"taxable","13":"shipping-taxable","14":"purchasable","15":"product-type-simple"},"acf":[],"_links":{"self":[{"href":"https:\/\/factory.sale\/fi\/wp-json\/wp\/v2\/product\/27765","targetHints":{"allow":["GET"]}}],"collection":[{"href":"https:\/\/factory.sale\/fi\/wp-json\/wp\/v2\/product"}],"about":[{"href":"https:\/\/factory.sale\/fi\/wp-json\/wp\/v2\/types\/product"}],"replies":[{"embeddable":true,"href":"https:\/\/factory.sale\/fi\/wp-json\/wp\/v2\/comments?post=27765"}],"wp:featuredmedia":[{"embeddable":true,"href":"https:\/\/factory.sale\/fi\/wp-json\/wp\/v2\/media\/25011"}],"wp:attachment":[{"href":"https:\/\/factory.sale\/fi\/wp-json\/wp\/v2\/media?parent=27765"}],"wp:term":[{"taxonomy":"factory","embeddable":true,"href":"https:\/\/factory.sale\/fi\/wp-json\/wp\/v2\/factory?post=27765"},{"taxonomy":"free-shipment","embeddable":true,"href":"https:\/\/factory.sale\/fi\/wp-json\/wp\/v2\/free-shipment?post=27765"},{"taxonomy":"product_brand","embeddable":true,"href":"https:\/\/factory.sale\/fi\/wp-json\/wp\/v2\/product_brand?post=27765"},{"taxonomy":"product_cat","embeddable":true,"href":"https:\/\/factory.sale\/fi\/wp-json\/wp\/v2\/product_cat?post=27765"},{"taxonomy":"product_tag","embeddable":true,"href":"https:\/\/factory.sale\/fi\/wp-json\/wp\/v2\/product_tag?post=27765"}],"curies":[{"name":"wp","href":"https:\/\/api.w.org\/{rel}","templated":true}]}}