{"id":27763,"date":"2023-03-17T10:13:33","date_gmt":"2023-05-09T22:16:42","guid":{"rendered":"https:\/\/factory.sale\/?post_type=product&#038;p=27763"},"modified":"2024-06-25T16:55:50","modified_gmt":"2024-06-25T16:55:50","slug":"betonipenkki-smis-selkanojalla","status":"publish","type":"product","link":"https:\/\/factory.sale\/fi\/tuote\/betonipenkki-smis-selkanojalla\/","title":{"rendered":"Betonipenkki SMIS selk\u00e4nojalla"},"content":{"rendered":"<p>Katso ymp\u00e4rillesi kodin l\u00e4hist\u00f6ll\u00e4 tai kaupungilla, ja todenn\u00e4k\u00f6isesti n\u00e4et ainakin yhden penkin. T\u00e4m\u00e4 korkean toiminnallisuuden piirre pienten arkkitehtuurien joukossa sopii sek\u00e4 yksityiseen ett\u00e4 julkiseen infrastruktuuriin. Betonipenkit sopivat virkistysalueille kaupungissa, puistoissa tai esimerkiksi julkisten laitosten l\u00e4heisyydess\u00e4. Betonipenkit ovat massiivisia ja kest\u00e4vi\u00e4, lis\u00e4ksi ne ovat pysyvi\u00e4, joten ne ovat eritt\u00e4in k\u00e4yt\u00e4nn\u00f6llinen ratkaisu t\u00e4llaisiin paikkoihin. Betonipenkit sopivat my\u00f6s puutarhoihin. Ne ovat erinomainen valinta modernin ymp\u00e4rist\u00f6n suunnittelussa.<\/p>\n<p>&nbsp;<\/p>\n<p><strong>Tuotetiedot:<\/strong><\/p>\n<ul>\n<li>Betonipenkkien jalkojen mitat: 490 x 200 x korkeus 450 mm<\/li>\n<li>Puumateriaali: trooppinen kovapuu, \u00f6ljytty<\/li>\n<li>Trooppisen puun mitat: 110 x 35 x 1800 mm ja 100 x 30 x 1800 mm<\/li>\n<li>Ter\u00e4smateriaali: kuumasinkitty, 5 mm paksu ter\u00e4s<\/li>\n<li>Penkin mitat: 2200 x 490 x korkeus 830 mm<\/li>\n<li>Istuinkorkeus: 450 mm korkeus<\/li>\n<li>Paino: 140 kg<\/li>\n<li>Betonin luokka: C 30\/37<\/li>\n<\/ul>\n<p>&nbsp;<\/p>\n<p><strong>Vaihtoehdot:<\/strong><\/p>\n<ul>\n<li>Betoni ilman koristeluja<\/li>\n<li>Muut v\u00e4rit kiville<\/li>\n<li>Puun \u00f6ljys\u00e4vyt<\/li>\n<li>Penkki voi olla lyhyempi<\/li>\n<\/ul>\n<p>&nbsp;<\/p>\n<p>Voidaan yhdist\u00e4\u00e4 betonipenkkien <a href=\"https:\/\/factory.sale\/product\/concrete-trash-can-fb001-smis-with-pebble-finish\/\" target=\"_blank\" rel=\"noopener\">SMIS kanssa<\/a><\/p>\n<p>&nbsp;<\/p>\n","protected":false},"excerpt":{"rendered":"<p>Katso ymp\u00e4rillesi kodin l\u00e4hist\u00f6ll\u00e4 tai kaupungilla, ja todenn\u00e4k\u00f6isesti n\u00e4et ainakin yhden penkin. T\u00e4m\u00e4 korkean toiminnallisuuden piirre pienten arkkitehtuurien joukossa sopii sek\u00e4 yksityiseen ett\u00e4 julkiseen infrastruktuuriin. Betonipenkit sopivat virkistysalueille kaupungissa, puistoissa tai esimerkiksi julkisten laitosten l\u00e4heisyydess\u00e4. Betonipenkit ovat massiivisia ja kest\u00e4vi\u00e4, lis\u00e4ksi ne ovat pysyvi\u00e4, joten ne ovat eritt\u00e4in k\u00e4yt\u00e4nn\u00f6llinen ratkaisu t\u00e4llaisiin paikkoihin. Betonipenkit sopivat my\u00f6s puutarhoihin. Ne ovat erinomainen valinta modernin ymp\u00e4rist\u00f6n suunnittelussa.<\/p>\n","protected":false},"featured_media":25001,"comment_status":"open","ping_status":"closed","template":"","meta":{"_acf_changed":false},"factory":[],"free-shipment":[],"product_brand":[],"product_cat":[1336,1337],"product_tag":[],"class_list":{"0":"post-27763","1":"product","2":"type-product","3":"status-publish","4":"has-post-thumbnail","6":"product_cat-kaupunkihuonekalut","7":"product_cat-penkit","9":"first","10":"instock","11":"sale","12":"taxable","13":"shipping-taxable","14":"purchasable","15":"product-type-simple"},"acf":[],"_links":{"self":[{"href":"https:\/\/factory.sale\/fi\/wp-json\/wp\/v2\/product\/27763","targetHints":{"allow":["GET"]}}],"collection":[{"href":"https:\/\/factory.sale\/fi\/wp-json\/wp\/v2\/product"}],"about":[{"href":"https:\/\/factory.sale\/fi\/wp-json\/wp\/v2\/types\/product"}],"replies":[{"embeddable":true,"href":"https:\/\/factory.sale\/fi\/wp-json\/wp\/v2\/comments?post=27763"}],"wp:featuredmedia":[{"embeddable":true,"href":"https:\/\/factory.sale\/fi\/wp-json\/wp\/v2\/media\/25001"}],"wp:attachment":[{"href":"https:\/\/factory.sale\/fi\/wp-json\/wp\/v2\/media?parent=27763"}],"wp:term":[{"taxonomy":"factory","embeddable":true,"href":"https:\/\/factory.sale\/fi\/wp-json\/wp\/v2\/factory?post=27763"},{"taxonomy":"free-shipment","embeddable":true,"href":"https:\/\/factory.sale\/fi\/wp-json\/wp\/v2\/free-shipment?post=27763"},{"taxonomy":"product_brand","embeddable":true,"href":"https:\/\/factory.sale\/fi\/wp-json\/wp\/v2\/product_brand?post=27763"},{"taxonomy":"product_cat","embeddable":true,"href":"https:\/\/factory.sale\/fi\/wp-json\/wp\/v2\/product_cat?post=27763"},{"taxonomy":"product_tag","embeddable":true,"href":"https:\/\/factory.sale\/fi\/wp-json\/wp\/v2\/product_tag?post=27763"}],"curies":[{"name":"wp","href":"https:\/\/api.w.org\/{rel}","templated":true}]}}