{"id":27761,"date":"2023-03-17T09:47:58","date_gmt":"2023-05-09T22:12:51","guid":{"rendered":"https:\/\/factory.sale\/?post_type=product&#038;p=27761"},"modified":"2024-06-29T01:32:06","modified_gmt":"2024-06-29T01:32:06","slug":"betonipenkki-smis-ilman-selkanojaa","status":"publish","type":"product","link":"https:\/\/factory.sale\/fi\/tuote\/betonipenkki-smis-ilman-selkanojaa\/","title":{"rendered":"Betonipenkki SMIS ilman selk\u00e4nojaa"},"content":{"rendered":"<div class=\"woocommerce-tabs wc-tabs-wrapper\">\n<div id=\"tab-description\" class=\"woocommerce-Tabs-panel woocommerce-Tabs-panel--description panel entry-content wc-tab\" role=\"tabpanel\" aria-labelledby=\"tab-title-description\">\n<p>Katso ymp\u00e4rillesi kodin l\u00e4hist\u00f6ll\u00e4 tai kaupungilla ja todenn\u00e4k\u00f6isesti n\u00e4et v\u00e4hint\u00e4\u00e4n yhden penkin. T\u00e4m\u00e4 pienarkkitehtuurin elementti, joka on tunnettu korkeasta toiminnallisuudestaan, sopii sek\u00e4 yksityiseen ett\u00e4 julkiseen infrastruktuuriin. Betonipenkit sopivat erinomaisesti virkistysalueille kaupungissa, puistossa tai esimerkiksi julkisten laitosten l\u00e4heisyydess\u00e4. Betonipenkit ovat massiivisia ja kest\u00e4vi\u00e4, lis\u00e4ksi ne ovat kiinteit\u00e4, joten ne ovat eritt\u00e4in k\u00e4yt\u00e4nn\u00f6llisi\u00e4 t\u00e4llaisissa paikoissa. Betonipenkit sopivat hyvin my\u00f6s puutarhoihin. Ne ovat erinomainen valinta modernin ymp\u00e4rist\u00f6suunnittelun luomiseen.<\/p>\n<p>&nbsp;<\/p>\n<p><strong>Tuotetiedot:<\/strong><\/p>\n<ul>\n<li>Betonipenkkien jalkojen mitat: 490 x 200 x korkeus 450 mm<\/li>\n<li>Puumateriaali: Trooppinen kovapuu, \u00f6ljytty<\/li>\n<li>Trooppinen kovapuu mitat: 110 x 35 x 1800 mm ja 100 x 30 x 1800 mm<\/li>\n<li>Ter\u00e4ksest\u00e4 valmistetut osat: Kuumasinkitty, 5 mm paksu ter\u00e4s<\/li>\n<li>Penkin puuosan pituus on 1800 mm<\/li>\n<li>Penkin mitat: 2200 x 490 x korkeus 450 mm<\/li>\n<li>Paino: 130 kg<\/li>\n<li>Betoniluokka: C30\/37<\/li>\n<\/ul>\n<p>&nbsp;<\/p>\n<p><strong>Vaihtoehdot:<\/strong><\/p>\n<ul>\n<li>Betonipinta ilman koristelua<\/li>\n<li>Muut v\u00e4rivaihtoehdot kiville<\/li>\n<li>Eri \u00f6ljys\u00e4vyt puulle<\/li>\n<li>Penkki voidaan lyhent\u00e4\u00e4<\/li>\n<\/ul>\n<p>Yhdistett\u00e4viss\u00e4 betonij\u00e4tep\u00f6ntt\u00f6\u00f6n <a href=\"https:\/\/factory.sale\/product\/concrete-trash-can-fb001-smis-with-pebble-finish\/\" target=\"_blank\" rel=\"noopener\">SMIS<\/a><\/p>\n<p>&nbsp;<\/p>\n<p>&nbsp;<\/p>\n<p>&nbsp;<\/p>\n<\/div>\n<\/div>\n","protected":false},"excerpt":{"rendered":"<p>Katso ymp\u00e4rillesi kodin l\u00e4hist\u00f6ll\u00e4 tai kaupungilla ja todenn\u00e4k\u00f6isesti n\u00e4et v\u00e4hint\u00e4\u00e4n yhden penkin. T\u00e4m\u00e4 pienarkkitehtuurin elementti, joka on tunnettu korkeasta toiminnallisuudestaan, sopii sek\u00e4 yksityiseen ett\u00e4 julkiseen infrastruktuuriin. Betonipenkit sopivat erinomaisesti virkistysalueille kaupungissa, puistossa tai esimerkiksi julkisten laitosten l\u00e4heisyydess\u00e4. Betonipenkit ovat massiivisia ja kest\u00e4vi\u00e4, lis\u00e4ksi ne ovat kiinteit\u00e4, joten ne ovat eritt\u00e4in k\u00e4yt\u00e4nn\u00f6llisi\u00e4 t\u00e4llaisissa paikoissa. Betonipenkit sopivat hyvin my\u00f6s puutarhoihin. Ne ovat erinomainen valinta modernin ymp\u00e4rist\u00f6suunnittelun luomiseen.<\/p>\n","protected":false},"featured_media":24985,"comment_status":"open","ping_status":"closed","template":"","meta":{"_acf_changed":false},"factory":[],"free-shipment":[],"product_brand":[],"product_cat":[1336,1337],"product_tag":[],"class_list":{"0":"post-27761","1":"product","2":"type-product","3":"status-publish","4":"has-post-thumbnail","6":"product_cat-kaupunkihuonekalut","7":"product_cat-penkit","9":"first","10":"instock","11":"sale","12":"taxable","13":"shipping-taxable","14":"purchasable","15":"product-type-simple"},"acf":[],"_links":{"self":[{"href":"https:\/\/factory.sale\/fi\/wp-json\/wp\/v2\/product\/27761","targetHints":{"allow":["GET"]}}],"collection":[{"href":"https:\/\/factory.sale\/fi\/wp-json\/wp\/v2\/product"}],"about":[{"href":"https:\/\/factory.sale\/fi\/wp-json\/wp\/v2\/types\/product"}],"replies":[{"embeddable":true,"href":"https:\/\/factory.sale\/fi\/wp-json\/wp\/v2\/comments?post=27761"}],"wp:featuredmedia":[{"embeddable":true,"href":"https:\/\/factory.sale\/fi\/wp-json\/wp\/v2\/media\/24985"}],"wp:attachment":[{"href":"https:\/\/factory.sale\/fi\/wp-json\/wp\/v2\/media?parent=27761"}],"wp:term":[{"taxonomy":"factory","embeddable":true,"href":"https:\/\/factory.sale\/fi\/wp-json\/wp\/v2\/factory?post=27761"},{"taxonomy":"free-shipment","embeddable":true,"href":"https:\/\/factory.sale\/fi\/wp-json\/wp\/v2\/free-shipment?post=27761"},{"taxonomy":"product_brand","embeddable":true,"href":"https:\/\/factory.sale\/fi\/wp-json\/wp\/v2\/product_brand?post=27761"},{"taxonomy":"product_cat","embeddable":true,"href":"https:\/\/factory.sale\/fi\/wp-json\/wp\/v2\/product_cat?post=27761"},{"taxonomy":"product_tag","embeddable":true,"href":"https:\/\/factory.sale\/fi\/wp-json\/wp\/v2\/product_tag?post=27761"}],"curies":[{"name":"wp","href":"https:\/\/api.w.org\/{rel}","templated":true}]}}