{"id":27757,"date":"2023-03-17T08:43:05","date_gmt":"2023-05-09T22:02:18","guid":{"rendered":"https:\/\/factory.sale\/?post_type=product&#038;p=27757"},"modified":"2024-06-27T03:52:59","modified_gmt":"2024-06-27T03:52:59","slug":"penkki-kampas-system","status":"publish","type":"product","link":"https:\/\/factory.sale\/fi\/tuote\/penkki-kampas-system\/","title":{"rendered":"Penkki Kampas System"},"content":{"rendered":"<p>Betonipenkit sopivat kaupungin virkistysalueille, puistoon tai esimerkiksi julkisten laitosten l\u00e4helle. Betonipenkit ovat massiivisia ja kest\u00e4vi\u00e4. Lis\u00e4ksi ne ovat kiinteit\u00e4, joten ne ovat eritt\u00e4in k\u00e4yt\u00e4nn\u00f6llinen ratkaisu sellaisissa paikoissa. Betonipenkit sopivat my\u00f6s puutarhaan. Ne ovat erinomainen valinta modernin ymp\u00e4rist\u00f6suunnittelun luomiseen.<\/p>\n<p>&nbsp;<\/p>\n<p><strong>Tuotetiedot:<\/strong><\/p>\n<ul>\n<li>Puumateriaali: Trooppinen kovapuu, \u00f6ljytty<\/li>\n<li>Trooppinen kovapuu mitat: 110 x 35 x 1800 mm ja 100 x 30 x 1800 mm<\/li>\n<li>Ter\u00e4ksest\u00e4 valmistetut osat: Kuumasinkitty, 5 mm paksu ter\u00e4s<\/li>\n<li>Puun osan istuimen pituus: 2 x 1800 mm (maksimi)<\/li>\n<li>Betoniluokka: C30\/37<\/li>\n<\/ul>\n<p>&nbsp;<\/p>\n<p>&nbsp;<\/p>\n<p><strong>Vaihtoehdot:<\/strong><\/p>\n<ul>\n<li>Rajaton penkin pituus ja muokkaukset<\/li>\n<li>Eri \u00f6ljys\u00e4vyt puulle<\/li>\n<li>Puun osat voidaan lyhent\u00e4\u00e4<\/li>\n<\/ul>\n<p>&nbsp;<\/p>\n<p>&nbsp;<\/p>\n","protected":false},"excerpt":{"rendered":"<p>Katso ymp\u00e4rillesi kodin l\u00e4hist\u00f6ll\u00e4 tai kaupungilla ja todenn\u00e4k\u00f6isesti n\u00e4et v\u00e4hint\u00e4\u00e4n yhden penkin. T\u00e4m\u00e4 pienarkkitehtuurin elementti, joka on tunnettu korkeasta toiminnallisuudestaan, sopii sek\u00e4 yksityiseen ett\u00e4 julkiseen infrastruktuuriin.<\/p>\n","protected":false},"featured_media":24960,"comment_status":"open","ping_status":"closed","template":"","meta":{"_acf_changed":false},"factory":[],"free-shipment":[],"product_brand":[],"product_cat":[1336,1337],"product_tag":[],"class_list":{"0":"post-27757","1":"product","2":"type-product","3":"status-publish","4":"has-post-thumbnail","6":"product_cat-kaupunkihuonekalut","7":"product_cat-penkit","9":"first","10":"instock","11":"sale","12":"taxable","13":"shipping-taxable","14":"purchasable","15":"product-type-simple"},"acf":[],"_links":{"self":[{"href":"https:\/\/factory.sale\/fi\/wp-json\/wp\/v2\/product\/27757","targetHints":{"allow":["GET"]}}],"collection":[{"href":"https:\/\/factory.sale\/fi\/wp-json\/wp\/v2\/product"}],"about":[{"href":"https:\/\/factory.sale\/fi\/wp-json\/wp\/v2\/types\/product"}],"replies":[{"embeddable":true,"href":"https:\/\/factory.sale\/fi\/wp-json\/wp\/v2\/comments?post=27757"}],"wp:featuredmedia":[{"embeddable":true,"href":"https:\/\/factory.sale\/fi\/wp-json\/wp\/v2\/media\/24960"}],"wp:attachment":[{"href":"https:\/\/factory.sale\/fi\/wp-json\/wp\/v2\/media?parent=27757"}],"wp:term":[{"taxonomy":"factory","embeddable":true,"href":"https:\/\/factory.sale\/fi\/wp-json\/wp\/v2\/factory?post=27757"},{"taxonomy":"free-shipment","embeddable":true,"href":"https:\/\/factory.sale\/fi\/wp-json\/wp\/v2\/free-shipment?post=27757"},{"taxonomy":"product_brand","embeddable":true,"href":"https:\/\/factory.sale\/fi\/wp-json\/wp\/v2\/product_brand?post=27757"},{"taxonomy":"product_cat","embeddable":true,"href":"https:\/\/factory.sale\/fi\/wp-json\/wp\/v2\/product_cat?post=27757"},{"taxonomy":"product_tag","embeddable":true,"href":"https:\/\/factory.sale\/fi\/wp-json\/wp\/v2\/product_tag?post=27757"}],"curies":[{"name":"wp","href":"https:\/\/api.w.org\/{rel}","templated":true}]}}