{"id":27753,"date":"2023-03-17T08:04:29","date_gmt":"2023-05-09T21:55:39","guid":{"rendered":"https:\/\/factory.sale\/?post_type=product&#038;p=27753"},"modified":"2024-06-26T21:22:57","modified_gmt":"2024-06-26T21:22:57","slug":"valurautapenkki-thunder","status":"publish","type":"product","link":"https:\/\/factory.sale\/fi\/tuote\/valurautapenkki-thunder\/","title":{"rendered":"Valurautapenkki Thunder"},"content":{"rendered":"<p>Valurauta tunnetaan ja arvostetaan sen vahvuudesta ja kest\u00e4vyydest\u00e4 sek\u00e4 siit\u00e4, ett\u00e4 siihen eiv\u00e4t vaikuta ulkoiset tekij\u00e4t tai esim. tulipalo.\u00a0Valurautatuotteita pidet\u00e4\u00e4n eritt\u00e4in vahvoina. Ulkok\u00e4ytt\u00f6\u00f6n tarkoitetut valurautapenkit eiv\u00e4t ole poikkeus. Jos valitset penkin valurautaisilla jaloilla, olet tyytyv\u00e4inen hankintaasi eritt\u00e4in pitk\u00e4\u00e4n, ja parasta on, ett\u00e4 sen huolto ei vaadi aikaa. Valurautainen penkki sopii mihin tahansa tilaan, siihen eiv\u00e4t vaikuta l\u00e4mp\u00f6tilan muutokset tai kosteus. Se on korroosionkest\u00e4v\u00e4, mutta t\u00e4rkeint\u00e4 on, ett\u00e4 se peitet\u00e4\u00e4n korroosionestoaineilla.<\/p>\n<p>&nbsp;<\/p>\n<p><strong>Tuotetiedot:<\/strong><\/p>\n<ul>\n<li>Penkin jalat on valmistettu valuraudasta, jonka pinta on pohjamaalattu ja p\u00e4\u00e4llystetty oksironilla.<\/li>\n<li>Puumateriaali on trooppinen kovapuu, \u00f6ljytty.<\/li>\n<li>Massiivisen trooppisen kovapuun mitat: 2000 x 190 x korkeus 35 mm.<\/li>\n<li>S\u00e4\u00e4nkest\u00e4v\u00e4.<\/li>\n<li>Penkki on sovitettu kiinnitett\u00e4v\u00e4ksi pohjaan.<\/li>\n<li>Kiinnitysruuvit ovat sinkitty\u00e4 ter\u00e4st\u00e4.<\/li>\n<li>Paino: 70 kg.<\/li>\n<li>Mitat: 2000 x 637 x korkeus 832 mm.<\/li>\n<\/ul>\n<p>&nbsp;<\/p>\n<p>&nbsp;<\/p>\n","protected":false},"excerpt":{"rendered":"<p>Katso ymp\u00e4rillesi kodin l\u00e4hell\u00e4 tai kaupungilla ja todenn\u00e4k\u00f6isesti n\u00e4et v\u00e4hint\u00e4\u00e4n yhden penkin. T\u00e4m\u00e4 pienarkkitehtuurin elementti, joka on tunnettu korkeasta toiminnallisuudestaan, sopii sek\u00e4 yksityiseen ett\u00e4 julkiseen infrastruktuuriin. Valurauta tunnetaan ja arvostetaan sen vahvuudesta ja kest\u00e4vyydest\u00e4 sek\u00e4 siit\u00e4, ett\u00e4 siihen eiv\u00e4t vaikuta ulkoiset tekij\u00e4t tai esim. tulipalo.<\/p>\n","protected":false},"featured_media":24936,"comment_status":"open","ping_status":"closed","template":"","meta":{"_acf_changed":false},"factory":[],"free-shipment":[],"product_brand":[],"product_cat":[1336,1337],"product_tag":[],"class_list":{"0":"post-27753","1":"product","2":"type-product","3":"status-publish","4":"has-post-thumbnail","6":"product_cat-kaupunkihuonekalut","7":"product_cat-penkit","9":"first","10":"instock","11":"sale","12":"taxable","13":"shipping-taxable","14":"purchasable","15":"product-type-simple"},"acf":[],"_links":{"self":[{"href":"https:\/\/factory.sale\/fi\/wp-json\/wp\/v2\/product\/27753","targetHints":{"allow":["GET"]}}],"collection":[{"href":"https:\/\/factory.sale\/fi\/wp-json\/wp\/v2\/product"}],"about":[{"href":"https:\/\/factory.sale\/fi\/wp-json\/wp\/v2\/types\/product"}],"replies":[{"embeddable":true,"href":"https:\/\/factory.sale\/fi\/wp-json\/wp\/v2\/comments?post=27753"}],"wp:featuredmedia":[{"embeddable":true,"href":"https:\/\/factory.sale\/fi\/wp-json\/wp\/v2\/media\/24936"}],"wp:attachment":[{"href":"https:\/\/factory.sale\/fi\/wp-json\/wp\/v2\/media?parent=27753"}],"wp:term":[{"taxonomy":"factory","embeddable":true,"href":"https:\/\/factory.sale\/fi\/wp-json\/wp\/v2\/factory?post=27753"},{"taxonomy":"free-shipment","embeddable":true,"href":"https:\/\/factory.sale\/fi\/wp-json\/wp\/v2\/free-shipment?post=27753"},{"taxonomy":"product_brand","embeddable":true,"href":"https:\/\/factory.sale\/fi\/wp-json\/wp\/v2\/product_brand?post=27753"},{"taxonomy":"product_cat","embeddable":true,"href":"https:\/\/factory.sale\/fi\/wp-json\/wp\/v2\/product_cat?post=27753"},{"taxonomy":"product_tag","embeddable":true,"href":"https:\/\/factory.sale\/fi\/wp-json\/wp\/v2\/product_tag?post=27753"}],"curies":[{"name":"wp","href":"https:\/\/api.w.org\/{rel}","templated":true}]}}