{"id":27751,"date":"2023-03-17T07:18:19","date_gmt":"2023-05-09T21:51:26","guid":{"rendered":"https:\/\/factory.sale\/?post_type=product&#038;p=27751"},"modified":"2024-06-26T18:26:28","modified_gmt":"2024-06-26T18:26:28","slug":"pennki-helga","status":"publish","type":"product","link":"https:\/\/factory.sale\/fi\/tuote\/pennki-helga\/","title":{"rendered":"Penkki Helga"},"content":{"rendered":"<p>Valurauta tunnetaan ja arvostetaan lujuudestaan ja kest\u00e4vyydest\u00e4\u00e4n, kest\u00e4vyydest\u00e4\u00e4n ulkoisilta vaikutuksilta ja tulelta. Valurautatuotteita k\u00e4sitell\u00e4\u00e4n eritt\u00e4in vahvoina. Ulkona k\u00e4ytett\u00e4v\u00e4t valurautapenkit eiv\u00e4t ole poikkeus. Jos valitset penkin valurautaisilla jaloilla, olet tyytyv\u00e4inen hankintaasi eritt\u00e4in pitk\u00e4\u00e4n, ja parasta on, ett\u00e4 sen huolto ei vaadi aikaa. Valurautainen penkki sopii mihin tahansa tilaan, siihen eiv\u00e4t vaikuta l\u00e4mp\u00f6tilan muutokset tai kosteus. Se on korroosionkest\u00e4v\u00e4, mutta t\u00e4rkeint\u00e4 on, ett\u00e4 se pit\u00e4isi olla peitetty korroosionestoaineilla.<\/p>\n<p>&nbsp;<\/p>\n<p><strong>Tuotetiedot:<\/strong><\/p>\n<ul>\n<li>Jalat tehty luuyhdistelm\u00e4valuraudasta EN-GJL-200 soveltamalla UNI 1561, paino 28 kg\/kpl.<\/li>\n<li>Jalat pinnoitettu jauhemaalilla.<\/li>\n<li>Saatavilla eri v\u00e4rej\u00e4.<\/li>\n<li>10 trooppisen kovapuun lautaa py\u00f6ristetyill\u00e4 reunoilla.<\/li>\n<li>Puumateriaali: trooppinen kovapuu.<\/li>\n<li>Jokainen lauta kiinnitet\u00e4\u00e4n 4 ruuvilla.<\/li>\n<li>Mitat: 1900\/1650 x 680 x 800 mm (pituus x leveys x korkeus).<\/li>\n<li>Istuinkorkeus: 420 mm.<\/li>\n<li>Kokonaispaino: 90\/80 kg.<\/li>\n<li>Kiinnitys ankkureilla M8.<\/li>\n<\/ul>\n","protected":false},"excerpt":{"rendered":"<p>Katso ymp\u00e4rillesi kotisi l\u00e4hist\u00f6ll\u00e4 tai kaupungilla ja todenn\u00e4k\u00f6isesti n\u00e4et v\u00e4hint\u00e4\u00e4n yhden penkin. T\u00e4m\u00e4 pienarkkitehtuurin elementti, joka on tunnettu korkeasta toiminnallisuudestaan, sopii sek\u00e4 yksityiseen ett\u00e4 julkiseen infrastruktuuriin.<\/p>\n","protected":false},"featured_media":24919,"comment_status":"open","ping_status":"closed","template":"","meta":{"_acf_changed":false},"factory":[],"free-shipment":[],"product_brand":[],"product_cat":[1336,1337],"product_tag":[],"class_list":{"0":"post-27751","1":"product","2":"type-product","3":"status-publish","4":"has-post-thumbnail","6":"product_cat-kaupunkihuonekalut","7":"product_cat-penkit","9":"first","10":"instock","11":"sale","12":"taxable","13":"shipping-taxable","14":"purchasable","15":"product-type-simple"},"acf":[],"_links":{"self":[{"href":"https:\/\/factory.sale\/fi\/wp-json\/wp\/v2\/product\/27751","targetHints":{"allow":["GET"]}}],"collection":[{"href":"https:\/\/factory.sale\/fi\/wp-json\/wp\/v2\/product"}],"about":[{"href":"https:\/\/factory.sale\/fi\/wp-json\/wp\/v2\/types\/product"}],"replies":[{"embeddable":true,"href":"https:\/\/factory.sale\/fi\/wp-json\/wp\/v2\/comments?post=27751"}],"wp:featuredmedia":[{"embeddable":true,"href":"https:\/\/factory.sale\/fi\/wp-json\/wp\/v2\/media\/24919"}],"wp:attachment":[{"href":"https:\/\/factory.sale\/fi\/wp-json\/wp\/v2\/media?parent=27751"}],"wp:term":[{"taxonomy":"factory","embeddable":true,"href":"https:\/\/factory.sale\/fi\/wp-json\/wp\/v2\/factory?post=27751"},{"taxonomy":"free-shipment","embeddable":true,"href":"https:\/\/factory.sale\/fi\/wp-json\/wp\/v2\/free-shipment?post=27751"},{"taxonomy":"product_brand","embeddable":true,"href":"https:\/\/factory.sale\/fi\/wp-json\/wp\/v2\/product_brand?post=27751"},{"taxonomy":"product_cat","embeddable":true,"href":"https:\/\/factory.sale\/fi\/wp-json\/wp\/v2\/product_cat?post=27751"},{"taxonomy":"product_tag","embeddable":true,"href":"https:\/\/factory.sale\/fi\/wp-json\/wp\/v2\/product_tag?post=27751"}],"curies":[{"name":"wp","href":"https:\/\/api.w.org\/{rel}","templated":true}]}}