{"id":27749,"date":"2023-03-16T11:21:00","date_gmt":"2023-05-09T21:47:37","guid":{"rendered":"https:\/\/factory.sale\/?post_type=product&#038;p=27749"},"modified":"2024-06-27T06:50:09","modified_gmt":"2024-06-27T06:50:09","slug":"valurautapenkki-bretana-35","status":"publish","type":"product","link":"https:\/\/factory.sale\/fi\/tuote\/valurautapenkki-bretana-35\/","title":{"rendered":"Valurautapenkki Bretana 35"},"content":{"rendered":"<p>Valurauta tunnetaan ja arvostetaan sen vahvuudesta ja kest\u00e4vyydest\u00e4 sek\u00e4 siit\u00e4, ett\u00e4 siihen eiv\u00e4t vaikuta ulkoiset tekij\u00e4t tai esim. tulipalo.\u00a0Valurautatuotteita pidet\u00e4\u00e4n eritt\u00e4in vahvoina. Ulkok\u00e4ytt\u00f6\u00f6n tarkoitetut valurautapenkit eiv\u00e4t ole poikkeus. Jos valitset penkin valurautaisilla jaloilla, olet tyytyv\u00e4inen hankintaasi eritt\u00e4in pitk\u00e4\u00e4n, ja parasta on, ett\u00e4 sen huolto ei vaadi aikaa. Valurautainen penkki sopii mihin tahansa tilaan, siihen eiv\u00e4t vaikuta l\u00e4mp\u00f6tilan muutokset tai kosteus. Se on korroosionkest\u00e4v\u00e4, mutta t\u00e4rkeint\u00e4 on, ett\u00e4 se peitet\u00e4\u00e4n korroosionestoaineilla.<\/p>\n<p>&nbsp;<\/p>\n<p><strong>Tuotetiedot:<\/strong><\/p>\n<ul>\n<li>K\u00e4ytetty paksumpia levyj\u00e4, jolloin penkki on vahvempi.<\/li>\n<li>Jalat ovat tehty luuyhdistelm\u00e4valuraudasta.<\/li>\n<li>P\u00e4\u00e4llystetty korkealaatuisella oksironeilla.<\/li>\n<li>Oksironi suojaa korroosiolta.<\/li>\n<li>Puumateriaali on trooppinen kovapuu.<\/li>\n<li>5 trooppisen puun lautaa: 100 x 35 x 1800 mm.<\/li>\n<li>Levyt ovat \u00f6ljyttyj\u00e4 valitun v\u00e4rin mukaan.<\/li>\n<li>S\u00e4\u00e4nkest\u00e4v\u00e4.<\/li>\n<li>Penkki on sovitettu kiinnitett\u00e4v\u00e4ksi betonipohjaan.<\/li>\n<li>Paino: 58 kg.<\/li>\n<\/ul>\n<p>&nbsp;<\/p>\n<p>&nbsp;<\/p>\n","protected":false},"excerpt":{"rendered":"<p>Katso ymp\u00e4rillesi kaupungilla ja todenn\u00e4k\u00f6isesti n\u00e4et v\u00e4hint\u00e4\u00e4n yhden penkin. T\u00e4m\u00e4 pienarkkitehtuurin elementti, joka on tunnettu korkeasta toiminnallisuudestaan, sopii sek\u00e4 yksityiseen ett\u00e4 julkiseen infrastruktuuriin. Valurauta tunnetaan ja arvostetaan sen vahvuudesta ja kest\u00e4vyydest\u00e4 sek\u00e4 siit\u00e4, ett\u00e4 siihen eiv\u00e4t vaikuta ulkoiset tekij\u00e4t tai esim. tulipalo.\u00a0Valurautatuotteita pidet\u00e4\u00e4n eritt\u00e4in vahvoina. Ulkok\u00e4ytt\u00f6\u00f6n tarkoitetut valurautapenkit eiv\u00e4t ole poikkeus.<\/p>\n","protected":false},"featured_media":24897,"comment_status":"open","ping_status":"closed","template":"","meta":{"_acf_changed":false},"factory":[],"free-shipment":[],"product_brand":[],"product_cat":[1336,1337],"product_tag":[],"class_list":{"0":"post-27749","1":"product","2":"type-product","3":"status-publish","4":"has-post-thumbnail","6":"product_cat-kaupunkihuonekalut","7":"product_cat-penkit","9":"first","10":"instock","11":"sale","12":"taxable","13":"shipping-taxable","14":"purchasable","15":"product-type-simple"},"acf":[],"_links":{"self":[{"href":"https:\/\/factory.sale\/fi\/wp-json\/wp\/v2\/product\/27749","targetHints":{"allow":["GET"]}}],"collection":[{"href":"https:\/\/factory.sale\/fi\/wp-json\/wp\/v2\/product"}],"about":[{"href":"https:\/\/factory.sale\/fi\/wp-json\/wp\/v2\/types\/product"}],"replies":[{"embeddable":true,"href":"https:\/\/factory.sale\/fi\/wp-json\/wp\/v2\/comments?post=27749"}],"wp:featuredmedia":[{"embeddable":true,"href":"https:\/\/factory.sale\/fi\/wp-json\/wp\/v2\/media\/24897"}],"wp:attachment":[{"href":"https:\/\/factory.sale\/fi\/wp-json\/wp\/v2\/media?parent=27749"}],"wp:term":[{"taxonomy":"factory","embeddable":true,"href":"https:\/\/factory.sale\/fi\/wp-json\/wp\/v2\/factory?post=27749"},{"taxonomy":"free-shipment","embeddable":true,"href":"https:\/\/factory.sale\/fi\/wp-json\/wp\/v2\/free-shipment?post=27749"},{"taxonomy":"product_brand","embeddable":true,"href":"https:\/\/factory.sale\/fi\/wp-json\/wp\/v2\/product_brand?post=27749"},{"taxonomy":"product_cat","embeddable":true,"href":"https:\/\/factory.sale\/fi\/wp-json\/wp\/v2\/product_cat?post=27749"},{"taxonomy":"product_tag","embeddable":true,"href":"https:\/\/factory.sale\/fi\/wp-json\/wp\/v2\/product_tag?post=27749"}],"curies":[{"name":"wp","href":"https:\/\/api.w.org\/{rel}","templated":true}]}}