{"id":27732,"date":"2023-03-16T09:38:05","date_gmt":"2023-05-09T21:01:16","guid":{"rendered":"https:\/\/factory.sale\/?post_type=product&#038;p=27732"},"modified":"2025-03-22T01:22:56","modified_gmt":"2025-03-21T22:22:56","slug":"betoninen-jateastia-fb002-bruno-ilman-irtokivipaallystetta","status":"publish","type":"product","link":"https:\/\/factory.sale\/fi\/tuote\/betoninen-jateastia-fb002-bruno-ilman-irtokivipaallystetta\/","title":{"rendered":"Betoninen j\u00e4teastia FB002 BRUNO ilman irtokivip\u00e4\u00e4llystett\u00e4"},"content":{"rendered":"<p>Betoninen j\u00e4teastia FB002 BRUNO ilman irtokivip\u00e4\u00e4llystett\u00e4.<\/p>\n<p>&nbsp;<\/p>\n<p><strong>Tuotetiedot:<\/strong><\/p>\n<ul>\n<li>420 x 420 x korkeus 600 mm<\/li>\n<li>Paino: 86 kg<\/li>\n<li>Betoniluokka: C 30\/37<\/li>\n<\/ul>\n<p>&nbsp;<\/p>\n<p><strong>Mahdollista ostaa lis\u00e4ksi:<\/strong><\/p>\n<p>Kuumasinkitty sanko tuhkakupilla &#8211; 45 euroa + alv.<\/p>\n","protected":false},"excerpt":{"rendered":"<p>Betoninen j\u00e4teastia FB002 BRUNO ilman irtokivip\u00e4\u00e4llystett\u00e4.<\/p>\n","protected":false},"featured_media":24835,"comment_status":"open","ping_status":"closed","template":"","meta":{"_acf_changed":false},"factory":[],"free-shipment":[],"product_brand":[],"product_cat":[1338,1336],"product_tag":[],"class_list":{"0":"post-27732","1":"product","2":"type-product","3":"status-publish","4":"has-post-thumbnail","6":"product_cat-jateastiat","7":"product_cat-kaupunkihuonekalut","9":"first","10":"instock","11":"sale","12":"taxable","13":"shipping-taxable","14":"purchasable","15":"product-type-simple"},"acf":[],"_links":{"self":[{"href":"https:\/\/factory.sale\/fi\/wp-json\/wp\/v2\/product\/27732","targetHints":{"allow":["GET"]}}],"collection":[{"href":"https:\/\/factory.sale\/fi\/wp-json\/wp\/v2\/product"}],"about":[{"href":"https:\/\/factory.sale\/fi\/wp-json\/wp\/v2\/types\/product"}],"replies":[{"embeddable":true,"href":"https:\/\/factory.sale\/fi\/wp-json\/wp\/v2\/comments?post=27732"}],"wp:featuredmedia":[{"embeddable":true,"href":"https:\/\/factory.sale\/fi\/wp-json\/wp\/v2\/media\/24835"}],"wp:attachment":[{"href":"https:\/\/factory.sale\/fi\/wp-json\/wp\/v2\/media?parent=27732"}],"wp:term":[{"taxonomy":"factory","embeddable":true,"href":"https:\/\/factory.sale\/fi\/wp-json\/wp\/v2\/factory?post=27732"},{"taxonomy":"free-shipment","embeddable":true,"href":"https:\/\/factory.sale\/fi\/wp-json\/wp\/v2\/free-shipment?post=27732"},{"taxonomy":"product_brand","embeddable":true,"href":"https:\/\/factory.sale\/fi\/wp-json\/wp\/v2\/product_brand?post=27732"},{"taxonomy":"product_cat","embeddable":true,"href":"https:\/\/factory.sale\/fi\/wp-json\/wp\/v2\/product_cat?post=27732"},{"taxonomy":"product_tag","embeddable":true,"href":"https:\/\/factory.sale\/fi\/wp-json\/wp\/v2\/product_tag?post=27732"}],"curies":[{"name":"wp","href":"https:\/\/api.w.org\/{rel}","templated":true}]}}