{"id":27730,"date":"2023-03-16T09:20:23","date_gmt":"2023-05-09T20:56:08","guid":{"rendered":"https:\/\/factory.sale\/?post_type=product&#038;p=27730"},"modified":"2024-06-27T13:55:25","modified_gmt":"2024-06-27T13:55:25","slug":"betoninen-jateastia-fb001-smis-irtokivipaallysteella","status":"publish","type":"product","link":"https:\/\/factory.sale\/fi\/tuote\/betoninen-jateastia-fb001-smis-irtokivipaallysteella\/","title":{"rendered":"Betoninen j\u00e4teastia FB001 SMIS irtokivip\u00e4\u00e4llysteell\u00e4"},"content":{"rendered":"<p>Betoninen j\u00e4teastia FB001 SMIS irtokivip\u00e4\u00e4llysteell\u00e4.<\/p>\n<p>&nbsp;<\/p>\n<p><strong>Tuotetiedot:<\/strong><\/p>\n<ul>\n<li>450 x 450 x korkeus 670 mm<\/li>\n<li>Paino: 155 kg<\/li>\n<li>Betoniluokka C 30\/37<\/li>\n<\/ul>\n<p>&nbsp;<\/p>\n<p><strong>Mahdollista ostaa lis\u00e4ksi:<\/strong><\/p>\n<p>Kuumasinkitty sanko tuhkakupilla &#8211; 45 euroa + alv.<\/p>\n<p>*Yhdistett\u00e4viss\u00e4 penkkiin SMIS.<\/p>\n<p>&nbsp;<\/p>\n<p>&nbsp;<\/p>\n<p>&nbsp;<\/p>\n    <div class=\"col-xl-3 col-6\">\n        <div class=\"product-card h-100\">\n            <div class=\"ratio ratio-4x3 overflow-hidden\">\n                <a href=\"https:\/\/factory.sale\/product\/concrete-bench-smis-without-backrest\/\">\n                    <img loading=\"lazy\" decoding=\"async\" width=\"750\" height=\"600\" src=\"https:\/\/factory.sale\/wp-content\/uploads\/2023\/03\/smis-1.png\" class=\"img-fluid object-fit-contain w-100 h-100\" alt=\"Concrete bench SMIS without backrest\" srcset=\"https:\/\/factory.sale\/wp-content\/uploads\/2023\/03\/smis-1.png 750w, https:\/\/factory.sale\/wp-content\/uploads\/2023\/03\/smis-1-300x240.png 300w, https:\/\/factory.sale\/wp-content\/uploads\/2023\/03\/smis-1-150x120.png 150w, https:\/\/factory.sale\/wp-content\/uploads\/2023\/03\/smis-1-600x480.png 600w\" sizes=\"auto, (max-width: 750px) 100vw, 750px\" \/>                <\/a>\n            <\/div>\n\n            <div class=\"px-xl-3 px-2 py-3 text-xl-start\">\n                <a class=\"product-title-link\" href=\"https:\/\/factory.sale\/product\/concrete-bench-smis-without-backrest\/\">\n                    <p class=\"d-none d-xl-block\">Concrete bench SMIS without backrest<\/p>\n                    <p class=\"d-xl-none\">Concrete bench SMIS without backrest<\/p>\n                <\/a>\n\n                <div class=\"price\">\n                                            <span class=\"new-price\"><span class=\"woocommerce-Price-amount amount\"><bdi><span class=\"woocommerce-Price-currencySymbol\">&euro;<\/span>384,00<\/bdi><\/span><\/span>\n                        <span class=\"old-price\"><span class=\"woocommerce-Price-amount amount\"><bdi><span class=\"woocommerce-Price-currencySymbol\">&euro;<\/span>430,00<\/bdi><\/span><\/span>\n                                    <\/div>\n\n                <div class=\"d-xl-grid d-none gap-4 d-xl-flex justify-content-start mt-2\">\n                    <button class=\"btn btn-product ajax-add-to-quote w-100 mt-1rem\"\n                            data-product-id=\"24981\">\n                        Add to quote\n                    <\/button>\n                <\/div>\n            <\/div>\n\n                            <div class=\"sale\">Sale -11%<\/div>\n                    <\/div>\n    <\/div>\n    \n","protected":false},"excerpt":{"rendered":"<p>Betoninen j\u00e4teastia FB001 SMIS irtokivip\u00e4\u00e4llysteell\u00e4.<\/p>\n","protected":false},"featured_media":24827,"comment_status":"open","ping_status":"closed","template":"","meta":{"_acf_changed":false},"factory":[],"free-shipment":[],"product_brand":[],"product_cat":[1115,1099],"product_tag":[],"class_list":{"0":"post-27730","1":"product","2":"type-product","3":"status-publish","4":"has-post-thumbnail","6":"product_cat-waste-bins-2","7":"product_cat-urban-furniture","9":"first","10":"instock","11":"sale","12":"taxable","13":"shipping-taxable","14":"purchasable","15":"product-type-simple"},"acf":[],"_links":{"self":[{"href":"https:\/\/factory.sale\/fi\/wp-json\/wp\/v2\/product\/27730","targetHints":{"allow":["GET"]}}],"collection":[{"href":"https:\/\/factory.sale\/fi\/wp-json\/wp\/v2\/product"}],"about":[{"href":"https:\/\/factory.sale\/fi\/wp-json\/wp\/v2\/types\/product"}],"replies":[{"embeddable":true,"href":"https:\/\/factory.sale\/fi\/wp-json\/wp\/v2\/comments?post=27730"}],"wp:featuredmedia":[{"embeddable":true,"href":"https:\/\/factory.sale\/fi\/wp-json\/wp\/v2\/media\/24827"}],"wp:attachment":[{"href":"https:\/\/factory.sale\/fi\/wp-json\/wp\/v2\/media?parent=27730"}],"wp:term":[{"taxonomy":"factory","embeddable":true,"href":"https:\/\/factory.sale\/fi\/wp-json\/wp\/v2\/factory?post=27730"},{"taxonomy":"free-shipment","embeddable":true,"href":"https:\/\/factory.sale\/fi\/wp-json\/wp\/v2\/free-shipment?post=27730"},{"taxonomy":"product_brand","embeddable":true,"href":"https:\/\/factory.sale\/fi\/wp-json\/wp\/v2\/product_brand?post=27730"},{"taxonomy":"product_cat","embeddable":true,"href":"https:\/\/factory.sale\/fi\/wp-json\/wp\/v2\/product_cat?post=27730"},{"taxonomy":"product_tag","embeddable":true,"href":"https:\/\/factory.sale\/fi\/wp-json\/wp\/v2\/product_tag?post=27730"}],"curies":[{"name":"wp","href":"https:\/\/api.w.org\/{rel}","templated":true}]}}