{"id":27725,"date":"2023-03-15T08:34:51","date_gmt":"2023-05-09T16:34:14","guid":{"rendered":"https:\/\/factory.sale\/?post_type=product&#038;p=27725"},"modified":"2024-06-25T13:14:09","modified_gmt":"2024-06-25T13:14:09","slug":"stalgen-monikerros-lattialaudat-12mm-3-2mm-ja-16mm-4-4mm","status":"publish","type":"product","link":"https:\/\/factory.sale\/fi\/tuote\/stalgen-monikerros-lattialaudat-12mm-3-2mm-ja-16mm-4-4mm\/","title":{"rendered":"Stalgen monikerroksiset lattialaudat 12mm\/3.2mm JA 16mm\/4.4mm"},"content":{"rendered":"<p>Stalgenin monikerroksisille lattialaudoille on valittavissa kaksi paksuutta:<\/p>\n<p>&nbsp;<\/p>\n<p><strong>1. 12 mm\/3,2 mm:<\/strong><\/p>\n<p>Rakenne: massiivi tammi- tai saarnilevy liimattu koivuvanerille l\u00e4mp\u00f6reaktiivisella polyuretaaniliimalla<br \/>\nP\u00e4\u00e4llyskerros: tammi; tuhka (keskim\u00e4\u00e4r\u00e4inen tiheys 700 kg\/m3, l\u00e4mm\u00f6njohtavuus 0,17 W\/(mK))<br \/>\nPohjakerros: koivuvaneri (formaldehydip\u00e4\u00e4st\u00f6 \u2013 ULEF; tiheys 700 kg\/m3; l\u00e4mm\u00f6njohtavuus 0,17 W\/(mK))<br \/>\nKosteus: 8\u00b12%<br \/>\nPaksuus:<br \/>\nyhteens\u00e4: 12\u00b10,2 mm<br \/>\nkulutuskerros: 3,2\u00b10,2 mm<br \/>\npohjakerros: 8,8\u00b10,2 mm<\/p>\n<p>&nbsp;<\/p>\n<p><strong>Leveys:<\/strong><\/p>\n<ul>\n<li>tammi: 135 mm; 165 mm; 185 mm; 260 mm<\/li>\n<li>tuhka: 165 mm; 185 mm; 210 mm<\/li>\n<\/ul>\n<p>&nbsp;<\/p>\n<p><strong>Pituus:<\/strong><\/p>\n<ul>\n<li>leveydelle 135 mm: 600-1800 mm \u00b150 mm<\/li>\n<li>leveydelle 165 mm, 185 mm, 260 mm: 600-1400 mm \u00b150 mm; 1400-2200 mm \u00b150 mm; 2200-3000 mm \u00b150 mm<\/li>\n<li>T&amp;G: 4 puolta<\/li>\n<li>Viistot: 4 sivua; ulkonema pintaan 0,7 mm<\/li>\n<li>T\u00e4yte: vaaleanruskea<\/li>\n<li>Pinta: kevytrakenteinen<\/li>\n<li>K\u00e4sittely: pid\u00e4 keskell\u00e4 vain kuvapuoli yl\u00f6sp\u00e4in<\/li>\n<li>Pakkaus: 4 polyeteeniin k\u00e4\u00e4ritty\u00e4 levy\u00e4<\/li>\n<li>K\u00e4ytt\u00f6: vain sis\u00e4k\u00e4ytt\u00f6\u00f6n; sopii l\u00e4mmitetyille ja l\u00e4mmitt\u00e4m\u00e4tt\u00f6mille aluslattioille<\/li>\n<li>Asennustapa: liimattu alas<\/li>\n<li>Paloreaktio: Dfi-s1<\/li>\n<\/ul>\n<p>&nbsp;<\/p>\n<p>&nbsp;<\/p>\n<p><strong>2. 16 mm\/4,4 mm:<\/strong><\/p>\n<p>Rakenne: massiivi yksinauhainen tammilevy liimattu koivuvanerille l\u00e4mp\u00f6reaktiivisella polyuretaaniliimalla<br \/>\nPintakerros: tammi (keskim\u00e4\u00e4r\u00e4inen tiheys 700 kg\/m3, l\u00e4mm\u00f6njohtavuus 0,17 W\/(mK))<br \/>\nPohjakerros: koivuvaneri (formaldehydip\u00e4\u00e4st\u00f6 \u2013 ULEF; tiheys 700 kg\/m3; l\u00e4mm\u00f6njohtavuus 0,17 W\/(mK))<br \/>\nKosteus: 8\u00b12%<\/p>\n<p><strong>Paksuus:<\/strong><br \/>\nyhteens\u00e4: 16\u00b10,2 mm<br \/>\nkulutuskerros: 4,5\u00b10,2 mm<br \/>\npohjakerros: 11,6\u00b10,2 mm<br \/>\nLeveys: 240 mm; 300 mm<br \/>\nPituus: 600-1400 mm \u00b150 mm; 1400-2200 mm \u00b150 mm ; 2200-3000 mm \u00b150 mm;<br \/>\nT&amp;G: 4 puolta<br \/>\nViistot: 4 sivua; ulkonema pintaan 0,7 mm<br \/>\nT\u00e4yte: vaaleanruskea<br \/>\nPinta: kevytrakenteinen<br \/>\nK\u00e4sittely: pid\u00e4 keskell\u00e4 vain kuvapuoli yl\u00f6sp\u00e4in<br \/>\nPakkaus: 4 polyeteeniin k\u00e4\u00e4ritty\u00e4 levy\u00e4<br \/>\nK\u00e4ytt\u00f6: vain sis\u00e4k\u00e4ytt\u00f6\u00f6n; sopii l\u00e4mmitetyille ja l\u00e4mmitt\u00e4m\u00e4tt\u00f6mille aluslattioille<br \/>\nAsennustapa: liimattu alas<br \/>\nPaloreaktio: Dfi-s1<\/p>\n<p>&nbsp;<\/p>\n<p><strong>Arvosanat:<\/strong><\/p>\n<p><strong>Premium<\/strong> \u2013 yhten\u00e4inen ulkon\u00e4k\u00f6 ja v\u00e4rilattia. Jos t\u00e4ytettyj\u00e4 solmuja tai reiki\u00e4 on, ne ovat todenn\u00e4k\u00f6isesti hyvin pieni\u00e4 ja v\u00e4rilt\u00e4\u00e4n melko haaleita. Vapaa pintapuusta.<br \/>\n<strong>Select<\/strong> \u2013 sis\u00e4lt\u00e4\u00e4 muutamia muunnelmia, solmuja ja t\u00e4ytettyj\u00e4 solmureiki\u00e4 enemm\u00e4n kuin premium-luokka. T\u00e4m\u00e4 lattia on edelleen p\u00e4\u00e4osin yhten\u00e4inen ulkon\u00e4\u00f6lt\u00e4\u00e4n, ja siin\u00e4 on maltillisia v\u00e4rivaihteluita ja solmuja, jotka antavat sille luonnollisemman ulkon\u00e4\u00f6n. Vapaa pintapuusta.<br \/>\n<strong>Living<\/strong> \u2013 sis\u00e4lt\u00e4\u00e4 v\u00e4h\u00e4n enemm\u00e4n muunnelmia, solmuja ja t\u00e4ytettyj\u00e4 solmureiki\u00e4 kuin premium-luokka. T\u00e4m\u00e4 lattia on edelleen p\u00e4\u00e4osin yhten\u00e4inen ulkon\u00e4\u00f6lt\u00e4\u00e4n, ja siin\u00e4 on maltillisia v\u00e4rivaihteluita ja solmuja, jotka antavat sille luonnollisemman ulkon\u00e4\u00f6n. Kapea pintapuu sallittu.<br \/>\n<strong>Classic<\/strong> \u2013 sis\u00e4lt\u00e4\u00e4 runsaasti solmuja ja v\u00e4rivaihtelua. Klassisessa lattiassa on joskus luonnollisella v\u00e4rill\u00e4 t\u00e4ytettyj\u00e4 reiki\u00e4 ja puuosia, jotka antavat sile\u00e4n ulkon\u00e4\u00f6n. Vapaa pintapuusta.<br \/>\n<strong>Rustiikki<\/strong> \u2013 luonnollisimman n\u00e4k\u00f6inen kaikista lattiatyypeist\u00e4. Siin\u00e4 on laajin v\u00e4rivalikoima, ja siin\u00e4 on runsaasti solmuja, solmureiki\u00e4, puisia sis\u00e4osia ja luonnollisia uria \u2013 t\u00e4ytetty luonnollisella puut\u00e4ytteell\u00e4 sile\u00e4n mutta maalaismaisen ulkon\u00e4\u00f6n saavuttamiseksi. Happipuu sallittu.<\/p>\n<p>&nbsp;<\/p>\n<p><strong>Valinnainen:<\/strong><\/p>\n<ul>\n<li>Pinnan mekaaninen k\u00e4sittely: keskiharjattu; syv\u00e4 harjattu; v\u00e4kev\u00f6ity; sahanj\u00e4lki\u00e4<\/li>\n<li>Pintapinnoite: luonnon\u00f6ljy; kovavaha\u00f6ljy, kovavaha\u00f6ljy+lakka<\/li>\n<li>T\u00e4yteaineen v\u00e4ri: musta pyynn\u00f6st\u00e4<\/li>\n<\/ul>\n<p>&nbsp;<\/p>\n<p><strong>Lis\u00e4ksi:<\/strong><\/p>\n<p>\u00f6ljyvahaus voidaan tehd\u00e4 tehtaalla \u2013 6 \u20ac\/rm (ei sis. alv)<\/p>\n<p>&nbsp;<\/p>\n<p><strong>Saatavana eri s\u00e4vyiss\u00e4: <\/strong><\/p>\n<p><strong>Hinnasto:<\/strong><\/p>\n<table style=\"height: 1417px;\" width=\"888\">\n<tbody>\n<tr>\n<td><strong>Tyyppi<\/strong><\/td>\n<td><strong>Rakentaminen<\/strong><\/td>\n<td><b>mm<\/b><\/td>\n<td><\/td>\n<td><\/td>\n<td><strong>Premium\u00a0<\/strong><\/td>\n<td><strong>Select\u00a0<\/strong><\/td>\n<td><strong>Living\u00a0<\/strong><\/td>\n<td><strong>Classic\u00a0<\/strong><\/td>\n<td><strong>Rustic<\/strong><\/td>\n<\/tr>\n<tr>\n<td colspan=\"10\"><\/td>\n<\/tr>\n<tr>\n<td rowspan=\"9\">Tammi<\/td>\n<td rowspan=\"9\">Yl\u00e4kerros: massiivitammea \u00a0 Alakerros: koivuvaneria<\/td>\n<td rowspan=\"9\"><span style=\"font-weight: 400;\">16\/4,5<\/span><\/td>\n<td rowspan=\"3\"><span style=\"font-weight: 400;\">300<\/span><\/td>\n<td><span style=\"font-weight: 400;\">2200-3000\u00a0<\/span><\/td>\n<td><b>134,53\u00a0<\/b><\/td>\n<td><b>116,16\u00a0<\/b><\/td>\n<td><b>104,60\u00a0<\/b><\/td>\n<td><b>100,96\u00a0<\/b><\/td>\n<td><b>89,51<\/b><\/td>\n<\/tr>\n<tr>\n<td><span style=\"font-weight: 400;\">1400-2200\u00a0<\/span><\/td>\n<td><b>118,47\u00a0<\/b><\/td>\n<td><b>102,47\u00a0<\/b><\/td>\n<td><b>93,31\u00a0<\/b><\/td>\n<td><b>90,09\u00a0<\/b><\/td>\n<td><b>80,13<\/b><\/td>\n<\/tr>\n<tr>\n<td><span style=\"font-weight: 400;\">600-1400\u00a0<\/span><\/td>\n<td><b>107,24\u00a0<\/b><\/td>\n<td><b>92,93\u00a0<\/b><\/td>\n<td><b>85,40\u00a0<\/b><\/td>\n<td><b>82,53\u00a0<\/b><\/td>\n<td><b>73,64<\/b><\/td>\n<\/tr>\n<tr>\n<td rowspan=\"3\"><span style=\"font-weight: 400;\">240<\/span><\/td>\n<td><span style=\"font-weight: 400;\">2200-3000\u00a0<\/span><\/td>\n<td><b>109,10\u00a0<\/b><\/td>\n<td><b>95,65\u00a0<\/b><\/td>\n<td><b>86,27\u00a0<\/b><\/td>\n<td><b>82,48\u00a0<\/b><\/td>\n<td><b>76,52<\/b><\/td>\n<\/tr>\n<tr>\n<td><span style=\"font-weight: 400;\">1400-2200\u00a0<\/span><\/td>\n<td><b>104,43\u00a0<\/b><\/td>\n<td><b>91,67\u00a0<\/b><\/td>\n<td><b>83,10\u00a0<\/b><\/td>\n<td><b>79,50\u00a0<\/b><\/td>\n<td><b>73,78<\/b><\/td>\n<\/tr>\n<tr>\n<td><span style=\"font-weight: 400;\">600-1400\u00a0<\/span><\/td>\n<td><b>93,55\u00a0<\/b><\/td>\n<td><b>82,57\u00a0<\/b><\/td>\n<td><b>75,17\u00a0<\/b><\/td>\n<td><b>71,95\u00a0<\/b><\/td>\n<td><b>66,88<\/b><\/td>\n<\/tr>\n<tr>\n<td rowspan=\"3\"><span style=\"font-weight: 400;\">210<\/span><\/td>\n<td><span style=\"font-weight: 400;\">2200-3000\u00a0<\/span><\/td>\n<td><b>99,23\u00a0<\/b><\/td>\n<td><b>87,13\u00a0<\/b><\/td>\n<td><b>78,33\u00a0<\/b><\/td>\n<td><b>74,70\u00a0<\/b><\/td>\n<td><b>68,93<\/b><\/td>\n<\/tr>\n<tr>\n<td><span style=\"font-weight: 400;\">1400-2200\u00a0<\/span><\/td>\n<td><b>94,73\u00a0<\/b><\/td>\n<td><b>83,30\u00a0<\/b><\/td>\n<td><b>75,28\u00a0<\/b><\/td>\n<td><b>71,82\u00a0<\/b><\/td>\n<td><b>66,33<\/b><\/td>\n<\/tr>\n<tr>\n<td><span style=\"font-weight: 400;\">600-1400\u00a0<\/span><\/td>\n<td><b>85,03\u00a0<\/b><\/td>\n<td><b>75,85\u00a0<\/b><\/td>\n<td><b>68,43\u00a0<\/b><\/td>\n<td><b>65,33\u00a0<\/b><\/td>\n<td><b>60,45<\/b><\/td>\n<\/tr>\n<tr>\n<td rowspan=\"6\">Tammi<\/td>\n<td rowspan=\"6\">Yl\u00e4kerros: massiivitammea \u00a0 Alakerros: koivuvaneria<\/td>\n<td rowspan=\"6\"><span style=\"font-weight: 400;\">12\/3,2<\/span><\/td>\n<td rowspan=\"3\"><span style=\"font-weight: 400;\">240<\/span><\/td>\n<td><span style=\"font-weight: 400;\">2200-3000\u00a0<\/span><\/td>\n<td><b>91,28\u00a0<\/b><\/td>\n<td><b>80,52\u00a0<\/b><\/td>\n<td><b>73,02\u00a0<\/b><\/td>\n<td><b>70,00\u00a0<\/b><\/td>\n<td><b>65,20<\/b><\/td>\n<\/tr>\n<tr>\n<td><span style=\"font-weight: 400;\">1400-2200\u00a0<\/span><\/td>\n<td><b>87,53\u00a0<\/b><\/td>\n<td><b>77,33\u00a0<\/b><\/td>\n<td><b>70,48\u00a0<\/b><\/td>\n<td><b>67,60\u00a0<\/b><\/td>\n<td><b>63,03<\/b><\/td>\n<\/tr>\n<tr>\n<td><span style=\"font-weight: 400;\">600-1400\u00a0<\/span><\/td>\n<td><b>78,83\u00a0<\/b><\/td>\n<td><b>70,05\u00a0<\/b><\/td>\n<td><b>64,13\u00a0<\/b><\/td>\n<td><b>61,57\u00a0<\/b><\/td>\n<td><b>57,50<\/b><\/td>\n<\/tr>\n<tr>\n<td rowspan=\"3\"><span style=\"font-weight: 400;\">260<\/span><\/td>\n<td><span style=\"font-weight: 400;\">2200-3000\u00a0<\/span><\/td>\n<td><b>94,92\u00a0<\/b><\/td>\n<td><b>83,43\u00a0<\/b><\/td>\n<td><b>75,62\u00a0<\/b><\/td>\n<td><b>72,52\u00a0<\/b><\/td>\n<td><b>67,62<\/b><\/td>\n<\/tr>\n<tr>\n<td><span style=\"font-weight: 400;\">1400-2200\u00a0<\/span><\/td>\n<td><b>91,08\u00a0<\/b><\/td>\n<td><b>80,17\u00a0<\/b><\/td>\n<td><b>73,02\u00a0<\/b><\/td>\n<td><b>70,07\u00a0<\/b><\/td>\n<td><b>65,38<\/b><\/td>\n<\/tr>\n<tr>\n<td><span style=\"font-weight: 400;\">600-1400\u00a0<\/span><\/td>\n<td><b>81,75\u00a0<\/b><\/td>\n<td><b>72,00\u00a0<\/b><\/td>\n<td><b>66,10\u00a0<\/b><\/td>\n<td><b>63,47\u00a0<\/b><\/td>\n<td><b>59,30<\/b><\/td>\n<\/tr>\n<\/tbody>\n<\/table>\n<p>&nbsp;<\/p>\n","protected":false},"excerpt":{"rendered":"<p>Stalgen-monikerroksisia lattialevyj\u00e4 on saatavana kahdessa paksuudessa: 12 mm\/3,2 mm ja 16 mm\/4,4 mm.<\/p>\n","protected":false},"featured_media":24688,"comment_status":"open","ping_status":"closed","template":"","meta":{"_acf_changed":false},"factory":[],"free-shipment":[],"product_brand":[],"product_cat":[1683,446,446,450,450,1683],"product_tag":[504,504,589,589],"class_list":{"0":"post-27725","1":"product","2":"type-product","3":"status-publish","4":"has-post-thumbnail","6":"product_cat-yksikaistainen-parketti","7":"product_cat-lattiat","9":"product_cat-parketti","12":"product_tag-floor-fi","14":"product_tag-oak-fi","17":"first","18":"instock","19":"sale","20":"taxable","21":"shipping-taxable","22":"purchasable","23":"product-type-simple"},"acf":[],"_links":{"self":[{"href":"https:\/\/factory.sale\/fi\/wp-json\/wp\/v2\/product\/27725","targetHints":{"allow":["GET"]}}],"collection":[{"href":"https:\/\/factory.sale\/fi\/wp-json\/wp\/v2\/product"}],"about":[{"href":"https:\/\/factory.sale\/fi\/wp-json\/wp\/v2\/types\/product"}],"replies":[{"embeddable":true,"href":"https:\/\/factory.sale\/fi\/wp-json\/wp\/v2\/comments?post=27725"}],"wp:featuredmedia":[{"embeddable":true,"href":"https:\/\/factory.sale\/fi\/wp-json\/wp\/v2\/media\/24688"}],"wp:attachment":[{"href":"https:\/\/factory.sale\/fi\/wp-json\/wp\/v2\/media?parent=27725"}],"wp:term":[{"taxonomy":"factory","embeddable":true,"href":"https:\/\/factory.sale\/fi\/wp-json\/wp\/v2\/factory?post=27725"},{"taxonomy":"free-shipment","embeddable":true,"href":"https:\/\/factory.sale\/fi\/wp-json\/wp\/v2\/free-shipment?post=27725"},{"taxonomy":"product_brand","embeddable":true,"href":"https:\/\/factory.sale\/fi\/wp-json\/wp\/v2\/product_brand?post=27725"},{"taxonomy":"product_cat","embeddable":true,"href":"https:\/\/factory.sale\/fi\/wp-json\/wp\/v2\/product_cat?post=27725"},{"taxonomy":"product_tag","embeddable":true,"href":"https:\/\/factory.sale\/fi\/wp-json\/wp\/v2\/product_tag?post=27725"}],"curies":[{"name":"wp","href":"https:\/\/api.w.org\/{rel}","templated":true}]}}