{"id":27723,"date":"2023-01-10T12:07:04","date_gmt":"2023-05-09T16:13:20","guid":{"rendered":"https:\/\/factory.sale\/?post_type=product&#038;p=27723"},"modified":"2024-06-25T21:25:20","modified_gmt":"2024-06-25T21:25:20","slug":"kadosto-starkedach-t-160-vaaleanharmaa-160x100x30cm","status":"publish","type":"product","link":"https:\/\/factory.sale\/fi\/tuote\/kadosto-starkedach-t-160-vaaleanharmaa-160x100x30cm\/","title":{"rendered":"Katos Starkedach T-160, Vaaleanharmaa, 160X100X30cm"},"content":{"rendered":"<p>STARKEDACH T-160 -katoksessa on polykarbonaattip\u00e4\u00e4llyste, joka suojaa sit\u00e4 sateelta ja UV-s\u00e4teilt\u00e4 pitk\u00e4ll\u00e4 aikav\u00e4lill\u00e4. Katos on helppo asentaa.<\/p>\n<p>Katos on saatavana vaaleanharmaana, tummanharmaana ja ruskeana.<\/p>\n<p>&nbsp;<\/p>\n<p><strong>Tekniset parametrit:<\/strong><\/p>\n<p>Koko: 160x100x30cm;<br \/>\nProfiilit: pulverimaalattu alumiini<br \/>\nPolykarbonaatti: 6 mm<\/p>\n<p>*ruuvit eiv\u00e4t sis\u00e4lly toimitukseen.<\/p>\n<p>&nbsp;<\/p>\n<p><strong>Katoksen edut:<\/strong><\/p>\n<p>Stabiloitu pulverimaalattu alumiinirakenne<br \/>\nKoristeellinen muotoilu<br \/>\n6 mm:n polykarbonaattip\u00e4\u00e4llyste<br \/>\nPitk\u00e4aikainen suoja sateelta ja UV-s\u00e4teilt\u00e4<br \/>\nHelppo ja yksinkertainen asennus<br \/>\nVedenpoisto<br \/>\nTakuu<\/p>\n<p>&nbsp;<\/p>\n<p>&nbsp;<\/p>\n<p><strong>Katoksen k\u00e4ytt\u00f6kohteet:<\/strong><\/p>\n<p>Etuoven yl\u00e4puolella<br \/>\nAutotallin oven yl\u00e4puolella<br \/>\nParvekkeiden yl\u00e4puolella<br \/>\nIkkunoiden yl\u00e4puolella<br \/>\nKauppojen ikkunoiden yl\u00e4puolella<\/p>\n","protected":false},"excerpt":{"rendered":"<p>Katos STARKEDACH T-160 on p\u00e4\u00e4llystetty polykarbonaatilla, mik\u00e4 suojaa sit\u00e4 pitk\u00e4ll\u00e4 aikav\u00e4lill\u00e4 sateelta ja UV-s\u00e4teilt\u00e4. Katos on helppo asentaa. Koko on 160x100x30cm ja v\u00e4ri on vaaleanharmaa.<\/p>\n<p>&nbsp;<\/p>\n<p>&nbsp;<\/p>\n","protected":false},"featured_media":19898,"comment_status":"open","ping_status":"closed","template":"","meta":{"_acf_changed":false},"factory":[],"free-shipment":[],"product_brand":[],"product_cat":[2446,997],"product_tag":[],"class_list":{"0":"post-27723","1":"product","2":"type-product","3":"status-publish","4":"has-post-thumbnail","6":"product_cat-katokset","7":"product_cat-piha-puutarha-fi","9":"first","10":"instock","11":"sale","12":"taxable","13":"shipping-taxable","14":"purchasable","15":"product-type-simple"},"acf":[],"_links":{"self":[{"href":"https:\/\/factory.sale\/fi\/wp-json\/wp\/v2\/product\/27723","targetHints":{"allow":["GET"]}}],"collection":[{"href":"https:\/\/factory.sale\/fi\/wp-json\/wp\/v2\/product"}],"about":[{"href":"https:\/\/factory.sale\/fi\/wp-json\/wp\/v2\/types\/product"}],"replies":[{"embeddable":true,"href":"https:\/\/factory.sale\/fi\/wp-json\/wp\/v2\/comments?post=27723"}],"wp:featuredmedia":[{"embeddable":true,"href":"https:\/\/factory.sale\/fi\/wp-json\/wp\/v2\/media\/19898"}],"wp:attachment":[{"href":"https:\/\/factory.sale\/fi\/wp-json\/wp\/v2\/media?parent=27723"}],"wp:term":[{"taxonomy":"factory","embeddable":true,"href":"https:\/\/factory.sale\/fi\/wp-json\/wp\/v2\/factory?post=27723"},{"taxonomy":"free-shipment","embeddable":true,"href":"https:\/\/factory.sale\/fi\/wp-json\/wp\/v2\/free-shipment?post=27723"},{"taxonomy":"product_brand","embeddable":true,"href":"https:\/\/factory.sale\/fi\/wp-json\/wp\/v2\/product_brand?post=27723"},{"taxonomy":"product_cat","embeddable":true,"href":"https:\/\/factory.sale\/fi\/wp-json\/wp\/v2\/product_cat?post=27723"},{"taxonomy":"product_tag","embeddable":true,"href":"https:\/\/factory.sale\/fi\/wp-json\/wp\/v2\/product_tag?post=27723"}],"curies":[{"name":"wp","href":"https:\/\/api.w.org\/{rel}","templated":true}]}}