{"id":27720,"date":"2023-01-10T12:44:05","date_gmt":"2023-05-09T16:02:38","guid":{"rendered":"https:\/\/factory.sale\/?post_type=product&#038;p=27720"},"modified":"2024-06-25T17:49:56","modified_gmt":"2024-06-25T17:49:56","slug":"kadous-starkedach-t-152-vaalenharmaa-152x100x30cm-pleksilasi","status":"publish","type":"product","link":"https:\/\/factory.sale\/fi\/tuote\/kadous-starkedach-t-152-vaalenharmaa-152x100x30cm-pleksilasi\/","title":{"rendered":"Katos Starkedach T-152,152X100X30cm"},"content":{"rendered":"<p>Kevyt asentaa, pleksilasista valmistettu katos on kirkas ja suojaa sateelta.<\/p>\n<p>Katos on saatavana:<\/p>\n<ul>\n<li>RAL8017 ruskea<\/li>\n<li>RAL7016 tummanharmaa<\/li>\n<li>RAL7035 vaaleanharmaa<\/li>\n<\/ul>\n<p><strong>Tekniset parametrit:<\/strong><\/p>\n<p>Pleksilasi 6 mm<\/p>\n<p>Koko: 152x100x30cm;<br \/>\nProfiilit: pulverimaalattu alumiini<\/p>\n<p>*ruuvit eiv\u00e4t sis\u00e4lly toimitukseen.<\/p>\n<p>&nbsp;<\/p>\n<p><strong>Katoksen edut:<\/strong><\/p>\n<p>Stabiloitu pulverimaalattu alumiinirakenne<br \/>\nKoristeellinen muotoilu<br \/>\n6mm PMMA-peite<br \/>\nPitk\u00e4aikainen suoja sateelta ja UV-s\u00e4teilt\u00e4<br \/>\nHelppo ja yksinkertainen asennus<br \/>\nVedenpoisto<br \/>\nTakuu<\/p>\n<p><strong>Katoksen k\u00e4ytt\u00f6kohteet:<\/strong><\/p>\n<p>Etuoven yl\u00e4puolella<br \/>\nAutotallin oven yl\u00e4puolella<br \/>\nParvekkeiden yl\u00e4puolella<br \/>\nIkkunoiden yl\u00e4puolella<br \/>\nKauppojen ikkunoiden yl\u00e4puolella<\/p>\n<p>&nbsp;<\/p>\n<p>&nbsp;<\/p>\n","protected":false},"excerpt":{"rendered":"<p>Kevyt asentaa, pleksilasista valmistettu katos STARKEDACH T-152 on kirkas ja suojaa sateelta. Koko on 152x100x30cm ja v\u00e4ri on vaaleanharmaa.<\/p>\n","protected":false},"featured_media":19922,"comment_status":"open","ping_status":"closed","template":"","meta":{"_acf_changed":false},"factory":[],"free-shipment":[],"product_brand":[],"product_cat":[2446,997],"product_tag":[],"class_list":{"0":"post-27720","1":"product","2":"type-product","3":"status-publish","4":"has-post-thumbnail","6":"product_cat-katokset","7":"product_cat-piha-puutarha-fi","9":"first","10":"instock","11":"sale","12":"taxable","13":"shipping-taxable","14":"purchasable","15":"product-type-simple"},"acf":[],"_links":{"self":[{"href":"https:\/\/factory.sale\/fi\/wp-json\/wp\/v2\/product\/27720","targetHints":{"allow":["GET"]}}],"collection":[{"href":"https:\/\/factory.sale\/fi\/wp-json\/wp\/v2\/product"}],"about":[{"href":"https:\/\/factory.sale\/fi\/wp-json\/wp\/v2\/types\/product"}],"replies":[{"embeddable":true,"href":"https:\/\/factory.sale\/fi\/wp-json\/wp\/v2\/comments?post=27720"}],"wp:featuredmedia":[{"embeddable":true,"href":"https:\/\/factory.sale\/fi\/wp-json\/wp\/v2\/media\/19922"}],"wp:attachment":[{"href":"https:\/\/factory.sale\/fi\/wp-json\/wp\/v2\/media?parent=27720"}],"wp:term":[{"taxonomy":"factory","embeddable":true,"href":"https:\/\/factory.sale\/fi\/wp-json\/wp\/v2\/factory?post=27720"},{"taxonomy":"free-shipment","embeddable":true,"href":"https:\/\/factory.sale\/fi\/wp-json\/wp\/v2\/free-shipment?post=27720"},{"taxonomy":"product_brand","embeddable":true,"href":"https:\/\/factory.sale\/fi\/wp-json\/wp\/v2\/product_brand?post=27720"},{"taxonomy":"product_cat","embeddable":true,"href":"https:\/\/factory.sale\/fi\/wp-json\/wp\/v2\/product_cat?post=27720"},{"taxonomy":"product_tag","embeddable":true,"href":"https:\/\/factory.sale\/fi\/wp-json\/wp\/v2\/product_tag?post=27720"}],"curies":[{"name":"wp","href":"https:\/\/api.w.org\/{rel}","templated":true}]}}