{"id":27718,"date":"2023-01-10T10:59:53","date_gmt":"2023-05-09T15:58:07","guid":{"rendered":"https:\/\/factory.sale\/?post_type=product&#038;p=27718"},"modified":"2024-07-04T13:51:19","modified_gmt":"2024-07-04T13:51:19","slug":"kadosto-starkedach-r-160-vaalean-harmaa-160x100x35cm","status":"publish","type":"product","link":"https:\/\/factory.sale\/fi\/tuote\/kadosto-starkedach-r-160-vaalean-harmaa-160x100x35cm\/","title":{"rendered":"Katos Starkedach R-160, Vaalean Harmaa 160X100X35cm"},"content":{"rendered":"<p>Katos STARKEDACH R-160 on p\u00e4\u00e4llystetty polykarbonaatilla, mik\u00e4 suojaa sit\u00e4 pitk\u00e4ll\u00e4 aikav\u00e4lill\u00e4 sateelta ja UV-s\u00e4teilt\u00e4. Katos on helppo asentaa.<\/p>\n<p>Tuote on saatavana vaaleanharmaana, tummanharmaana ja ruskeana.<\/p>\n<p><strong>Tekniset parametrit:<\/strong><\/p>\n<ul>\n<li>Koko: 160x100x35cm;<\/li>\n<li>Profiilit: pulverimaalattu alumiini<\/li>\n<li>Polykarbonaatti: 6mm (l\u00e4pin\u00e4kyv\u00e4)<\/li>\n<li>V\u00e4ri: vaaleanharmaa<\/li>\n<\/ul>\n<p>*ruuvit eiv\u00e4t sis\u00e4lly toimitukseen.<\/p>\n<p>&nbsp;<\/p>\n<p><strong>Katoksen edut:<\/strong><\/p>\n<ul>\n<li>Koristeellinen muotoilu<\/li>\n<li>6 mm:n polykarbonaattipinnoite<\/li>\n<li>Pitk\u00e4aikainen suoja sateelta ja UV-s\u00e4teilt\u00e4<\/li>\n<li>Helppo ja yksinkertainen asennus<\/li>\n<li>Vedenpoisto<\/li>\n<li>Takuu<\/li>\n<\/ul>\n<p>&nbsp;<\/p>\n<p><strong>Katoksen k\u00e4ytt\u00f6kohteet:<\/strong><\/p>\n<p>Etuoven yl\u00e4puolella<br \/>\nAutotallin oven yl\u00e4puolella<br \/>\nParvekkeiden yl\u00e4puolella<br \/>\nIkkunoiden yl\u00e4puolella<br \/>\nKauppojen ikkunoiden yl\u00e4puolella<\/p>\n","protected":false},"excerpt":{"rendered":"<p>Katos STARKEDACH R-160 on p\u00e4\u00e4llystetty polykarbonaatilla, mik\u00e4 suojaa sit\u00e4 pitk\u00e4ll\u00e4 aikav\u00e4lill\u00e4 sateelta ja UV-s\u00e4teilt\u00e4. Katos on helppo asentaa. Koko on 160x100x35cm ja v\u00e4ri on vaaleanharmaa.<\/p>\n","protected":false},"featured_media":19827,"comment_status":"open","ping_status":"closed","template":"","meta":{"_acf_changed":false},"factory":[],"free-shipment":[],"product_brand":[],"product_cat":[2446,997],"product_tag":[],"class_list":{"0":"post-27718","1":"product","2":"type-product","3":"status-publish","4":"has-post-thumbnail","6":"product_cat-katokset","7":"product_cat-piha-puutarha-fi","9":"first","10":"instock","11":"sale","12":"taxable","13":"shipping-taxable","14":"purchasable","15":"product-type-simple"},"acf":[],"_links":{"self":[{"href":"https:\/\/factory.sale\/fi\/wp-json\/wp\/v2\/product\/27718","targetHints":{"allow":["GET"]}}],"collection":[{"href":"https:\/\/factory.sale\/fi\/wp-json\/wp\/v2\/product"}],"about":[{"href":"https:\/\/factory.sale\/fi\/wp-json\/wp\/v2\/types\/product"}],"replies":[{"embeddable":true,"href":"https:\/\/factory.sale\/fi\/wp-json\/wp\/v2\/comments?post=27718"}],"wp:featuredmedia":[{"embeddable":true,"href":"https:\/\/factory.sale\/fi\/wp-json\/wp\/v2\/media\/19827"}],"wp:attachment":[{"href":"https:\/\/factory.sale\/fi\/wp-json\/wp\/v2\/media?parent=27718"}],"wp:term":[{"taxonomy":"factory","embeddable":true,"href":"https:\/\/factory.sale\/fi\/wp-json\/wp\/v2\/factory?post=27718"},{"taxonomy":"free-shipment","embeddable":true,"href":"https:\/\/factory.sale\/fi\/wp-json\/wp\/v2\/free-shipment?post=27718"},{"taxonomy":"product_brand","embeddable":true,"href":"https:\/\/factory.sale\/fi\/wp-json\/wp\/v2\/product_brand?post=27718"},{"taxonomy":"product_cat","embeddable":true,"href":"https:\/\/factory.sale\/fi\/wp-json\/wp\/v2\/product_cat?post=27718"},{"taxonomy":"product_tag","embeddable":true,"href":"https:\/\/factory.sale\/fi\/wp-json\/wp\/v2\/product_tag?post=27718"}],"curies":[{"name":"wp","href":"https:\/\/api.w.org\/{rel}","templated":true}]}}