{"id":27716,"date":"2023-01-10T12:25:00","date_gmt":"2023-05-09T15:54:24","guid":{"rendered":"https:\/\/factory.sale\/?post_type=product&#038;p=27716"},"modified":"2024-06-25T19:20:33","modified_gmt":"2024-06-25T19:20:33","slug":"katos-starkedach-r-150-vaaleanharmaa-150x70x20cm","status":"publish","type":"product","link":"https:\/\/factory.sale\/fi\/tuote\/katos-starkedach-r-150-vaaleanharmaa-150x70x20cm\/","title":{"rendered":"Katos Starkedach R-150, vaaleanharmaa, 150X70X20cm"},"content":{"rendered":"<p>Katos STARKEDACH RODEO on p\u00e4\u00e4llystetty polykarbonaatilla, mik\u00e4 suojaa sit\u00e4 pitk\u00e4ll\u00e4 aikav\u00e4lill\u00e4 sateelta ja UV-s\u00e4teilt\u00e4. Katto on helppo asentaa.<\/p>\n<p>Katos on saatavilla vaaleanharmaana ja ruskeana.<\/p>\n<p>&nbsp;<\/p>\n<p><strong>Tekniset parametrit:<\/strong><\/p>\n<p>Koko: 150x70x20cm;<br \/>\nProfiilit: pulverimaalattu alumiini<br \/>\nPolykarbonaatti: 6mm (pronssi)<br \/>\nV\u00e4ri: vaaleanharmaa<br \/>\n*ruuvit eiv\u00e4t sis\u00e4lly toimitukseen.<\/p>\n<p>&nbsp;<\/p>\n<p><strong>Katoksen edut:<\/strong><\/p>\n<p>Koristeellinen muotoilu<br \/>\n6 mm:n polykarbonaattipinnoite<br \/>\nPitk\u00e4aikainen suoja sateelta ja UV-s\u00e4teilt\u00e4<br \/>\nHelppo ja yksinkertainen asennus<br \/>\nVedenpoisto<br \/>\nTakuu<\/p>\n<p>&nbsp;<\/p>\n<p><strong>Katoksen k\u00e4ytt\u00f6kohteet:<\/strong><\/p>\n<p>Etuoven yl\u00e4puolella<br \/>\nAutotallin oven yl\u00e4puolella<br \/>\nParvekkeiden yl\u00e4puolella<br \/>\nIkkunoiden yl\u00e4puolella<br \/>\nKauppojen ikkunoiden yl\u00e4puolella<\/p>\n<p>&nbsp;<\/p>\n<p>&nbsp;<\/p>\n","protected":false},"excerpt":{"rendered":"<p>Katos STARKEDACH R-150 on p\u00e4\u00e4llystetty polykarbonaatilla, mik\u00e4 suojaa sit\u00e4 pitk\u00e4ll\u00e4 aikav\u00e4lill\u00e4 sateelta ja UV-s\u00e4teilt\u00e4. Katos on helppo asentaa. Koko on 150x70x20cm ja v\u00e4ri on vaaleanharmaa.<\/p>\n","protected":false},"featured_media":19913,"comment_status":"open","ping_status":"closed","template":"","meta":{"_acf_changed":false},"factory":[],"free-shipment":[],"product_brand":[],"product_cat":[2446,997],"product_tag":[],"class_list":{"0":"post-27716","1":"product","2":"type-product","3":"status-publish","4":"has-post-thumbnail","6":"product_cat-katokset","7":"product_cat-piha-puutarha-fi","9":"first","10":"instock","11":"sale","12":"taxable","13":"shipping-taxable","14":"purchasable","15":"product-type-simple"},"acf":[],"_links":{"self":[{"href":"https:\/\/factory.sale\/fi\/wp-json\/wp\/v2\/product\/27716","targetHints":{"allow":["GET"]}}],"collection":[{"href":"https:\/\/factory.sale\/fi\/wp-json\/wp\/v2\/product"}],"about":[{"href":"https:\/\/factory.sale\/fi\/wp-json\/wp\/v2\/types\/product"}],"replies":[{"embeddable":true,"href":"https:\/\/factory.sale\/fi\/wp-json\/wp\/v2\/comments?post=27716"}],"wp:featuredmedia":[{"embeddable":true,"href":"https:\/\/factory.sale\/fi\/wp-json\/wp\/v2\/media\/19913"}],"wp:attachment":[{"href":"https:\/\/factory.sale\/fi\/wp-json\/wp\/v2\/media?parent=27716"}],"wp:term":[{"taxonomy":"factory","embeddable":true,"href":"https:\/\/factory.sale\/fi\/wp-json\/wp\/v2\/factory?post=27716"},{"taxonomy":"free-shipment","embeddable":true,"href":"https:\/\/factory.sale\/fi\/wp-json\/wp\/v2\/free-shipment?post=27716"},{"taxonomy":"product_brand","embeddable":true,"href":"https:\/\/factory.sale\/fi\/wp-json\/wp\/v2\/product_brand?post=27716"},{"taxonomy":"product_cat","embeddable":true,"href":"https:\/\/factory.sale\/fi\/wp-json\/wp\/v2\/product_cat?post=27716"},{"taxonomy":"product_tag","embeddable":true,"href":"https:\/\/factory.sale\/fi\/wp-json\/wp\/v2\/product_tag?post=27716"}],"curies":[{"name":"wp","href":"https:\/\/api.w.org\/{rel}","templated":true}]}}