{"id":27714,"date":"2023-01-10T11:42:01","date_gmt":"2023-05-09T15:48:06","guid":{"rendered":"https:\/\/factory.sale\/?post_type=product&#038;p=27714"},"modified":"2024-06-25T19:20:15","modified_gmt":"2024-06-25T19:20:15","slug":"kadosto-starkedach-l-160-vaalenharmaa-160x100x25cm","status":"publish","type":"product","link":"https:\/\/factory.sale\/fi\/tuote\/kadosto-starkedach-l-160-vaalenharmaa-160x100x25cm\/","title":{"rendered":"Katos Starkedach L-160, vaalenharmaa, 160X100X25cm"},"content":{"rendered":"<p>Katos STARKEDACH L-160 on p\u00e4\u00e4llystetty polykarbonaatilla, mik\u00e4 suojaa sit\u00e4 pitk\u00e4ll\u00e4 aikav\u00e4lill\u00e4 sateelta ja UV-s\u00e4teilt\u00e4. Katos on helppo asentaa.<\/p>\n<p>Katos on saatavilla vaaleanharmaana, tummanharmaana ja ruskeana.<\/p>\n<p>&nbsp;<\/p>\n<p><strong>Tekniset parametrit:<\/strong><\/p>\n<p>Koko: 160x100x25cm;<\/p>\n<p>Profiilit: pulverimaalattu alumiini, vaaleanharmaa<\/p>\n<p>Polykarbonaatti: 6mm (kirkas)<\/p>\n<p>*ruuvit eiv\u00e4t sis\u00e4lly toimitukseen.<\/p>\n<p>&nbsp;<\/p>\n<p>&nbsp;<\/p>\n<p><strong>Katon edut:<\/strong><\/p>\n<p>Stabiili pulverimaalaus alumiinirungolle<\/p>\n<p>Koristeellinen muotoilu<\/p>\n<p>6 mm:n polykarbonaattipinnoite<\/p>\n<p>Pitk\u00e4aikainen suoja sateelta ja UV-s\u00e4teilt\u00e4<\/p>\n<p>Helppo ja yksinkertainen asennus<\/p>\n<p>Vedenpoisto<\/p>\n<p>Takuu<\/p>\n<p>&nbsp;<\/p>\n<p><strong>Katoksen k\u00e4ytt\u00f6kohteet:<\/strong><\/p>\n<p>Etuoven yl\u00e4puolella<\/p>\n<p>Autotallin oven yl\u00e4puolella<\/p>\n<p>Parvekkeiden yl\u00e4puolella<\/p>\n<p>Ikkunoiden yl\u00e4puolella<\/p>\n<p>Kauppojen ikkunoiden yl\u00e4puolella<\/p>\n<p>&nbsp;<\/p>\n<p>&nbsp;<\/p>\n","protected":false},"excerpt":{"rendered":"<p>Katos STARKEDACH L-160 on p\u00e4\u00e4llystetty polykarbonaatilla, mik\u00e4 suojaa sit\u00e4 pitk\u00e4ll\u00e4 aikav\u00e4lill\u00e4 sateelta ja UV-s\u00e4teilt\u00e4. Katos on helppo asentaa.<\/p>\n","protected":false},"featured_media":19884,"comment_status":"open","ping_status":"closed","template":"","meta":{"_acf_changed":false},"factory":[],"free-shipment":[],"product_brand":[],"product_cat":[2446,997],"product_tag":[],"class_list":{"0":"post-27714","1":"product","2":"type-product","3":"status-publish","4":"has-post-thumbnail","6":"product_cat-katokset","7":"product_cat-piha-puutarha-fi","9":"first","10":"instock","11":"sale","12":"taxable","13":"shipping-taxable","14":"purchasable","15":"product-type-simple"},"acf":[],"_links":{"self":[{"href":"https:\/\/factory.sale\/fi\/wp-json\/wp\/v2\/product\/27714","targetHints":{"allow":["GET"]}}],"collection":[{"href":"https:\/\/factory.sale\/fi\/wp-json\/wp\/v2\/product"}],"about":[{"href":"https:\/\/factory.sale\/fi\/wp-json\/wp\/v2\/types\/product"}],"replies":[{"embeddable":true,"href":"https:\/\/factory.sale\/fi\/wp-json\/wp\/v2\/comments?post=27714"}],"wp:featuredmedia":[{"embeddable":true,"href":"https:\/\/factory.sale\/fi\/wp-json\/wp\/v2\/media\/19884"}],"wp:attachment":[{"href":"https:\/\/factory.sale\/fi\/wp-json\/wp\/v2\/media?parent=27714"}],"wp:term":[{"taxonomy":"factory","embeddable":true,"href":"https:\/\/factory.sale\/fi\/wp-json\/wp\/v2\/factory?post=27714"},{"taxonomy":"free-shipment","embeddable":true,"href":"https:\/\/factory.sale\/fi\/wp-json\/wp\/v2\/free-shipment?post=27714"},{"taxonomy":"product_brand","embeddable":true,"href":"https:\/\/factory.sale\/fi\/wp-json\/wp\/v2\/product_brand?post=27714"},{"taxonomy":"product_cat","embeddable":true,"href":"https:\/\/factory.sale\/fi\/wp-json\/wp\/v2\/product_cat?post=27714"},{"taxonomy":"product_tag","embeddable":true,"href":"https:\/\/factory.sale\/fi\/wp-json\/wp\/v2\/product_tag?post=27714"}],"curies":[{"name":"wp","href":"https:\/\/api.w.org\/{rel}","templated":true}]}}