{"id":27712,"date":"2023-03-08T13:56:07","date_gmt":"2023-05-09T14:04:56","guid":{"rendered":"https:\/\/factory.sale\/?post_type=product&#038;p=27712"},"modified":"2024-06-27T03:48:55","modified_gmt":"2024-06-27T03:48:55","slug":"monikiteinen-longi-aurinkopaneeli-teholtaan-540-wp-144-halkaistua-kennoa","status":"publish","type":"product","link":"https:\/\/factory.sale\/fi\/tuote\/monikiteinen-longi-aurinkopaneeli-teholtaan-540-wp-144-halkaistua-kennoa\/","title":{"rendered":"Yksikiteinen Longi-aurinkopaneeli, teholtaan 540 Wp (144 halkaistua kennoa)"},"content":{"rendered":"<p>Yksikiteinen Longi-aurinkopaneeli, teholtaan 540 Wp (144 halkaistua kennoa).<\/p>\n<p>Longi Solarin PERC-teknologialla varustettu yksikiteinen aurinkos\u00e4hk\u00f6moduuli (Passive Enitter Rear Cell) on teholtaan 540 Wp ja sill\u00e4 on eritt\u00e4in korkea hy\u00f6tysuhde, jopa 21,1%. T\u00e4m\u00e4 aurinkopaneeli on varustettu 0\/+5 W:n positiivisella tehovaihtelulla, mik\u00e4 takaa energian tuotannon koko sen elinkaaren ajan. Korkean tehon ja tiheyden aurinkopaneeli on ihanteellinen verkkoon liitettyihin tai eristettyihin asennuksiin, joissa on tilarajoituksia. Aurinkopaneeleiden kytkent\u00e4 sarjaan jopa 1500 V:n avoimella piirill\u00e4.<\/p>\n<p>LONGI-aurinkopaneeleilla on 10 vuoden takuu tuotteeseen, valmistukseen ja materiaaleihin ja 25 vuoden takuu tuotantoon liittyen, mik\u00e4 on 4,10% enemm\u00e4n kuin tavallisilla aurinkopaneeleilla.<\/p>\n<p>T\u00e4m\u00e4 Longi-aurinkopaneeli sis\u00e4lt\u00e4\u00e4 passivoidut kennot, jotka on varustettu takaisinsironnusominaisuudella (tunnetaan my\u00f6s nimell\u00e4 PERC) ja joiden avulla saavutetaan korkea hy\u00f6tysuhde (21,1%) verrattuna tavallisiin aurinkokennoihin. Sen lis\u00e4ksi se degradoituu hitaammin kuin muut aurinkopaneelit sen alhaisen LID-teknologian (Light Induced Degradation) ansiosta, joka v\u00e4hent\u00e4\u00e4 alkuper\u00e4ist\u00e4 degradoitumista. Paneelin 144 pienemm\u00e4n koon kennot mahdollistavat paremman suorituskyvyn osittaisen varjostuksen tilanteissa. Jakajat asennettuina LONGI 540 Wp -aurinkopaneeliin mahdollistavat paremman suorituskyvyn lyhyemm\u00e4n kiskoalueen ansiosta, joka v\u00e4hent\u00e4\u00e4 elektronien rekombinaatiota. Paneeli on my\u00f6s eritt\u00e4in kest\u00e4v\u00e4 PID-degradoitumista vastaan, joka johtuu j\u00e4nnite-erosta sen korkealaatuisen valmistusprosessin ja materiaalien valinnan ansiosta. Lis\u00e4ksi paneelin kennoihin muodostuu v\u00e4hemm\u00e4n mikrohalkeamia niiden pienemm\u00e4n koon ansiosta, mik\u00e4 edist\u00e4\u00e4 aurinkoenergian tuotantoa koko sen elinkaaren ajan. LONGI-halkaistujen kennojen alhaisen k\u00e4ytt\u00f6virran ansiosta paneelin tehoh\u00e4vi\u00f6 on v\u00e4h\u00e4inen. Paneeli kest\u00e4\u00e4 my\u00f6s korkeita staattisia lumikuormia (5400Pa) ja dynaamisia tuulikuormia (2400Pa). Bifacial-tekniikka mahdollistaa korkean suorituskyvyn.<\/p>\n<p>&nbsp;<\/p>\n<p>&nbsp;<\/p>\n<p><strong>Tuotantotiedot STC:ss\u00e4 (1000 W\/m2; solun l\u00e4mp\u00f6tila 25\u00b0C):<\/strong><\/p>\n<p>Tuotekoodi:\u00a0long540<\/p>\n<table style=\"height: 1065px;\" width=\"422\">\n<tbody>\n<tr>\n<td>Malli:<\/td>\n<td>\u00a0LR5-540M-72HPH<\/td>\n<\/tr>\n<tr>\n<td>Huipputeho (Wp):<\/td>\n<td>540<\/td>\n<\/tr>\n<tr>\n<td>Tehovaihtelu:<\/td>\n<td><span style=\"font-weight: 400;\">0\/+5W<\/span><\/td>\n<\/tr>\n<tr>\n<td>\u00a0J\u00e4nnite huipputeholla Vmpp (V):<\/td>\n<td>41,65 V<\/td>\n<\/tr>\n<tr>\n<td>Virta huipputeholla Ampp (A):<\/td>\n<td>12,97 A<\/td>\n<\/tr>\n<tr>\n<td>\u00a0Avoin piirij\u00e4nnite (Voc):<\/td>\n<td>49,50 V<\/td>\n<\/tr>\n<tr>\n<td>\u00a0Oikosulkuvirta (Isc):<\/td>\n<td>13,85 A<\/td>\n<\/tr>\n<tr>\n<td>Moduulin hy\u00f6tysuhde (%):<\/td>\n<td>21,1%<\/td>\n<\/tr>\n<tr>\n<td><span style=\"font-weight: 400;\">Kennojen m\u00e4\u00e4r\u00e4:<\/span><\/td>\n<td><span style=\"font-weight: 400;\"> 144 monikide<\/span><\/td>\n<\/tr>\n<tr>\n<td>\u00a0Moduulin mitat:<\/td>\n<td>2256 x 1133 x 35 mm<\/td>\n<\/tr>\n<tr>\n<td>\u00a0Paino:<\/td>\n<td>32,3 kg<\/td>\n<\/tr>\n<tr>\n<td>Lasin paksuus:<\/td>\n<td>2 mm<\/td>\n<\/tr>\n<tr>\n<td>\u00a0Runko:<\/td>\n<td>\u00a0anodisoitu alumiini<\/td>\n<\/tr>\n<tr>\n<td>J-Box:<\/td>\n<td>IP68, 3 ohitusdiodia<\/td>\n<\/tr>\n<tr>\n<td>\u00a0Kaapelit:<\/td>\n<td>PV-kaapeli 4 mm2, 300 mm<\/td>\n<\/tr>\n<tr>\n<td>\u00a0Liittimet:<\/td>\n<td>\u00a0MC4 tai vastaava<\/td>\n<\/tr>\n<\/tbody>\n<\/table>\n<div class=\"group w-full text-gray-800 dark:text-gray-100 border-b border-black\/10 dark:border-gray-900\/50 bg-gray-50 dark:bg-[#444654]\">\n<div class=\"flex p-4 gap-4 text-base md:gap-6 md:max-w-2xl lg:max-w-xl xl:max-w-3xl md:py-6 lg:px-0 m-auto\">\n<div class=\"relative flex flex-col w-[calc(100%-50px)] gap-1 md:gap-3 lg:w-[calc(100%-115px)]\">\n<div class=\"flex flex-grow flex-col gap-3\">\n<div class=\"min-h-[20px] flex flex-col items-start gap-4 whitespace-pre-wrap break-words\">\n<div class=\"markdown prose w-full break-words dark:prose-invert light\">\n<p>&nbsp;<\/p>\n<p>*Hinta on voimassa v\u00e4hint\u00e4\u00e4n yhden lavan tilauksessa.<\/p>\n<p><a href=\"https:\/\/factory.sale\/wp-content\/uploads\/2023\/03\/Installation_Manual_for_LON_Gi_Solar_PV_Modules_V15_4b75a96278.pdf\" target=\"_blank\" rel=\"noopener\">K\u00e4ytt\u00f6ohje<\/a><\/p>\n<p><a href=\"https:\/\/factory.sale\/wp-content\/uploads\/2023\/03\/Longi_TDS_520-545M_LR5-72HBD_HiMO5_EN.pdf\" target=\"_blank\" rel=\"noopener\">Data_sheet<\/a><\/p>\n<\/div>\n<\/div>\n<\/div>\n<\/div>\n<\/div>\n<\/div>\n","protected":false},"excerpt":{"rendered":"<p>Longi Solarin PERC-teknologialla varustettu yksikiteinen aurinkos\u00e4hk\u00f6moduuli (Passive Enitter Rear Cell) on teholtaan 540 Wp ja sill\u00e4 on eritt\u00e4in korkea hy\u00f6tysuhde, jopa 21,1%. T\u00e4m\u00e4 aurinkopaneeli on varustettu 0\/+5 W:n positiivisella tehovaihtelulla, mik\u00e4 takaa energian tuotannon koko sen elinkaaren ajan. Korkean tehon ja tiheyden aurinkopaneeli on ihanteellinen verkkoon liitettyihin tai eristettyihin asennuksiin, joissa on tilarajoituksia. Aurinkopaneeleiden kytkent\u00e4 sarjaan jopa 1500 V:n avoimella piirill\u00e4.<\/p>\n","protected":false},"featured_media":24565,"comment_status":"open","ping_status":"closed","template":"","meta":{"_acf_changed":false},"factory":[],"free-shipment":[],"product_brand":[],"product_cat":[1333,1332],"product_tag":[1417],"class_list":{"0":"post-27712","1":"product","2":"type-product","3":"status-publish","4":"has-post-thumbnail","6":"product_cat-aurinkoenergiaa","7":"product_cat-uusiutuva-energia","8":"product_tag-renewable-energy-fi","10":"first","11":"instock","12":"sale","13":"taxable","14":"shipping-taxable","15":"purchasable","16":"product-type-simple"},"acf":[],"_links":{"self":[{"href":"https:\/\/factory.sale\/fi\/wp-json\/wp\/v2\/product\/27712","targetHints":{"allow":["GET"]}}],"collection":[{"href":"https:\/\/factory.sale\/fi\/wp-json\/wp\/v2\/product"}],"about":[{"href":"https:\/\/factory.sale\/fi\/wp-json\/wp\/v2\/types\/product"}],"replies":[{"embeddable":true,"href":"https:\/\/factory.sale\/fi\/wp-json\/wp\/v2\/comments?post=27712"}],"wp:featuredmedia":[{"embeddable":true,"href":"https:\/\/factory.sale\/fi\/wp-json\/wp\/v2\/media\/24565"}],"wp:attachment":[{"href":"https:\/\/factory.sale\/fi\/wp-json\/wp\/v2\/media?parent=27712"}],"wp:term":[{"taxonomy":"factory","embeddable":true,"href":"https:\/\/factory.sale\/fi\/wp-json\/wp\/v2\/factory?post=27712"},{"taxonomy":"free-shipment","embeddable":true,"href":"https:\/\/factory.sale\/fi\/wp-json\/wp\/v2\/free-shipment?post=27712"},{"taxonomy":"product_brand","embeddable":true,"href":"https:\/\/factory.sale\/fi\/wp-json\/wp\/v2\/product_brand?post=27712"},{"taxonomy":"product_cat","embeddable":true,"href":"https:\/\/factory.sale\/fi\/wp-json\/wp\/v2\/product_cat?post=27712"},{"taxonomy":"product_tag","embeddable":true,"href":"https:\/\/factory.sale\/fi\/wp-json\/wp\/v2\/product_tag?post=27712"}],"curies":[{"name":"wp","href":"https:\/\/api.w.org\/{rel}","templated":true}]}}