{"id":27710,"date":"2023-03-08T13:38:08","date_gmt":"2023-05-09T13:59:39","guid":{"rendered":"https:\/\/factory.sale\/?post_type=product&#038;p=27710"},"modified":"2024-06-25T22:42:55","modified_gmt":"2024-06-25T22:42:55","slug":"longi-aurinkopaneeli-500w-hih-musta","status":"publish","type":"product","link":"https:\/\/factory.sale\/fi\/tuote\/longi-aurinkopaneeli-500w-hih-musta\/","title":{"rendered":"LONGI aurinkopaneeli 500W HIH (musta)"},"content":{"rendered":"<p>T\u00e4lle paneelille on tunnusomaista PERC-tyyppiset yksikiteiset piipuolikennot, joiden hy\u00f6tysuhde on jopa 21,1 %. T\u00e4m\u00e4 mahdollistaa suuremman tehon ja suuremman hy\u00f6tysuhteen kuin 72-kennoinen paneeli. PERC-tekniikka on ollut merkitt\u00e4v\u00e4 kehitysaskel aurinkos\u00e4hk\u00f6teollisuudessa aurinkos\u00e4hk\u00f6moduulien tehokkuuden lis\u00e4\u00e4ntymisen ansiosta. T\u00e4ll\u00e4 parannamme aurinkokennojen ker\u00e4ystehokkuutta verrattuna aurinkos\u00e4hk\u00f6paneeleihin samalla jakelulla, mik\u00e4 v\u00e4hent\u00e4\u00e4 aurinkopaneelien tuotantohintaa ja loppukustannuksia.<\/p>\n<p>T\u00e4m\u00e4 moduuli on ihanteellinen teollisiin aurinkos\u00e4hk\u00f6asennuksiin. Se on korkealaatuinen ja kest\u00e4v\u00e4 paneeli, joka on valmistettu monokiteisest\u00e4 piist\u00e4 ja jossa on anodisoitu alumiinirunko. Heill\u00e4 on 12 vuoden takuu tuotteelle, valmistukselle ja materiaaleille sek\u00e4 25 vuoden takuu tuotannolle.<\/p>\n<p><strong>Tuotantotiedot:<\/strong><\/p>\n<ul>\n<li>Huipputeho (PMAX): 500W<\/li>\n<li>J\u00e4nnite huipputeholla (VMPP): 38,38V<\/li>\n<li>Virta huipputeholla (IMPP): 13,03A<\/li>\n<li>Avoin piirij\u00e4nnite (VOC): 45,55V<\/li>\n<li>Oikosulkuvirta (ISC): 13,90A<\/li>\n<li>Mitat: 2093 x 1134 x 35 mm<\/li>\n<li>Paino: 25,3 kg<\/li>\n<li>Suojaluokka: IP68<\/li>\n<li>Tuotekoodi: long500<\/li>\n<\/ul>\n<p>&nbsp;<\/p>\n<p>*Hinta on voimassa v\u00e4hint\u00e4\u00e4n yhden lavan tilauksessa.<\/p>\n<p>&nbsp;<\/p>\n<p>&nbsp;<\/p>\n<p><a href=\"https:\/\/factory.sale\/wp-content\/uploads\/2023\/03\/Installation_Manual_for_LON_Gi_Solar_PV_Modules_V15_4b75a96278.pdf\" target=\"_blank\" rel=\"noopener\">K\u00e4ytt\u00f6ohje<\/a><\/p>\n<p><a href=\"https:\/\/factory.sale\/wp-content\/uploads\/2023\/03\/20220119_LONGi_Data_Sheet_LR5_66HIH_485_505M_DRAFT_V02_LowRes_EN.pdf\" target=\"_blank\" rel=\"noopener\">Data_sheet<\/a><\/p>\n","protected":false},"excerpt":{"rendered":"<p>Aurinkopaneelin 500W LONGI HIH on valmistanut Longi Solar, joka on yksi aurinkos\u00e4hk\u00f6alan parhaista yrityksist\u00e4. Longi Solar on perustettu vuonna 2000. Se on ollut markkinoilla yli 20 vuotta ja tarjoaa alan johtavia tuotteita teknologian suhteen.<\/p>\n","protected":false},"featured_media":24551,"comment_status":"open","ping_status":"closed","template":"","meta":{"_acf_changed":false},"factory":[],"free-shipment":[],"product_brand":[],"product_cat":[1333,1332],"product_tag":[1417],"class_list":{"0":"post-27710","1":"product","2":"type-product","3":"status-publish","4":"has-post-thumbnail","6":"product_cat-aurinkoenergiaa","7":"product_cat-uusiutuva-energia","8":"product_tag-renewable-energy-fi","10":"first","11":"instock","12":"sale","13":"taxable","14":"shipping-taxable","15":"purchasable","16":"product-type-simple"},"acf":[],"_links":{"self":[{"href":"https:\/\/factory.sale\/fi\/wp-json\/wp\/v2\/product\/27710","targetHints":{"allow":["GET"]}}],"collection":[{"href":"https:\/\/factory.sale\/fi\/wp-json\/wp\/v2\/product"}],"about":[{"href":"https:\/\/factory.sale\/fi\/wp-json\/wp\/v2\/types\/product"}],"replies":[{"embeddable":true,"href":"https:\/\/factory.sale\/fi\/wp-json\/wp\/v2\/comments?post=27710"}],"wp:featuredmedia":[{"embeddable":true,"href":"https:\/\/factory.sale\/fi\/wp-json\/wp\/v2\/media\/24551"}],"wp:attachment":[{"href":"https:\/\/factory.sale\/fi\/wp-json\/wp\/v2\/media?parent=27710"}],"wp:term":[{"taxonomy":"factory","embeddable":true,"href":"https:\/\/factory.sale\/fi\/wp-json\/wp\/v2\/factory?post=27710"},{"taxonomy":"free-shipment","embeddable":true,"href":"https:\/\/factory.sale\/fi\/wp-json\/wp\/v2\/free-shipment?post=27710"},{"taxonomy":"product_brand","embeddable":true,"href":"https:\/\/factory.sale\/fi\/wp-json\/wp\/v2\/product_brand?post=27710"},{"taxonomy":"product_cat","embeddable":true,"href":"https:\/\/factory.sale\/fi\/wp-json\/wp\/v2\/product_cat?post=27710"},{"taxonomy":"product_tag","embeddable":true,"href":"https:\/\/factory.sale\/fi\/wp-json\/wp\/v2\/product_tag?post=27710"}],"curies":[{"name":"wp","href":"https:\/\/api.w.org\/{rel}","templated":true}]}}