{"id":27708,"date":"2023-03-08T13:24:55","date_gmt":"2023-05-09T13:19:37","guid":{"rendered":"https:\/\/factory.sale\/?post_type=product&#038;p=27708"},"modified":"2024-06-27T04:12:40","modified_gmt":"2024-06-27T04:12:40","slug":"longi-solar-fotovoltaimoduuli-495w-hih-musta","status":"publish","type":"product","link":"https:\/\/factory.sale\/fi\/tuote\/longi-solar-fotovoltaimoduuli-495w-hih-musta\/","title":{"rendered":"LONGI Solar aurinkos\u00e4hk\u00f6moduuli 495W HIH (musta)"},"content":{"rendered":"<p>Longi 495W -aurinkopaneeli on Longi Solarin tuote, joka on suunniteltu tuottamaan s\u00e4hk\u00f6\u00e4 auringon s\u00e4teilyn avulla. Paneelin nimellisteho on 495W ja se on valmistettu monokiteisist\u00e4 soluista, mik\u00e4 mahdollistaa korkean hy\u00f6tysuhteen auringon energian muuntamisessa s\u00e4hk\u00f6ksi. Paneeli on my\u00f6s varustettu erityisell\u00e4 heijastuksenestokerroksella, joka lis\u00e4\u00e4 s\u00e4hk\u00f6ksi muunnettavan aurinkoenergian m\u00e4\u00e4r\u00e4\u00e4. Longi 495W -paneeli on my\u00f6s s\u00e4\u00e4nkest\u00e4v\u00e4, mik\u00e4 tekee siit\u00e4 kest\u00e4v\u00e4n ja luotettavan.<\/p>\n<p>&nbsp;<\/p>\n<p><strong>Perustiedot LONGI 495W -aurinkopaneelista:<\/strong><\/p>\n<ul>\n<li>Maksimiteho (Pmax \/ W): 495<\/li>\n<li>Avoin piirij\u00e4nnite (Voc \/ V): 45,4<\/li>\n<li>Oikosulkuvirta (Isc \/ A): 11,65<\/li>\n<li>Tehon maksimipisteess\u00e4 oleva j\u00e4nnite (Vmp \/ V): 38,2<\/li>\n<li>Tehon maksimipisteess\u00e4 oleva virta (Imp \/ A): 12,95<\/li>\n<li>Moduulin hy\u00f6tysuhde [%]: 21,1<\/li>\n<li>Paino 25,1 kg<\/li>\n<li>Mitat: 2073X1133X35mm<\/li>\n<li>Lasitus: 3.2mm karkaistu lasi<\/li>\n<li>L\u00e4ht\u00f6kaapeli: 4mm2, 1200mm<\/li>\n<li>Tuotekoodi: long495<\/li>\n<\/ul>\n<p>&nbsp;<\/p>\n<p>*Hinta on voimassa v\u00e4hint\u00e4\u00e4n 1 lavan tilauksille.<\/p>\n<p>&nbsp;<\/p>\n<p>&nbsp;<\/p>\n<p><a href=\"https:\/\/factory.sale\/wp-content\/uploads\/2023\/03\/Installation_Manual_for_LON_Gi_Solar_PV_Modules_V15_4b75a96278.pdf\" target=\"_blank\" rel=\"noopener\">K\u00e4ytt\u00f6ohje<\/a><\/p>\n<p><a href=\"https:\/\/factory.sale\/wp-content\/uploads\/2023\/03\/Longi490W-510W.pdf\" target=\"_blank\" rel=\"noopener\">Data_sheet<\/a><\/p>\n","protected":false},"excerpt":{"rendered":"<p>LONGI Solar aurinkos\u00e4hk\u00f6moduuli 495W HIH (musta)<\/p>\n<p>Longi 495W -aurinkopaneeli on Longi Solarin tuote, joka on suunniteltu tuottamaan s\u00e4hk\u00f6\u00e4 auringon s\u00e4teilyn avulla. Paneelin nimellisteho on 495W ja se on valmistettu monokiteisist\u00e4 soluista, mik\u00e4 mahdollistaa korkean hy\u00f6tysuhteen auringon energian muuntamisessa s\u00e4hk\u00f6ksi. Paneeli on my\u00f6s varustettu erityisell\u00e4 heijastuksenestokerroksella, joka lis\u00e4\u00e4 s\u00e4hk\u00f6ksi muunnettavan aurinkoenergian m\u00e4\u00e4r\u00e4\u00e4. Longi 495W -paneeli on my\u00f6s s\u00e4\u00e4nkest\u00e4v\u00e4, mik\u00e4 tekee siit\u00e4 kest\u00e4v\u00e4n ja luotettavan.<\/p>\n<p>&nbsp;<\/p>\n<p>&nbsp;<\/p>\n","protected":false},"featured_media":24542,"comment_status":"open","ping_status":"closed","template":"","meta":{"_acf_changed":false},"factory":[],"free-shipment":[],"product_brand":[],"product_cat":[1333,1332],"product_tag":[1417],"class_list":{"0":"post-27708","1":"product","2":"type-product","3":"status-publish","4":"has-post-thumbnail","6":"product_cat-aurinkoenergiaa","7":"product_cat-uusiutuva-energia","8":"product_tag-renewable-energy-fi","10":"first","11":"instock","12":"sale","13":"taxable","14":"shipping-taxable","15":"purchasable","16":"product-type-simple"},"acf":[],"_links":{"self":[{"href":"https:\/\/factory.sale\/fi\/wp-json\/wp\/v2\/product\/27708","targetHints":{"allow":["GET"]}}],"collection":[{"href":"https:\/\/factory.sale\/fi\/wp-json\/wp\/v2\/product"}],"about":[{"href":"https:\/\/factory.sale\/fi\/wp-json\/wp\/v2\/types\/product"}],"replies":[{"embeddable":true,"href":"https:\/\/factory.sale\/fi\/wp-json\/wp\/v2\/comments?post=27708"}],"wp:featuredmedia":[{"embeddable":true,"href":"https:\/\/factory.sale\/fi\/wp-json\/wp\/v2\/media\/24542"}],"wp:attachment":[{"href":"https:\/\/factory.sale\/fi\/wp-json\/wp\/v2\/media?parent=27708"}],"wp:term":[{"taxonomy":"factory","embeddable":true,"href":"https:\/\/factory.sale\/fi\/wp-json\/wp\/v2\/factory?post=27708"},{"taxonomy":"free-shipment","embeddable":true,"href":"https:\/\/factory.sale\/fi\/wp-json\/wp\/v2\/free-shipment?post=27708"},{"taxonomy":"product_brand","embeddable":true,"href":"https:\/\/factory.sale\/fi\/wp-json\/wp\/v2\/product_brand?post=27708"},{"taxonomy":"product_cat","embeddable":true,"href":"https:\/\/factory.sale\/fi\/wp-json\/wp\/v2\/product_cat?post=27708"},{"taxonomy":"product_tag","embeddable":true,"href":"https:\/\/factory.sale\/fi\/wp-json\/wp\/v2\/product_tag?post=27708"}],"curies":[{"name":"wp","href":"https:\/\/api.w.org\/{rel}","templated":true}]}}