{"id":27706,"date":"2023-03-08T12:40:54","date_gmt":"2023-05-09T13:01:51","guid":{"rendered":"https:\/\/factory.sale\/?post_type=product&#038;p=27706"},"modified":"2025-03-20T20:03:37","modified_gmt":"2025-03-20T17:03:37","slug":"longi-solar-405w-fotovoltaipaneeli-full-black-mono-in-half-cut-perc-tekniikalla-musta","status":"publish","type":"product","link":"https:\/\/factory.sale\/fi\/tuote\/longi-solar-405w-fotovoltaipaneeli-full-black-mono-in-half-cut-perc-tekniikalla-musta\/","title":{"rendered":"LONGI Solar 405W aurinkopaneeli Full Black mono in half cut + PERC -tekniikalla (musta)"},"content":{"rendered":"<p>LONGI 405W aurinkopaneeli on aurinkos\u00e4hk\u00f6moduuli, jonka teho on 405W. Sen on valmistanut LONGI Solar. Se on monokiteinen paneeli, jossa on korkea hy\u00f6tysuhde ja suorituskyky ja se on tarkoitettu asennettavaksi rakennusten katoille tai erityisrakenteisiin ulkona. Paneeli kest\u00e4\u00e4 hyvin s\u00e4\u00e4olosuhteita ja sill\u00e4 on laadun ja turvallisuuden sertifikaatteja, kuten TUV, CE, cULus, cTUVus, IEC, MCS, CEC. Se on ymp\u00e4rist\u00f6yst\u00e4v\u00e4llinen paneeli, jonka hiilidioksidip\u00e4\u00e4st\u00f6t tuotantoprosessissa ovat v\u00e4h\u00e4iset.<\/p>\n<p>&nbsp;<\/p>\n<p><strong>Yleist\u00e4 tietoa:<\/strong><\/p>\n<ul>\n<li>\u00c4lyk\u00e4s juottaminen<\/li>\n<li>Gallium-dopattu teknologia<\/li>\n<li>Optimoitu s\u00e4hk\u00f6iset parametrit<\/li>\n<li>\u00c4lyk\u00e4s moduulipakkaus ja logistiikka<\/li>\n<\/ul>\n<p>&nbsp;<\/p>\n<p><strong>LONGI 405W FULL BLACK -aurinkopaneelin perustiedot:<\/strong><\/p>\n<ul>\n<li>Solujen orientaatio<\/li>\n<li>Suojaus: IP68<\/li>\n<li>L\u00e4ht\u00f6kaapeli: 4 mm2, 1200 mm<\/li>\n<li>Liitin: MC4 EV02<\/li>\n<li>Lasitus: Yksinkertainen lasitettu karkaistu lasi<\/li>\n<li>Maksimij\u00e4nnite [V]: 1500<\/li>\n<li>Sarjavarmistusarvo [A]: 25<\/li>\n<li>Invertterin ymp\u00e4rist\u00f6l\u00e4mp\u00f6tila [C]: \u221240 \u00b0 C to +85 \u00b0 C<\/li>\n<li>Paino [kg]: 20,8<\/li>\n<li>Mitat [mm]: 1722\/1134\/30<\/li>\n<li>Tuotekoodi: long405<\/li>\n<\/ul>\n<p>&nbsp;<\/p>\n<p>&nbsp;<\/p>\n<p>&nbsp;<\/p>\n<p>*Hinta on voimassa v\u00e4hint\u00e4\u00e4n 1 lavan tilauksille.<\/p>\n<p>&nbsp;<\/p>\n<p>&nbsp;<\/p>\n<p><a href=\"https:\/\/factory.sale\/wp-content\/uploads\/2023\/03\/Installation-Manual-Jinko-IEC-updated-version-2023.01.03.pdf\" target=\"_blank\" rel=\"noopener\">K\u00e4ytt\u00f6ohje<\/a><\/p>\n<p><a href=\"https:\/\/factory.sale\/wp-content\/uploads\/2023\/03\/632b9c19e5156e804898ac16_longi-hi-mo-5m-lr5-54hpb-400-420m-data-sheet.pdf\" target=\"_blank\" rel=\"noopener\">Data_sheet<\/a><\/p>\n","protected":false},"excerpt":{"rendered":"<p>LONGI 405W aurinkopaneeli on aurinkos\u00e4hk\u00f6moduuli, jonka teho on 405W. Sen on valmistanut LONGI Solar. Se on monokiteinen paneeli, jossa on korkea hy\u00f6tysuhde ja suorituskyky ja se on tarkoitettu asennettavaksi rakennusten katoille tai erityisrakenteisiin ulkona. Paneeli kest\u00e4\u00e4 hyvin s\u00e4\u00e4olosuhteita ja sill\u00e4 on laadun ja turvallisuuden sertifikaatteja, kuten TUV, CE, cULus, cTUVus, IEC, MCS, CEC. Se on ymp\u00e4rist\u00f6yst\u00e4v\u00e4llinen paneeli, jonka hiilidioksidip\u00e4\u00e4st\u00f6t tuotantoprosessissa ovat v\u00e4h\u00e4iset.<\/p>\n<p>&nbsp;<\/p>\n<p>&nbsp;<\/p>\n","protected":false},"featured_media":24531,"comment_status":"open","ping_status":"closed","template":"","meta":{"_acf_changed":false},"factory":[],"free-shipment":[],"product_brand":[],"product_cat":[1333,1332],"product_tag":[1417],"class_list":{"0":"post-27706","1":"product","2":"type-product","3":"status-publish","4":"has-post-thumbnail","6":"product_cat-aurinkoenergiaa","7":"product_cat-uusiutuva-energia","8":"product_tag-renewable-energy-fi","10":"first","11":"instock","12":"sale","13":"taxable","14":"shipping-taxable","15":"purchasable","16":"product-type-simple"},"acf":[],"_links":{"self":[{"href":"https:\/\/factory.sale\/fi\/wp-json\/wp\/v2\/product\/27706","targetHints":{"allow":["GET"]}}],"collection":[{"href":"https:\/\/factory.sale\/fi\/wp-json\/wp\/v2\/product"}],"about":[{"href":"https:\/\/factory.sale\/fi\/wp-json\/wp\/v2\/types\/product"}],"replies":[{"embeddable":true,"href":"https:\/\/factory.sale\/fi\/wp-json\/wp\/v2\/comments?post=27706"}],"wp:featuredmedia":[{"embeddable":true,"href":"https:\/\/factory.sale\/fi\/wp-json\/wp\/v2\/media\/24531"}],"wp:attachment":[{"href":"https:\/\/factory.sale\/fi\/wp-json\/wp\/v2\/media?parent=27706"}],"wp:term":[{"taxonomy":"factory","embeddable":true,"href":"https:\/\/factory.sale\/fi\/wp-json\/wp\/v2\/factory?post=27706"},{"taxonomy":"free-shipment","embeddable":true,"href":"https:\/\/factory.sale\/fi\/wp-json\/wp\/v2\/free-shipment?post=27706"},{"taxonomy":"product_brand","embeddable":true,"href":"https:\/\/factory.sale\/fi\/wp-json\/wp\/v2\/product_brand?post=27706"},{"taxonomy":"product_cat","embeddable":true,"href":"https:\/\/factory.sale\/fi\/wp-json\/wp\/v2\/product_cat?post=27706"},{"taxonomy":"product_tag","embeddable":true,"href":"https:\/\/factory.sale\/fi\/wp-json\/wp\/v2\/product_tag?post=27706"}],"curies":[{"name":"wp","href":"https:\/\/api.w.org\/{rel}","templated":true}]}}