{"id":27698,"date":"2023-03-08T11:35:51","date_gmt":"2023-05-09T07:32:50","guid":{"rendered":"https:\/\/factory.sale\/?post_type=product&#038;p=27698"},"modified":"2024-06-25T12:46:33","modified_gmt":"2024-06-25T12:46:33","slug":"jinko-bifacial-fotovoltaipaneeli-535w-hopea-vari","status":"publish","type":"product","link":"https:\/\/factory.sale\/fi\/tuote\/jinko-bifacial-fotovoltaipaneeli-535w-hopea-vari\/","title":{"rendered":"JINKO Bifacial -aurinkopaneeli 535W (hopea v\u00e4ri)"},"content":{"rendered":"<p>JINKO Bifacial 535W on aurinkopaneeli, jonka teho on 535 wattia. Se on kaksipuolinen rakenteeltaan, mik\u00e4 mahdollistaa energian ker\u00e4\u00e4misen sek\u00e4 paneelin etupuolelta ett\u00e4 takapuolelta. Paneeli on valmistettu korkealaatuisesta monokiteisest\u00e4 piist\u00e4, mik\u00e4 varmistaa sen korkean tehokkuuden ja kest\u00e4vyyden. Sen maksimitehokkuus ylt\u00e4\u00e4 22 prosenttiin. Paneeli on helppo asentaa ja se on yhteensopiva erilaisten inverttereiden kanssa. Sen kompakti rakenne mahdollistaa sen k\u00e4yt\u00f6n erilaisissa olosuhteissa ja erilaisilla pinnoilla.<\/p>\n<p>&nbsp;<\/p>\n<p><strong>JINKO Bifacial 535W -aurinkopaneelin t\u00e4rkeimm\u00e4t ominaisuudet:<\/strong><\/p>\n<p>Tiling Ribbon + Half Cell -teknologia<\/p>\n<ul>\n<li>TR-tekniikka yhdistettyn\u00e4 Half Cell -soluihin poistaa aukot solujen v\u00e4lilt\u00e4 ja lis\u00e4\u00e4 moduulin tehokkuutta (jopa 21,24 % kaksipuolisissa moduuleissa)<\/li>\n<\/ul>\n<p>10 busbaria 5 sijaan &#8211; Multi Bus Bar<\/p>\n<ul>\n<li>10-busbarinen (MBB) tekniikka v\u00e4hent\u00e4\u00e4 kiskojen ja elektrodiritil\u00e4n et\u00e4isyytt\u00e4 ja mahdollistaa tehotason nostamisen.<\/li>\n<\/ul>\n<p>Suurempi tuotto koko elinkaaren ajan<\/p>\n<ul>\n<li>2 % hajoaminen ensimm\u00e4isen\u00e4 vuonna, 0,55 % lineaarinen hajoaminen<\/li>\n<\/ul>\n<p>Parhaat takuuehdot: 15 vuoden tuotetakuu, 25 vuoden lineaarinen suorituskykytakuu<\/p>\n<p>Suurempi mekaaninen lujuus<\/p>\n<ul>\n<li>Sertifioitu: tuulen kuormitus (2400 Pa), lumikuormitus (5400 Pa)<\/li>\n<\/ul>\n<p>&nbsp;<\/p>\n<p><strong>Perustiedot JINKO 535W -aurinkopaneelista:<\/strong><\/p>\n<ul>\n<li>Maksimiteho (W): 535<\/li>\n<li>Avoin piirij\u00e4nnite (Voc \/ V): 49,34<\/li>\n<li>Oikosulkuvirta (Isc \/ A): 13,79<\/li>\n<li>Tehon maksimipisteess\u00e4 oleva j\u00e4nnite (V): 40,63<\/li>\n<li>Tehon maksimipisteess\u00e4 oleva virta (A): 13,7<\/li>\n<li>Moduulin hy\u00f6tysuhde [%]: 20,75<\/li>\n<li>Mitat [mm]: 2274 x 1134 x 35<\/li>\n<li>Paino [kg]: 28,9<\/li>\n<li>Tuotekoodi: jink535<\/li>\n<\/ul>\n<p>&nbsp;<\/p>\n<p><strong>*Hinta on voimassa v\u00e4hint\u00e4\u00e4n 1 lavan tilauksille.<\/strong><\/p>\n<p>&nbsp;<\/p>\n<p>&nbsp;<\/p>\n<p><a href=\"https:\/\/factory.sale\/wp-content\/uploads\/2023\/03\/Installation-Manual-Jinko-IEC-updated-version-2023.01.03.pdf\" target=\"_blank\" rel=\"noopener\">K\u00e4ytt\u00f6ohje<\/a><\/p>\n<p><a href=\"https:\/\/factory.sale\/wp-content\/uploads\/2023\/03\/JKM530-550M-72HL4-BDVP-F3.1-EN.pdf\" target=\"_blank\" rel=\"noopener\">Jinko Solar_pdf<\/a><\/p>\n<p>&nbsp;<\/p>\n","protected":false},"excerpt":{"rendered":"<p>JINKO Bifacial 535W on aurinkopaneeli, jonka teho on 535 wattia. Se on kaksipuolinen rakenteeltaan, mik\u00e4 mahdollistaa energian ker\u00e4\u00e4misen sek\u00e4 paneelin etupuolelta ett\u00e4 takapuolelta. Paneeli on valmistettu korkealaatuisesta monokiteisest\u00e4 piist\u00e4, mik\u00e4 varmistaa sen korkean tehokkuuden ja kest\u00e4vyyden. Sen maksimitehokkuus ylt\u00e4\u00e4 22 prosenttiin. Paneeli on helppo asentaa ja se on yhteensopiva erilaisten inverttereiden kanssa. Sen kompakti rakenne mahdollistaa sen k\u00e4yt\u00f6n erilaisissa olosuhteissa ja erilaisilla pinnoilla.<\/p>\n","protected":false},"featured_media":24510,"comment_status":"open","ping_status":"closed","template":"","meta":{"_acf_changed":false},"factory":[],"free-shipment":[],"product_brand":[],"product_cat":[1333,1332],"product_tag":[1417],"class_list":{"0":"post-27698","1":"product","2":"type-product","3":"status-publish","4":"has-post-thumbnail","6":"product_cat-aurinkoenergiaa","7":"product_cat-uusiutuva-energia","8":"product_tag-renewable-energy-fi","10":"first","11":"instock","12":"sale","13":"taxable","14":"shipping-taxable","15":"purchasable","16":"product-type-simple"},"acf":[],"_links":{"self":[{"href":"https:\/\/factory.sale\/fi\/wp-json\/wp\/v2\/product\/27698","targetHints":{"allow":["GET"]}}],"collection":[{"href":"https:\/\/factory.sale\/fi\/wp-json\/wp\/v2\/product"}],"about":[{"href":"https:\/\/factory.sale\/fi\/wp-json\/wp\/v2\/types\/product"}],"replies":[{"embeddable":true,"href":"https:\/\/factory.sale\/fi\/wp-json\/wp\/v2\/comments?post=27698"}],"wp:featuredmedia":[{"embeddable":true,"href":"https:\/\/factory.sale\/fi\/wp-json\/wp\/v2\/media\/24510"}],"wp:attachment":[{"href":"https:\/\/factory.sale\/fi\/wp-json\/wp\/v2\/media?parent=27698"}],"wp:term":[{"taxonomy":"factory","embeddable":true,"href":"https:\/\/factory.sale\/fi\/wp-json\/wp\/v2\/factory?post=27698"},{"taxonomy":"free-shipment","embeddable":true,"href":"https:\/\/factory.sale\/fi\/wp-json\/wp\/v2\/free-shipment?post=27698"},{"taxonomy":"product_brand","embeddable":true,"href":"https:\/\/factory.sale\/fi\/wp-json\/wp\/v2\/product_brand?post=27698"},{"taxonomy":"product_cat","embeddable":true,"href":"https:\/\/factory.sale\/fi\/wp-json\/wp\/v2\/product_cat?post=27698"},{"taxonomy":"product_tag","embeddable":true,"href":"https:\/\/factory.sale\/fi\/wp-json\/wp\/v2\/product_tag?post=27698"}],"curies":[{"name":"wp","href":"https:\/\/api.w.org\/{rel}","templated":true}]}}