{"id":27689,"date":"2023-03-06T19:30:16","date_gmt":"2023-05-08T21:16:58","guid":{"rendered":"https:\/\/factory.sale\/?post_type=product&#038;p=27689"},"modified":"2024-06-26T12:15:50","modified_gmt":"2024-06-26T12:15:50","slug":"cozy-tulikuoppa","status":"publish","type":"product","link":"https:\/\/factory.sale\/fi\/tuote\/cozy-tulikuoppa\/","title":{"rendered":"COZY tulipes\u00e4"},"content":{"rendered":"<p>Kenellek\u00e4\u00e4n ei ole vieras tilanne, jossa liian l\u00e4hell\u00e4 tulta oleminen on siet\u00e4m\u00e4tt\u00f6m\u00e4n kuumaa ja ep\u00e4mukavan viile\u00e4\u00e4, kun olet kaukana siit\u00e4. COZY FIRE -tulipaikka antaa sinun pysy\u00e4 tulen v\u00e4litt\u00f6m\u00e4ss\u00e4 l\u00e4heisyydess\u00e4, sill\u00e4 kivet asetetaan ulko- ja sis\u00e4verkon v\u00e4liin. Kivet suojaavat kuumalta liekilt\u00e4 ja antavat samalla miellytt\u00e4v\u00e4\u00e4 l\u00e4mp\u00f6\u00e4.<\/p>\n<p>T\u00e4m\u00e4 takka sopii erinomaisesti k\u00e4ytett\u00e4v\u00e4ksi my\u00f6s talvi-iltoina, sill\u00e4 kivien v\u00e4list\u00e4 n\u00e4kyv\u00e4 heijastuva valo j\u00e4tt\u00e4\u00e4 erityisen juhlavan vaikutelman. COZY FIRE -takka on niin kaunis pime\u00e4ss\u00e4, ett\u00e4 uudenvuodenaattonakaan ei haluta laukaista ilotulitteita, vaan vain nauttia takan tarjoamasta liekkien leikist\u00e4.<\/p>\n<p>T\u00e4m\u00e4 ainutlaatuinen tulipes\u00e4 mahdollistaa el\u00e4v\u00e4st\u00e4 tulesta tai grillauksesta nauttimisen ymp\u00e4ri vuoden!<\/p>\n<p>K\u00e4yt\u00e4 vain puhdasta puuta polttoaineena.<\/p>\n<p>Kivet eiv\u00e4t sis\u00e4lly!<\/p>\n<p>Noudata paikallisia s\u00e4\u00e4nt\u00f6j\u00e4 avotulen tekemiseen!<\/p>\n<p>&nbsp;<\/p>\n<p><strong>Tekniset tiedot:<\/strong><\/p>\n<ul>\n<li>leveys: 75 cm<\/li>\n<li>korkeus: 65 cm<\/li>\n<li>verkon korkeus: 45 cm<\/li>\n<li>paino: 12 kg<\/li>\n<li>polttoaine: puu<\/li>\n<\/ul>\n","protected":false},"excerpt":{"rendered":"<p>T\u00e4m\u00e4 ainutlaatuinen tulipes\u00e4 mahdollistaa el\u00e4v\u00e4st\u00e4 tulesta tai grillauksesta nauttimisen ymp\u00e4ri vuoden!<\/p>\n","protected":false},"featured_media":24309,"comment_status":"open","ping_status":"closed","template":"","meta":{"_acf_changed":false},"factory":[],"free-shipment":[],"product_brand":[],"product_cat":[997],"product_tag":[2318],"class_list":{"0":"post-27689","1":"product","2":"type-product","3":"status-publish","4":"has-post-thumbnail","6":"product_cat-piha-puutarha-fi","7":"product_tag-cozy-fi","9":"first","10":"instock","11":"sale","12":"taxable","13":"shipping-taxable","14":"purchasable","15":"product-type-simple"},"acf":[],"_links":{"self":[{"href":"https:\/\/factory.sale\/fi\/wp-json\/wp\/v2\/product\/27689","targetHints":{"allow":["GET"]}}],"collection":[{"href":"https:\/\/factory.sale\/fi\/wp-json\/wp\/v2\/product"}],"about":[{"href":"https:\/\/factory.sale\/fi\/wp-json\/wp\/v2\/types\/product"}],"replies":[{"embeddable":true,"href":"https:\/\/factory.sale\/fi\/wp-json\/wp\/v2\/comments?post=27689"}],"wp:featuredmedia":[{"embeddable":true,"href":"https:\/\/factory.sale\/fi\/wp-json\/wp\/v2\/media\/24309"}],"wp:attachment":[{"href":"https:\/\/factory.sale\/fi\/wp-json\/wp\/v2\/media?parent=27689"}],"wp:term":[{"taxonomy":"factory","embeddable":true,"href":"https:\/\/factory.sale\/fi\/wp-json\/wp\/v2\/factory?post=27689"},{"taxonomy":"free-shipment","embeddable":true,"href":"https:\/\/factory.sale\/fi\/wp-json\/wp\/v2\/free-shipment?post=27689"},{"taxonomy":"product_brand","embeddable":true,"href":"https:\/\/factory.sale\/fi\/wp-json\/wp\/v2\/product_brand?post=27689"},{"taxonomy":"product_cat","embeddable":true,"href":"https:\/\/factory.sale\/fi\/wp-json\/wp\/v2\/product_cat?post=27689"},{"taxonomy":"product_tag","embeddable":true,"href":"https:\/\/factory.sale\/fi\/wp-json\/wp\/v2\/product_tag?post=27689"}],"curies":[{"name":"wp","href":"https:\/\/api.w.org\/{rel}","templated":true}]}}