{"id":27684,"date":"2023-01-17T09:28:40","date_gmt":"2023-05-08T10:41:53","guid":{"rendered":"https:\/\/factory.sale\/?post_type=product&#038;p=27684"},"modified":"2024-06-26T14:46:40","modified_gmt":"2024-06-26T14:46:40","slug":"hr-g50-sahkopyora","status":"publish","type":"product","link":"https:\/\/factory.sale\/fi\/tuote\/hr-g50-sahkopyora\/","title":{"rendered":"HR-G50 s\u00e4hk\u00f6py\u00f6r\u00e4"},"content":{"rendered":"<table style=\"height: 2274px;\" width=\"858\" cellspacing=\"0\" cellpadding=\"0\">\n<tbody>\n<tr>\n<td valign=\"middle\">Tuotteen nimi<\/p>\n<p>&nbsp;<\/td>\n<td valign=\"middle\">\n<p align=\"center\">Off-road s\u00e4hk\u00f6py\u00f6r\u00e4 20 tuuman fat renkailla<\/p>\n<\/td>\n<\/tr>\n<tr>\n<td valign=\"middle\">Mallinumero<\/td>\n<td valign=\"middle\">\n<p align=\"center\">HR-G50<\/p>\n<\/td>\n<\/tr>\n<tr>\n<td valign=\"middle\">N.W.<\/td>\n<td valign=\"middle\">\n<p align=\"center\">34 kg<\/p>\n<\/td>\n<\/tr>\n<tr>\n<td valign=\"middle\">G.W.<\/td>\n<td valign=\"middle\">\n<p align=\"center\">42 kg<\/p>\n<\/td>\n<\/tr>\n<tr>\n<td valign=\"middle\">Tuotteen koko LWH<\/td>\n<td valign=\"middle\">\n<p align=\"center\">160*63*125cm<\/p>\n<\/td>\n<\/tr>\n<tr>\n<td valign=\"middle\">Pakkauskoko LWH<\/td>\n<td valign=\"middle\">\n<p align=\"center\">142,5*27*86,5 cm<\/p>\n<\/td>\n<\/tr>\n<tr>\n<td valign=\"middle\">Moottorin tyyppi<\/td>\n<td valign=\"middle\">\n<p align=\"center\">48 V, 20 tuuman nopea harjaton vaihdemoottori<\/p>\n<\/td>\n<\/tr>\n<tr>\n<td valign=\"middle\">Moottorin nimellisteho<\/td>\n<td valign=\"middle\">\n<p align=\"center\">500 W<\/p>\n<\/td>\n<\/tr>\n<tr>\n<td valign=\"middle\">Moottorin huipputeho<\/td>\n<td valign=\"middle\">\n<p align=\"center\">1000 W<\/p>\n<\/td>\n<\/tr>\n<tr>\n<td valign=\"middle\">Vaihdesarja<\/td>\n<td valign=\"middle\">\n<p align=\"center\">7 vaihdetta, Shimano takavaihtaja<\/p>\n<\/td>\n<\/tr>\n<tr>\n<td valign=\"middle\">Kampisarja<\/td>\n<td valign=\"middle\">\n<p align=\"center\">3\/32*42T*170 MM<\/p>\n<\/td>\n<\/tr>\n<tr>\n<td valign=\"middle\">Freewhee<\/td>\n<td valign=\"middle\">\n<p align=\"center\">Shimano takana 7-vaihteinen, 14-28T<\/p>\n<\/td>\n<\/tr>\n<tr>\n<td valign=\"middle\">Ketju<\/td>\n<td valign=\"middle\">\n<p align=\"center\">Ruostumaton<\/p>\n<\/td>\n<\/tr>\n<tr>\n<td valign=\"middle\">V\u00e4\u00e4nt\u00f6momentti<\/td>\n<td valign=\"middle\">\n<p align=\"center\">50-70 Nm<\/p>\n<\/td>\n<\/tr>\n<tr>\n<td valign=\"middle\">Akun j\u00e4nnite<\/td>\n<td valign=\"middle\">\n<p align=\"center\">48 V, 15 Ah litiumakku<\/p>\n<\/td>\n<\/tr>\n<tr>\n<td valign=\"middle\">Akun kapasiteetti<\/td>\n<td valign=\"middle\">\n<p align=\"center\">720 Wh<\/p>\n<\/td>\n<\/tr>\n<tr>\n<td valign=\"middle\">Akun kennotyyppi<\/td>\n<td valign=\"middle\">\n<p align=\"center\">18650<\/p>\n<\/td>\n<\/tr>\n<tr>\n<td valign=\"middle\">Irrotettava<\/td>\n<td valign=\"middle\">\n<p align=\"center\">Kyll\u00e4<\/p>\n<\/td>\n<\/tr>\n<tr>\n<td valign=\"middle\">Laturin parametrit<\/td>\n<td valign=\"middle\">\n<p align=\"center\">54,6 V, 2 A DC<\/p>\n<\/td>\n<\/tr>\n<tr>\n<td valign=\"middle\">Laturin j\u00e4nnite<\/td>\n<td valign=\"middle\">\n<p align=\"center\">110V ~ 220V 50-60Hz<\/p>\n<\/td>\n<\/tr>\n<tr>\n<td valign=\"middle\">Latausaika<\/td>\n<td valign=\"middle\">\n<p align=\"center\">5-8 h<\/p>\n<\/td>\n<\/tr>\n<tr>\n<td valign=\"middle\">Rungon materiaali<\/td>\n<td valign=\"middle\">\n<p align=\"center\">45# ter\u00e4st\u00e4<\/p>\n<\/td>\n<\/tr>\n<tr>\n<td valign=\"middle\">V\u00e4ri<\/td>\n<td valign=\"middle\">\n<p align=\"center\">Musta<\/p>\n<\/td>\n<\/tr>\n<tr>\n<td valign=\"middle\">Kuljettajan painorajoitus<\/td>\n<td valign=\"middle\">\n<p align=\"center\">150 kg<\/p>\n<\/td>\n<\/tr>\n<tr>\n<td valign=\"middle\">Maksiminopeus<\/td>\n<td valign=\"middle\">\n<p align=\"center\">50 km\/h<\/p>\n<\/td>\n<\/tr>\n<tr>\n<td valign=\"middle\">Alue<\/td>\n<td valign=\"middle\">\n<p align=\"center\">50 km<\/p>\n<\/td>\n<\/tr>\n<tr>\n<td valign=\"middle\">Renkaat<\/td>\n<td valign=\"middle\">\n<p align=\"center\">20 tuuman * 4,0 rasvarenkaat<\/p>\n<\/td>\n<\/tr>\n<tr>\n<td valign=\"middle\">Jarrut<\/td>\n<td valign=\"middle\">\n<p align=\"center\">Etulevy + takalevy<\/p>\n<\/td>\n<\/tr>\n<tr>\n<td valign=\"middle\">Jousitukset<\/td>\n<td valign=\"middle\">\n<p align=\"center\">Etuhaarukan jousitus + takajousitus<\/p>\n<\/td>\n<\/tr>\n<tr>\n<td valign=\"middle\">Kiipeilykulma<\/td>\n<td valign=\"middle\">\n<p align=\"center\">\u226515\u00b0<\/p>\n<\/td>\n<\/tr>\n<tr>\n<td valign=\"middle\">Valot<\/td>\n<td valign=\"middle\">\n<p align=\"center\">Etu-LED-valo + aktiivinen jarruvalo + takavilkku<\/p>\n<\/td>\n<\/tr>\n<tr>\n<td valign=\"middle\">Ohjain<\/td>\n<td valign=\"middle\">\n<p align=\"center\">48 V, 22 A \u00c4lyk\u00e4s ohjausj\u00e4rjestelm\u00e4<\/p>\n<\/td>\n<\/tr>\n<tr>\n<td valign=\"middle\">N\u00e4ytt\u00f6<\/td>\n<td valign=\"middle\">\n<p align=\"center\">LED<\/p>\n<\/td>\n<\/tr>\n<tr>\n<td valign=\"middle\">Haarukka<\/td>\n<td valign=\"middle\">\n<p align=\"center\">45# ter\u00e4st\u00e4<\/p>\n<\/td>\n<\/tr>\n<tr>\n<td valign=\"middle\">Ty\u00f6l\u00e4mp.<\/td>\n<td valign=\"middle\">\n<p align=\"center\">-10 \u2103 ~ 40 \u2103<\/p>\n<\/td>\n<\/tr>\n<tr>\n<td valign=\"middle\">Varastointil\u00e4mp\u00f6tila<\/td>\n<td valign=\"middle\">\n<p align=\"center\">-20 \u2103 ~ 45 \u2103<\/p>\n<\/td>\n<\/tr>\n<tr>\n<td valign=\"middle\">Vedenpit\u00e4v\u00e4 luokka<\/td>\n<td valign=\"middle\">\n<p align=\"center\">IP54<\/p>\n<\/td>\n<\/tr>\n<tr>\n<td valign=\"middle\">Lis\u00e4tarvikkeet<\/td>\n<td valign=\"middle\">\n<p align=\"center\">Laturi, k\u00e4ytt\u00f6ohje, ty\u00f6kalut<\/p>\n<\/td>\n<\/tr>\n<tr>\n<td valign=\"middle\">Sertifiointi<\/td>\n<td valign=\"middle\">\n<p align=\"center\">CE, FCC, RoHS, UN38.3, k\u00e4ytt\u00f6turvallisuustiedote<\/p>\n<\/td>\n<\/tr>\n<\/tbody>\n<\/table>\n<p>&nbsp;<\/p>\n<p>Toimitusaika on normaalisti 15-40 ty\u00f6p\u00e4iv\u00e4\u00e4.<br \/>\nTakuu: T\u00e4ysi 1 vuoden takuu moottorille ja emolevylle, puoli vuotta akulle.<\/p>\n","protected":false},"excerpt":{"rendered":"<p>S\u00e4hk\u00f6py\u00f6r\u00e4t tarjoavat todella kest\u00e4v\u00e4n vaihtoehdon autolle.<\/p>\n","protected":false},"featured_media":21222,"comment_status":"open","ping_status":"closed","template":"","meta":{"_acf_changed":false},"factory":[],"free-shipment":[],"product_brand":[],"product_cat":[1313,1311],"product_tag":[],"class_list":{"0":"post-27684","1":"product","2":"type-product","3":"status-publish","4":"has-post-thumbnail","6":"product_cat-kulkuvalineet","7":"product_cat-viihde-elektroniikka","9":"first","10":"instock","11":"sale","12":"taxable","13":"shipping-taxable","14":"purchasable","15":"product-type-simple"},"acf":[],"_links":{"self":[{"href":"https:\/\/factory.sale\/fi\/wp-json\/wp\/v2\/product\/27684","targetHints":{"allow":["GET"]}}],"collection":[{"href":"https:\/\/factory.sale\/fi\/wp-json\/wp\/v2\/product"}],"about":[{"href":"https:\/\/factory.sale\/fi\/wp-json\/wp\/v2\/types\/product"}],"replies":[{"embeddable":true,"href":"https:\/\/factory.sale\/fi\/wp-json\/wp\/v2\/comments?post=27684"}],"wp:featuredmedia":[{"embeddable":true,"href":"https:\/\/factory.sale\/fi\/wp-json\/wp\/v2\/media\/21222"}],"wp:attachment":[{"href":"https:\/\/factory.sale\/fi\/wp-json\/wp\/v2\/media?parent=27684"}],"wp:term":[{"taxonomy":"factory","embeddable":true,"href":"https:\/\/factory.sale\/fi\/wp-json\/wp\/v2\/factory?post=27684"},{"taxonomy":"free-shipment","embeddable":true,"href":"https:\/\/factory.sale\/fi\/wp-json\/wp\/v2\/free-shipment?post=27684"},{"taxonomy":"product_brand","embeddable":true,"href":"https:\/\/factory.sale\/fi\/wp-json\/wp\/v2\/product_brand?post=27684"},{"taxonomy":"product_cat","embeddable":true,"href":"https:\/\/factory.sale\/fi\/wp-json\/wp\/v2\/product_cat?post=27684"},{"taxonomy":"product_tag","embeddable":true,"href":"https:\/\/factory.sale\/fi\/wp-json\/wp\/v2\/product_tag?post=27684"}],"curies":[{"name":"wp","href":"https:\/\/api.w.org\/{rel}","templated":true}]}}