{"id":27679,"date":"2023-01-16T14:13:21","date_gmt":"2023-05-08T10:12:57","guid":{"rendered":"https:\/\/factory.sale\/?post_type=product&#038;p=27679"},"modified":"2024-06-26T20:05:48","modified_gmt":"2024-06-26T20:05:48","slug":"hr-2006-sahkopolkupyora","status":"publish","type":"product","link":"https:\/\/factory.sale\/fi\/tuote\/hr-2006-sahkopolkupyora\/","title":{"rendered":"HR-2006 s\u00e4hk\u00f6polkupy\u00f6r\u00e4"},"content":{"rendered":"<table border=\"0\" cellspacing=\"0\">\n<colgroup width=\"310\"><\/colgroup>\n<colgroup width=\"818\"><\/colgroup>\n<tbody>\n<tr>\n<td align=\"left\" valign=\"middle\" bgcolor=\"#C0C0C0\" height=\"35\">Tuotteen nimi<\/td>\n<td align=\"center\" valign=\"middle\" bgcolor=\"#C0C0C0\">kokoontaitettava s\u00e4hk\u00f6py\u00f6r\u00e4 20 tuuman laajennetuilla lumipainerenkailla<\/td>\n<\/tr>\n<tr>\n<td align=\"left\" valign=\"middle\" height=\"35\">Mallinumero<\/td>\n<td align=\"center\" valign=\"middle\">HR-2006<\/td>\n<\/tr>\n<tr>\n<td align=\"left\" valign=\"middle\" bgcolor=\"#C0C0C0\" height=\"35\">N.W.<\/td>\n<td align=\"center\" valign=\"middle\" bgcolor=\"#C0C0C0\">\u00a030 kg<\/td>\n<\/tr>\n<tr>\n<td align=\"left\" valign=\"middle\" height=\"35\">G.W.<\/td>\n<td align=\"center\" valign=\"middle\">35 kg<\/td>\n<\/tr>\n<tr>\n<td align=\"left\" valign=\"middle\" bgcolor=\"#C0C0C0\" height=\"35\">Koko (avattu) LWH<\/td>\n<td align=\"center\" valign=\"middle\" bgcolor=\"#C0C0C0\">\u00a0173*53*12,4 CM<\/td>\n<\/tr>\n<tr>\n<td align=\"left\" valign=\"middle\" height=\"35\">Koko (taitettu) LWH<\/td>\n<td align=\"center\" valign=\"middle\">\u00a0100,5*44*71,5 CM<\/td>\n<\/tr>\n<tr>\n<td align=\"left\" valign=\"middle\" bgcolor=\"#C0C0C0\" height=\"35\">Pakkauskoko LWH<\/td>\n<td align=\"center\" valign=\"middle\" bgcolor=\"#C0C0C0\">101*48*71 CM<\/td>\n<\/tr>\n<tr>\n<td align=\"left\" valign=\"middle\" height=\"35\">Moottorityyppi<\/td>\n<td align=\"center\" valign=\"middle\">Harjaton Hall DC-moottori<\/td>\n<\/tr>\n<tr>\n<td align=\"left\" valign=\"middle\" bgcolor=\"#C0C0C0\" height=\"35\">Moottorin nimellisteho<\/td>\n<td align=\"center\" valign=\"middle\" bgcolor=\"#C0C0C0\">350 W<\/td>\n<\/tr>\n<tr>\n<td align=\"left\" valign=\"middle\" height=\"35\">Moottorin huipputeho<\/td>\n<td align=\"center\" valign=\"middle\">500W<\/td>\n<\/tr>\n<tr>\n<td align=\"left\" valign=\"middle\" height=\"35\">Akkukenno tyyppi<\/td>\n<td align=\"center\" valign=\"middle\">18650<\/td>\n<\/tr>\n<tr>\n<td align=\"left\" valign=\"middle\" bgcolor=\"#C0C0C0\" height=\"35\">Akun j\u00e4nnite<\/td>\n<td align=\"center\" valign=\"middle\" bgcolor=\"#C0C0C0\">\u00a036 V, 10 Ah<\/td>\n<\/tr>\n<tr>\n<td align=\"left\" valign=\"middle\" height=\"35\">Akun kapasiteetti<\/td>\n<td align=\"center\" valign=\"middle\">\u00a0360 Wh<\/td>\n<\/tr>\n<tr>\n<td align=\"left\" valign=\"middle\" bgcolor=\"#C0C0C0\" height=\"35\">Laturin parametrit<\/td>\n<td align=\"center\" valign=\"middle\" bgcolor=\"#C0C0C0\">42V 1,5A<\/td>\n<\/tr>\n<tr>\n<td align=\"left\" valign=\"middle\" height=\"35\">Laturin j\u00e4nnite<\/td>\n<td align=\"center\" valign=\"middle\">\u00a0110V ~ 220V 50-60Hz<\/td>\n<\/tr>\n<tr>\n<td align=\"left\" valign=\"middle\" bgcolor=\"#C0C0C0\" height=\"35\">Latausaika<\/td>\n<td align=\"center\" valign=\"middle\" bgcolor=\"#C0C0C0\">\u00a0Noin 5 tuntia<\/td>\n<\/tr>\n<tr>\n<td align=\"left\" valign=\"middle\" height=\"35\">Kantama<\/td>\n<td align=\"center\" valign=\"middle\">\u00a050 km<\/td>\n<\/tr>\n<tr>\n<td align=\"left\" valign=\"middle\" bgcolor=\"#C0C0C0\" height=\"35\">Renkaat<\/td>\n<td align=\"center\" valign=\"middle\" bgcolor=\"#C0C0C0\">20 tuuman *4.0 Levennetyt lumipaineilmarenkaat<\/td>\n<\/tr>\n<tr>\n<td align=\"left\" valign=\"middle\" height=\"35\">Jarrut<\/td>\n<td align=\"center\" valign=\"middle\">edess\u00e4 ja takana Levyjarrut<\/td>\n<\/tr>\n<tr>\n<td align=\"left\" valign=\"middle\" bgcolor=\"#C0C0C0\" height=\"35\">Jousitukset<\/td>\n<td align=\"center\" valign=\"middle\" bgcolor=\"#C0C0C0\">edess\u00e4 kaksoisjousitus<\/td>\n<\/tr>\n<tr>\n<td align=\"left\" valign=\"middle\" height=\"35\">Kuljettajan painorajoitus<\/td>\n<td align=\"center\" valign=\"middle\">150 kg<\/td>\n<\/tr>\n<tr>\n<td align=\"left\" valign=\"middle\" bgcolor=\"#C0C0C0\" height=\"35\">Suurin nopeus<\/td>\n<td align=\"center\" valign=\"middle\" bgcolor=\"#C0C0C0\">25 km\/h<\/td>\n<\/tr>\n<tr>\n<td align=\"left\" valign=\"middle\" height=\"35\">Kiipeilykulma<\/td>\n<td align=\"center\" valign=\"middle\">15\u00b0<\/td>\n<\/tr>\n<tr>\n<td align=\"left\" valign=\"middle\" bgcolor=\"#C0C0C0\" height=\"35\">Ajovalo<\/td>\n<td align=\"center\" valign=\"middle\" bgcolor=\"#C0C0C0\">KYLL\u00c4<\/td>\n<\/tr>\n<tr>\n<td align=\"left\" valign=\"middle\" height=\"35\">Led-takavalo<\/td>\n<td align=\"center\" valign=\"middle\">NO<\/td>\n<\/tr>\n<tr>\n<td align=\"left\" valign=\"middle\" bgcolor=\"#C0C0C0\" height=\"35\">SOVELLUS<\/td>\n<td align=\"center\" valign=\"middle\" bgcolor=\"#C0C0C0\">\u00a0NO<\/td>\n<\/tr>\n<tr>\n<td align=\"left\" valign=\"middle\" height=\"35\">Ty\u00f6l\u00e4mp.<\/td>\n<td align=\"center\" valign=\"middle\">-10 \u2103 -40 \u2103<\/td>\n<\/tr>\n<tr>\n<td align=\"left\" valign=\"middle\" bgcolor=\"#C0C0C0\" height=\"35\">Varastointil\u00e4mp\u00f6tila<\/td>\n<td align=\"center\" valign=\"middle\" bgcolor=\"#C0C0C0\">-20 \u2103 -45 \u2103<\/td>\n<\/tr>\n<tr>\n<td align=\"left\" valign=\"middle\" height=\"35\">Vesitiivis luokka<\/td>\n<td align=\"center\" valign=\"middle\">IP54<\/td>\n<\/tr>\n<tr>\n<td align=\"left\" valign=\"middle\" bgcolor=\"#C0C0C0\" height=\"35\">Materiaali<\/td>\n<td align=\"center\" valign=\"middle\" bgcolor=\"#C0C0C0\">\u00a0alumiiniseos<\/td>\n<\/tr>\n<tr>\n<td align=\"left\" valign=\"middle\" height=\"35\">Lis\u00e4varusteet<\/td>\n<td align=\"center\" valign=\"middle\">Laturi, K\u00e4ytt\u00f6opas, Ty\u00f6kalut<\/td>\n<\/tr>\n<tr>\n<td align=\"left\" valign=\"middle\" bgcolor=\"#C0C0C0\" height=\"35\">Sertifiointi<\/td>\n<td align=\"center\" valign=\"middle\" bgcolor=\"#C0C0C0\">CE, ROHS, FCC, MSDS, UN38.3<\/td>\n<\/tr>\n<\/tbody>\n<\/table>\n<p>&nbsp;<\/p>\n<p>Toimitusaika on normaalisti 15-40 ty\u00f6p\u00e4iv\u00e4\u00e4.<br \/>\nTakuu: T\u00e4ysi 1 vuoden takuu moottorille ja emolevylle, puoli vuotta akulle.<\/p>\n","protected":false},"excerpt":{"rendered":"<p>S\u00e4hk\u00f6polkupy\u00f6r\u00e4n moottori toimii ladattavalla akulla, joten voit ajaa pidemm\u00e4lle ja nopeammin v\u00e4hemm\u00e4ll\u00e4 vaivalla.<\/p>\n","protected":false},"featured_media":21119,"comment_status":"open","ping_status":"closed","template":"","meta":{"_acf_changed":false},"factory":[],"free-shipment":[],"product_brand":[],"product_cat":[1313,1311],"product_tag":[],"class_list":{"0":"post-27679","1":"product","2":"type-product","3":"status-publish","4":"has-post-thumbnail","6":"product_cat-kulkuvalineet","7":"product_cat-viihde-elektroniikka","9":"first","10":"instock","11":"sale","12":"taxable","13":"shipping-taxable","14":"purchasable","15":"product-type-simple"},"acf":[],"_links":{"self":[{"href":"https:\/\/factory.sale\/fi\/wp-json\/wp\/v2\/product\/27679","targetHints":{"allow":["GET"]}}],"collection":[{"href":"https:\/\/factory.sale\/fi\/wp-json\/wp\/v2\/product"}],"about":[{"href":"https:\/\/factory.sale\/fi\/wp-json\/wp\/v2\/types\/product"}],"replies":[{"embeddable":true,"href":"https:\/\/factory.sale\/fi\/wp-json\/wp\/v2\/comments?post=27679"}],"wp:featuredmedia":[{"embeddable":true,"href":"https:\/\/factory.sale\/fi\/wp-json\/wp\/v2\/media\/21119"}],"wp:attachment":[{"href":"https:\/\/factory.sale\/fi\/wp-json\/wp\/v2\/media?parent=27679"}],"wp:term":[{"taxonomy":"factory","embeddable":true,"href":"https:\/\/factory.sale\/fi\/wp-json\/wp\/v2\/factory?post=27679"},{"taxonomy":"free-shipment","embeddable":true,"href":"https:\/\/factory.sale\/fi\/wp-json\/wp\/v2\/free-shipment?post=27679"},{"taxonomy":"product_brand","embeddable":true,"href":"https:\/\/factory.sale\/fi\/wp-json\/wp\/v2\/product_brand?post=27679"},{"taxonomy":"product_cat","embeddable":true,"href":"https:\/\/factory.sale\/fi\/wp-json\/wp\/v2\/product_cat?post=27679"},{"taxonomy":"product_tag","embeddable":true,"href":"https:\/\/factory.sale\/fi\/wp-json\/wp\/v2\/product_tag?post=27679"}],"curies":[{"name":"wp","href":"https:\/\/api.w.org\/{rel}","templated":true}]}}