{"id":27658,"date":"2023-01-14T10:17:19","date_gmt":"2023-05-07T10:11:25","guid":{"rendered":"https:\/\/factory.sale\/?post_type=product&#038;p=27658"},"modified":"2024-06-26T23:35:47","modified_gmt":"2024-06-26T23:35:47","slug":"resysta-komposiitti-lkr70-38s-kammio-profiili-69mm-x-37mm","status":"publish","type":"product","link":"https:\/\/factory.sale\/fi\/tuote\/resysta-komposiitti-lkr70-38s-kammio-profiili-69mm-x-37mm\/","title":{"rendered":"Resysta komposiitti LKR70.38S kammio profiili 69mm x 37mm"},"content":{"rendered":"<p><strong>Tuotekoodi: LKR70.38S<\/strong><\/p>\n<p>Mitat: 69mm x 37mm<br \/>\nPaino: 1,60 kg\/m<br \/>\nMateriaali: RESYSTA<br \/>\nPinnank\u00e4sittely: hiottu nelj\u00e4st\u00e4 sivusta<br \/>\nV\u00e4rit: mik\u00e4 tahansa Resystan v\u00e4rikartan mukainen<br \/>\nK\u00e4ytt\u00f6tarkoitus: terassit, julkisivut<\/p>\n<p><strong>Juoksevan metrin hinta (m) on 9,82 EUR (ei sis. alv)<\/strong><\/p>\n<p><strong>Neli\u00f6metrin hinta on 145,95 EUR (ei sis. alv)<\/strong><\/p>\n<p>&nbsp;<\/p>\n<p>&nbsp;<\/p>\n<p><strong>Tuotekoodi: LKR70.38<\/strong><\/p>\n<p>Mitat: 70mm x 38mm<br \/>\nPaino: 1,50 kg\/m<br \/>\nMateriaali: RESYSTA<br \/>\nPinnank\u00e4sittely: k\u00e4sittelem\u00e4t\u00f6n<br \/>\nK\u00e4ytt\u00f6tarkoitus: terassit, julkisivut<\/p>\n<p><strong>Juoksevan metrin hinta (m) on 5,07 EUR (ei sis. alv)<\/strong><\/p>\n<p><strong>Neli\u00f6metrin hinta on 20,28 EUR (ei sis. alv)<\/strong><\/p>\n<p>&nbsp;<\/p>\n<p><strong>Tuotekoodi: LKR70.38S\/FVG\/RFS<\/strong><\/p>\n<p>Mitat: 69mm x 37mm<br \/>\nPaino: 1,60 kg\/m<br \/>\nMateriaali: RESYSTA<br \/>\nPinnank\u00e4sittely: hiottu nelj\u00e4st\u00e4 sivusta, profiilit maalataan FVG-erikoismaaleilla ja viimeistell\u00e4\u00e4n RFS-lakalla.<br \/>\nV\u00e4rit: mik\u00e4 tahansa Resystan v\u00e4rikartan mukainen<br \/>\nK\u00e4ytt\u00f6tarkoitus: terassit, julkisivut<\/p>\n<p><strong>Juoksevan metrin hinta 3-puolisella FVG&amp;RFS-pinnoitteella on 11,92 EUR (ei sis. alv)<\/strong><\/p>\n<p><strong>3-puolisen FVG&amp;RFS-pinnoitteen neli\u00f6metrihinta on 177,20 EUR (ei sis. alv)<\/strong><\/p>\n<p><strong>Juoksevan metrin hinta 4-puolisella FVG&amp;RFS-pinnoitteella on 13,17 EUR (ei sis. alv)<\/strong><\/p>\n<p><strong>4-puolisen FVG&amp;RFS-pinnoitteen neli\u00f6metrihinta on 195,74 EUR (ei sis. alv)<\/strong><\/p>\n<p>&nbsp;<\/p>\n<p>&nbsp;<\/p>\n<p><strong>Resysta:<\/strong><\/p>\n<ul>\n<li>s\u00e4\u00e4nkest\u00e4v\u00e4, UV-kest\u00e4v\u00e4, ei harmaannu, ei lahoa<\/li>\n<li>v\u00e4ri- ja pintakest\u00e4v\u00e4, ei halkeile, ei vaadi aikaa vievi\u00e4 korjauksia, hiontaa ja maalaamista, ei hilseile pintaa<\/li>\n<li>helppohoitoinen ja kest\u00e4v\u00e4<\/li>\n<li>sieni-iskunkestoluokka 1<\/li>\n<li>helppo asentaa<\/li>\n<li>kest\u00e4v\u00e4 ja kierr\u00e4tett\u00e4v\u00e4<\/li>\n<\/ul>\n<p>Jo t\u00e4n\u00e4\u00e4n Resysta vastaa huomisen teknisiin ja ekologisiin vaatimuksiin. Korkea kest\u00e4vyys ja kest\u00e4v\u00e4 kehitys mahdollistavat t\u00e4ysin uusia sovelluksia. Kuituvahvisteinen hybridi-materiaali on valmistettu noin 60% riisinkuorista, noin 22% tavallisesta suolasta ja noin 18% mineraali\u00f6ljyst\u00e4, mik\u00e4 tekee siit\u00e4 ymp\u00e4rist\u00f6yst\u00e4v\u00e4llisen ja eritt\u00e4in s\u00e4\u00e4nkest\u00e4v\u00e4n auringon, sateen, lumen tai suolaveden vaikutuksilta. Samalla Resysta vaatii v\u00e4h\u00e4n hoitoa ja tarjoaa puun ulkon\u00e4\u00f6n ja tuntuman. Vedenkest\u00e4v\u00e4t pinnat puun ulkon\u00e4\u00f6ll\u00e4 ovat Resystan tulevaisuus.<\/p>\n<p>Kaikki puun parissa ty\u00f6skentelev\u00e4t ovat innostuneita Resystasta. Luonnollisen mallinsa tavoin se voidaan sahata, porata, maalata, hioa tai \u00f6ljyt\u00e4. Yksi ratkaiseva etu on kuitenkin: Resysta ei halkeile eik\u00e4 lohkea, ja sen leikkuuj\u00e4tteet ovat 100 % kierr\u00e4tett\u00e4vi\u00e4. Resystan eri profiileja voidaan k\u00e4ytt\u00e4\u00e4 moniin sovelluksiin.<\/p>\n<p>&nbsp;<\/p>\n","protected":false},"excerpt":{"rendered":"<p>Kaikki puun parissa ty\u00f6skentelev\u00e4t ovat innostuneita Resystasta. Luonnollisen mallinsa tavoin se voidaan sahata, porata, maalata, hioa tai \u00f6ljyt\u00e4. Yksi ratkaiseva etu on kuitenkin: Resysta ei halkeile eik\u00e4 lohkea, ja sen leikkuuj\u00e4tteet ovat 100 % kierr\u00e4tett\u00e4vi\u00e4. Resystan eri profiileja voidaan k\u00e4ytt\u00e4\u00e4 moniin sovelluksiin.<\/p>\n<p>&nbsp;<\/p>\n<p>&nbsp;<\/p>\n","protected":false},"featured_media":20721,"comment_status":"open","ping_status":"closed","template":"","meta":{"_acf_changed":false},"factory":[],"free-shipment":[],"product_brand":[],"product_cat":[2444,1605],"product_tag":[],"class_list":{"0":"post-27658","1":"product","2":"type-product","3":"status-publish","4":"has-post-thumbnail","6":"product_cat-komposiittipuuta","7":"product_cat-puutuotteet","9":"first","10":"instock","11":"sale","12":"taxable","13":"shipping-taxable","14":"purchasable","15":"product-type-simple"},"acf":[],"_links":{"self":[{"href":"https:\/\/factory.sale\/fi\/wp-json\/wp\/v2\/product\/27658","targetHints":{"allow":["GET"]}}],"collection":[{"href":"https:\/\/factory.sale\/fi\/wp-json\/wp\/v2\/product"}],"about":[{"href":"https:\/\/factory.sale\/fi\/wp-json\/wp\/v2\/types\/product"}],"replies":[{"embeddable":true,"href":"https:\/\/factory.sale\/fi\/wp-json\/wp\/v2\/comments?post=27658"}],"wp:featuredmedia":[{"embeddable":true,"href":"https:\/\/factory.sale\/fi\/wp-json\/wp\/v2\/media\/20721"}],"wp:attachment":[{"href":"https:\/\/factory.sale\/fi\/wp-json\/wp\/v2\/media?parent=27658"}],"wp:term":[{"taxonomy":"factory","embeddable":true,"href":"https:\/\/factory.sale\/fi\/wp-json\/wp\/v2\/factory?post=27658"},{"taxonomy":"free-shipment","embeddable":true,"href":"https:\/\/factory.sale\/fi\/wp-json\/wp\/v2\/free-shipment?post=27658"},{"taxonomy":"product_brand","embeddable":true,"href":"https:\/\/factory.sale\/fi\/wp-json\/wp\/v2\/product_brand?post=27658"},{"taxonomy":"product_cat","embeddable":true,"href":"https:\/\/factory.sale\/fi\/wp-json\/wp\/v2\/product_cat?post=27658"},{"taxonomy":"product_tag","embeddable":true,"href":"https:\/\/factory.sale\/fi\/wp-json\/wp\/v2\/product_tag?post=27658"}],"curies":[{"name":"wp","href":"https:\/\/api.w.org\/{rel}","templated":true}]}}