{"id":27655,"date":"2023-01-13T10:17:36","date_gmt":"2023-05-07T09:58:06","guid":{"rendered":"https:\/\/factory.sale\/?post_type=product&#038;p=27655"},"modified":"2024-06-29T08:24:24","modified_gmt":"2024-06-29T08:24:24","slug":"resysta-komposiitti-pp90-12s-massiiviprofiili-90mm-x-11mm","status":"publish","type":"product","link":"https:\/\/factory.sale\/fi\/tuote\/resysta-komposiitti-pp90-12s-massiiviprofiili-90mm-x-11mm\/","title":{"rendered":"Resysta-komposiitti PP90.12S massiiviprofiili, 90mm x 11mm"},"content":{"rendered":"<p><strong>Product code: PP90.12S<\/strong><\/p>\n<p>Mitat: 90mm x 11mm (hiottu)<br \/>\nPaino: 1,65 kg\/metri<br \/>\nMateriaali: RESYSTA<br \/>\nPintak\u00e4sittely: hiottu 4 sivua<br \/>\nV\u00e4ri: mik\u00e4 tahansa v\u00e4rikartasta<br \/>\nSovellus: julkisivut, puutarhakalusteet, roskakorit, penkit<\/p>\n<p><strong>Juoksevan metrin hinta on 11,52 EUR (ei sis. ALV)<\/strong><\/p>\n<p><strong>Neli\u00f6metrin hinta on 127,96 EUR (ei sis. ALV)<\/strong><\/p>\n<p>&nbsp;<\/p>\n<p>&nbsp;<\/p>\n<p><strong>Tuotekoodi: PP90.12S\/FVG\/RFS<\/strong><\/p>\n<p>Mitat: 90mm x 11mm (hiottu)<br \/>\nPaino: 1,65 kg\/metri<br \/>\nMateriaali: RESYSTA<br \/>\nPintak\u00e4sittely: hiottu 4 sivua, profiilit maalataan FVG-erikoismaaleilla ja viimeistell\u00e4\u00e4n RFS-lakalla.<br \/>\nV\u00e4ri: mik\u00e4 tahansa v\u00e4rikartasta<br \/>\nSovellus: julkisivut, puutarhakalusteet, roskakorit, penkit<\/p>\n<p>&nbsp;<\/p>\n<p><strong>Juoksevan metrin hinta 3-puolella FVG&amp;RFS-pinnoitteella on 13,32 EUR (ei sis. ALV)<\/strong><\/p>\n<p><strong>Neli\u00f6metrin hinta 3-puolella FVG&amp;RFS-pinnoitteella on 148,02 EUR (ei sis. ALV)<\/strong><\/p>\n<p><strong>Juoksevan metrin hinta 4-puolella FVG&amp;RFS-pinnoitteella on 14,79 EUR (ei sis. ALV)<\/strong><\/p>\n<p><strong>Neli\u00f6metrin hinta 4-puolella FVG&amp;RFS-pinnoitteella on 164,35 EUR (ei sis. ALV)<\/strong><\/p>\n<p>&nbsp;<\/p>\n<p><strong>Tietoa Resystasta:<\/strong><\/p>\n<ul>\n<li>s\u00e4\u00e4nkest\u00e4v\u00e4, UV-kest\u00e4v\u00e4, ei harmaannu eik\u00e4 lahoa<\/li>\n<li>v\u00e4rin- ja pinnankest\u00e4v\u00e4, ei halkeile eik\u00e4 vaadi aikaaviev\u00e4\u00e4 huoltoa, hiontaa tai maalausta eik\u00e4 pinta lohkeile<\/li>\n<li>helppohoitoinen ja kest\u00e4v\u00e4<\/li>\n<li>sienitartuntojen kestoluokka 1<\/li>\n<li>helppo asentaa<\/li>\n<li>kest\u00e4v\u00e4 ja kierr\u00e4tett\u00e4v\u00e4<\/li>\n<\/ul>\n<p>Jo t\u00e4n\u00e4\u00e4n Resysta vastaa huomisen teknisiin ja ekologisiin vaatimuksiin. Korkea kest\u00e4vyys ja kest\u00e4v\u00e4 kehitys mahdollistavat t\u00e4ysin uusia sovelluksia. Kuituvahvisteinen hybridi-materiaali on valmistettu noin 60% riisinkuorista, noin 22% tavallisesta suolasta ja noin 18% mineraali\u00f6ljyst\u00e4, mik\u00e4 tekee siit\u00e4 ymp\u00e4rist\u00f6yst\u00e4v\u00e4llisen ja eritt\u00e4in s\u00e4\u00e4nkest\u00e4v\u00e4n auringon, sateen, lumen tai suolaveden vaikutuksilta. Samalla Resysta vaatii v\u00e4h\u00e4n hoitoa ja tarjoaa puun ulkon\u00e4\u00f6n ja tuntuman. Vedenkest\u00e4v\u00e4t pinnat puun ulkon\u00e4\u00f6ll\u00e4 ovat Resystan tulevaisuus.<\/p>\n<p>Kaikki puun parissa ty\u00f6skentelev\u00e4t ovat innostuneita Resystasta. Luonnollisen mallinsa tavoin se voidaan sahata, porata, maalata, hioa tai \u00f6ljyt\u00e4. Yksi ratkaiseva etu on kuitenkin: Resysta ei halkeile eik\u00e4 lohkea, ja sen leikkuuj\u00e4tteet ovat 100 % kierr\u00e4tett\u00e4vi\u00e4. Resystan eri profiileja voidaan k\u00e4ytt\u00e4\u00e4 moniin sovelluksiin.<\/p>\n","protected":false},"excerpt":{"rendered":"<p>Kaikki puun parissa ty\u00f6skentelev\u00e4t ovat innostuneita Resystasta. Luonnollisen mallinsa tavoin se voidaan sahata, porata, maalata, hioa tai \u00f6ljyt\u00e4. Yksi ratkaiseva etu on kuitenkin: Resysta ei halkeile eik\u00e4 lohkea, ja sen leikkuuj\u00e4tteet ovat 100 % kierr\u00e4tett\u00e4vi\u00e4. Resystan eri profiileja voidaan k\u00e4ytt\u00e4\u00e4 moniin sovelluksiin.<\/p>\n","protected":false},"featured_media":20693,"comment_status":"open","ping_status":"closed","template":"","meta":{"_acf_changed":false},"factory":[],"free-shipment":[],"product_brand":[],"product_cat":[2444,1605],"product_tag":[],"class_list":{"0":"post-27655","1":"product","2":"type-product","3":"status-publish","4":"has-post-thumbnail","6":"product_cat-komposiittipuuta","7":"product_cat-puutuotteet","9":"first","10":"instock","11":"sale","12":"taxable","13":"shipping-taxable","14":"purchasable","15":"product-type-simple"},"acf":[],"_links":{"self":[{"href":"https:\/\/factory.sale\/fi\/wp-json\/wp\/v2\/product\/27655","targetHints":{"allow":["GET"]}}],"collection":[{"href":"https:\/\/factory.sale\/fi\/wp-json\/wp\/v2\/product"}],"about":[{"href":"https:\/\/factory.sale\/fi\/wp-json\/wp\/v2\/types\/product"}],"replies":[{"embeddable":true,"href":"https:\/\/factory.sale\/fi\/wp-json\/wp\/v2\/comments?post=27655"}],"wp:featuredmedia":[{"embeddable":true,"href":"https:\/\/factory.sale\/fi\/wp-json\/wp\/v2\/media\/20693"}],"wp:attachment":[{"href":"https:\/\/factory.sale\/fi\/wp-json\/wp\/v2\/media?parent=27655"}],"wp:term":[{"taxonomy":"factory","embeddable":true,"href":"https:\/\/factory.sale\/fi\/wp-json\/wp\/v2\/factory?post=27655"},{"taxonomy":"free-shipment","embeddable":true,"href":"https:\/\/factory.sale\/fi\/wp-json\/wp\/v2\/free-shipment?post=27655"},{"taxonomy":"product_brand","embeddable":true,"href":"https:\/\/factory.sale\/fi\/wp-json\/wp\/v2\/product_brand?post=27655"},{"taxonomy":"product_cat","embeddable":true,"href":"https:\/\/factory.sale\/fi\/wp-json\/wp\/v2\/product_cat?post=27655"},{"taxonomy":"product_tag","embeddable":true,"href":"https:\/\/factory.sale\/fi\/wp-json\/wp\/v2\/product_tag?post=27655"}],"curies":[{"name":"wp","href":"https:\/\/api.w.org\/{rel}","templated":true}]}}