{"id":27651,"date":"2023-01-13T10:04:10","date_gmt":"2023-05-07T09:46:25","guid":{"rendered":"https:\/\/factory.sale\/?post_type=product&#038;p=27651"},"modified":"2024-06-27T04:01:01","modified_gmt":"2024-06-27T04:01:01","slug":"resysta-komposiitti-pp60-12s-massiiviprofiili-60-mm-x-11-mm","status":"publish","type":"product","link":"https:\/\/factory.sale\/fi\/tuote\/resysta-komposiitti-pp60-12s-massiiviprofiili-60-mm-x-11-mm\/","title":{"rendered":"Resysta-komposiitti PP60.12S massiiviprofiili 60 mm x 11 mm"},"content":{"rendered":"<div class=\"group w-full text-gray-800 dark:text-gray-100 border-b border-black\/10 dark:border-gray-900\/50 bg-gray-50 dark:bg-[#444654]\">\n<div class=\"flex p-4 gap-4 text-base md:gap-6 md:max-w-2xl lg:max-w-xl xl:max-w-3xl md:py-6 lg:px-0 m-auto\">\n<div class=\"relative flex flex-col w-[calc(100%-50px)] gap-1 md:gap-3 lg:w-[calc(100%-115px)]\">\n<div class=\"flex flex-grow flex-col gap-3\">\n<div class=\"min-h-[20px] flex flex-col items-start gap-4 whitespace-pre-wrap break-words\">\n<div class=\"markdown prose w-full break-words dark:prose-invert light\"><\/div>\n<\/div>\n<\/div>\n<div class=\"flex justify-between lg:block\">\n<div class=\"text-gray-400 flex self-end lg:self-center justify-center mt-2 gap-2 md:gap-3 lg:gap-1 lg:absolute lg:top-0 lg:translate-x-full lg:right-0 lg:mt-0 lg:pl-2 visible\">\n<div class=\"flex gap-1\"><strong>Tuotekoodi: PP60.12S<\/strong><\/div>\n<\/div>\n<\/div>\n<\/div>\n<\/div>\n<\/div>\n<div class=\"group w-full text-gray-800 dark:text-gray-100 border-b border-black\/10 dark:border-gray-900\/50 dark:bg-gray-800\">\n<div class=\"flex p-4 gap-4 text-base md:gap-6 md:max-w-2xl lg:max-w-xl xl:max-w-3xl md:py-6 lg:px-0 m-auto\">\n<div class=\"flex-shrink-0 flex flex-col relative items-end\">\n<div class=\"w-[30px]\">\n<div class=\"relative flex\">\n<p>Mitat: 60mm x 11mm (h\u00f6yl\u00e4tty)<br \/>\nPaino: 1,10 kg\/rm<br \/>\nMateriaali: RESYSTA<br \/>\nPintak\u00e4sittely: h\u00f6yl\u00e4tty nelj\u00e4lt\u00e4 sivulta<br \/>\nV\u00e4ri: mik\u00e4 tahansa v\u00e4rikartasta<br \/>\nSovellus: julkisivut, puutarhakalusteet, roskakorit, penkit<\/p>\n<p><strong>Juoksumetrin hinta (rm) on 8,18 euroa (ei sis. ALV)<\/strong><\/p>\n<p><strong>Neli\u00f6metrin hinta: 136,26 euroa (ei sis. ALV)<\/strong><\/p>\n<\/div>\n<p>&nbsp;<\/p>\n<div class=\"relative flex\">\n<p><strong>Tuotekoodi: PP60.12S\/FVG\/RFS<\/strong><\/p>\n<p>Mitat: 60mm x 11mm (h\u00f6yl\u00e4tty)<br \/>\nPaino: 1,10 kg\/rm<br \/>\nMateriaali: RESYSTA<br \/>\nPintak\u00e4sittely: h\u00f6yl\u00e4tty nelj\u00e4lt\u00e4 sivulta, profiilit on maalattu FVG erikoismaaleilla ja viimeistelty RFS-lakalla.<br \/>\nV\u00e4ri: mik\u00e4 tahansa v\u00e4rikartasta<br \/>\nSovellus: julkisivut, puutarhakalusteet, roskakorit, penkit<\/p>\n<p><strong>Juoksumetrin hinta 3-puolella FVG&amp;RFS-pinnoitteella on 9,23 euroa (ei sis. ALV)<\/strong><\/p>\n<p><strong>Juoksumetrin hinta 4-puolella FVG&amp;RFS-pinnoitteella on 10,33 euroa (ei sis. ALV)<\/strong><\/p>\n<p><strong>Hinta 3-puolella FVG&amp;RFS m2: 153,81 euroa (ei sis. ALV)<\/strong><\/p>\n<p><strong>Hinta 4-puolella FVG&amp;RFS m2: 172,15 euroa (ei sis. ALV)<\/strong><\/p>\n<p>&nbsp;<\/p>\n<p><strong>Tietoa Resystasta:<\/strong><\/p>\n<ul>\n<li>s\u00e4\u00e4nkest\u00e4v\u00e4, UV-kest\u00e4v\u00e4, ei harmaannu eik\u00e4 lahoa<\/li>\n<li>v\u00e4rin- ja pinnankest\u00e4v\u00e4, ei halkeile eik\u00e4 vaadi aikaaviev\u00e4\u00e4 huoltoa, hiontaa tai maalausta eik\u00e4 pinta lohkeile<\/li>\n<li>helppohoitoinen ja kest\u00e4v\u00e4<\/li>\n<li>sienitartuntojen kestoluokka 1<\/li>\n<li>helppo asentaa<\/li>\n<li>kest\u00e4v\u00e4 ja kierr\u00e4tett\u00e4v\u00e4<\/li>\n<\/ul>\n<p>Jo t\u00e4n\u00e4\u00e4n Resysta vastaa huomisen teknisiin ja ekologisiin vaatimuksiin. Korkea kest\u00e4vyys ja kest\u00e4v\u00e4 kehitys mahdollistavat t\u00e4ysin uusia sovelluksia. Kuituvahvisteinen hybridi-materiaali on valmistettu noin 60% riisinkuorista, noin 22% tavallisesta suolasta ja noin 18% mineraali\u00f6ljyst\u00e4, mik\u00e4 tekee siit\u00e4 ymp\u00e4rist\u00f6yst\u00e4v\u00e4llisen ja eritt\u00e4in s\u00e4\u00e4nkest\u00e4v\u00e4n auringon, sateen, lumen tai suolaveden vaikutuksilta. Samalla Resysta vaatii v\u00e4h\u00e4n hoitoa ja tarjoaa puun ulkon\u00e4\u00f6n ja tuntuman. Vedenkest\u00e4v\u00e4t pinnat puun ulkon\u00e4\u00f6ll\u00e4 ovat Resystan tulevaisuus.<\/p>\n<p>Kaikki puun parissa ty\u00f6skentelev\u00e4t ovat innostuneita Resystasta. Luonnollisen mallinsa tavoin se voidaan sahata, porata, maalata, hioa tai \u00f6ljyt\u00e4. Yksi ratkaiseva etu on kuitenkin: Resysta ei halkeile eik\u00e4 lohkea, ja sen leikkuuj\u00e4tteet ovat 100 % kierr\u00e4tett\u00e4vi\u00e4. Resystan eri profiileja voidaan k\u00e4ytt\u00e4\u00e4 moniin sovelluksiin.<\/p>\n<\/div>\n<\/div>\n<\/div>\n<\/div>\n<\/div>\n","protected":false},"excerpt":{"rendered":"<div class=\"group w-full text-gray-800 dark:text-gray-100 border-b border-black\/10 dark:border-gray-900\/50 bg-gray-50 dark:bg-[#444654]\">\n<div class=\"flex p-4 gap-4 text-base md:gap-6 md:max-w-2xl lg:max-w-xl xl:max-w-3xl md:py-6 lg:px-0 m-auto\">\n<div class=\"relative flex flex-col w-[calc(100%-50px)] gap-1 md:gap-3 lg:w-[calc(100%-115px)]\">\n<div class=\"flex flex-grow flex-col gap-3\">\n<div class=\"min-h-[20px] flex flex-col items-start gap-4 whitespace-pre-wrap break-words\">\n<div class=\"markdown prose w-full break-words dark:prose-invert light\">Kaikki puun parissa ty\u00f6skentelev\u00e4t ovat innostuneita Resystasta. Luonnollisen mallinsa tavoin se voidaan sahata, porata, maalata, hioa tai \u00f6ljyt\u00e4. Yksi ratkaiseva etu on kuitenkin: Resysta ei halkeile eik\u00e4 lohkea, ja sen leikkuuj\u00e4tteet ovat 100 % kierr\u00e4tett\u00e4vi\u00e4. Resystan eri profiileja voidaan k\u00e4ytt\u00e4\u00e4 moniin sovelluksiin.<\/div>\n<\/div>\n<\/div>\n<div class=\"flex justify-between lg:block\">\n<div class=\"text-gray-400 flex self-end lg:self-center justify-center mt-2 gap-2 md:gap-3 lg:gap-1 lg:absolute lg:top-0 lg:translate-x-full lg:right-0 lg:mt-0 lg:pl-2 visible\">\n<div class=\"flex gap-1\">\n<p>&nbsp;<\/p>\n<p>&nbsp;<\/p>\n<\/div>\n<\/div>\n<\/div>\n<\/div>\n<\/div>\n<\/div>\n<div class=\"group w-full text-gray-800 dark:text-gray-100 border-b border-black\/10 dark:border-gray-900\/50 dark:bg-gray-800\">\n<div class=\"flex p-4 gap-4 text-base md:gap-6 md:max-w-2xl lg:max-w-xl xl:max-w-3xl md:py-6 lg:px-0 m-auto\">\n<div class=\"flex-shrink-0 flex flex-col relative items-end\">\n<div class=\"w-[30px]\">\n<div class=\"relative flex\"><\/div>\n<\/div>\n<\/div>\n<\/div>\n<\/div>\n","protected":false},"featured_media":20696,"comment_status":"open","ping_status":"closed","template":"","meta":{"_acf_changed":false},"factory":[],"free-shipment":[],"product_brand":[],"product_cat":[2444,1605],"product_tag":[],"class_list":{"0":"post-27651","1":"product","2":"type-product","3":"status-publish","4":"has-post-thumbnail","6":"product_cat-komposiittipuuta","7":"product_cat-puutuotteet","9":"first","10":"instock","11":"sale","12":"taxable","13":"shipping-taxable","14":"purchasable","15":"product-type-simple"},"acf":[],"_links":{"self":[{"href":"https:\/\/factory.sale\/fi\/wp-json\/wp\/v2\/product\/27651","targetHints":{"allow":["GET"]}}],"collection":[{"href":"https:\/\/factory.sale\/fi\/wp-json\/wp\/v2\/product"}],"about":[{"href":"https:\/\/factory.sale\/fi\/wp-json\/wp\/v2\/types\/product"}],"replies":[{"embeddable":true,"href":"https:\/\/factory.sale\/fi\/wp-json\/wp\/v2\/comments?post=27651"}],"wp:featuredmedia":[{"embeddable":true,"href":"https:\/\/factory.sale\/fi\/wp-json\/wp\/v2\/media\/20696"}],"wp:attachment":[{"href":"https:\/\/factory.sale\/fi\/wp-json\/wp\/v2\/media?parent=27651"}],"wp:term":[{"taxonomy":"factory","embeddable":true,"href":"https:\/\/factory.sale\/fi\/wp-json\/wp\/v2\/factory?post=27651"},{"taxonomy":"free-shipment","embeddable":true,"href":"https:\/\/factory.sale\/fi\/wp-json\/wp\/v2\/free-shipment?post=27651"},{"taxonomy":"product_brand","embeddable":true,"href":"https:\/\/factory.sale\/fi\/wp-json\/wp\/v2\/product_brand?post=27651"},{"taxonomy":"product_cat","embeddable":true,"href":"https:\/\/factory.sale\/fi\/wp-json\/wp\/v2\/product_cat?post=27651"},{"taxonomy":"product_tag","embeddable":true,"href":"https:\/\/factory.sale\/fi\/wp-json\/wp\/v2\/product_tag?post=27651"}],"curies":[{"name":"wp","href":"https:\/\/api.w.org\/{rel}","templated":true}]}}