{"id":27641,"date":"2023-01-14T09:57:50","date_gmt":"2023-05-07T08:11:32","guid":{"rendered":"https:\/\/factory.sale\/?post_type=product&#038;p=27641"},"modified":"2024-06-28T02:33:47","modified_gmt":"2024-06-28T02:33:47","slug":"resysta-komposiitti-pk75-18s-kammioprofiili-75mm-x-18mm","status":"publish","type":"product","link":"https:\/\/factory.sale\/fi\/tuote\/resysta-komposiitti-pk75-18s-kammioprofiili-75mm-x-18mm\/","title":{"rendered":"Resysta-komposiitti PK75.18S kammioprofiili 75mm X 18mm"},"content":{"rendered":"<p><strong>Tuotekoodi: PK75.18S<\/strong><\/p>\n<p>Mitat: 75mm x 18mm Paino: 0,75 kg\/metrimetri\u00e4 kohti<\/p>\n<p>Materiaali: RESYSTA Pinnank\u00e4sittely: hiottu 4 sivua<\/p>\n<p>V\u00e4rit: mitk\u00e4 tahansa Resystan v\u00e4rikartan mukaan<\/p>\n<p>K\u00e4ytt\u00f6tarkoitus: aidat, julkisivut, puutarhakalusteet<\/p>\n<p><strong>Juoksumetrin hinta on 6,60 EUR (ei sis\u00e4ll\u00e4 ALV:a)<\/strong><\/p>\n<p><strong>Hinta neli\u00f6metrille on 87,92 EUR (ei sis\u00e4ll\u00e4 ALV:a)<\/strong><\/p>\n<p>&nbsp;<\/p>\n<p><strong>Tuotekoodi: PK75.18S\/FVG\/RFS<\/strong><\/p>\n<p>Mitat: 75mm x 18mm<\/p>\n<p>Paino: 0,75 kg\/metrimetri\u00e4 kohti<\/p>\n<p>Materiaali: RESYSTA<\/p>\n<p>Pinnank\u00e4sittely: hiottu 4 sivua, profiilit on maalattu FVG-erikoismaaleilla ja viimeistelty RFS-lakalla.<\/p>\n<p>V\u00e4rit: mitk\u00e4 tahansa Resystan v\u00e4rikartan mukaan<\/p>\n<p>K\u00e4ytt\u00f6tarkoitus: aidat, julkisivut, puutarhakalusteet<\/p>\n<p><strong>Hinta juoksumetrilt\u00e4, joka on p\u00e4\u00e4llystetty 3-sivuisella FVG&amp;RFS-pinnoitteella, on 8,20 EUR (ei sis\u00e4ll\u00e4 ALV:a)<\/strong><\/p>\n<p><strong>Hinta 3-sivuiselle FVG&amp;RFS neli\u00f6metrille on 109,35 EUR (ei sis\u00e4ll\u00e4 ALV:a)<\/strong><\/p>\n<p><strong>Hinta juoksumetrilt\u00e4, joka on p\u00e4\u00e4llystetty 4-sivuisella FVG&amp;RFS-pinnoitteella, on 10,46 EUR (ei sis\u00e4ll\u00e4 ALV:a)<\/strong><\/p>\n<p><strong>Hinta 4-sivuiselle FVG&amp;RFS neli\u00f6metrille on 139,39 EUR (ei sis\u00e4ll\u00e4 ALV:a)<\/strong><\/p>\n<p>&nbsp;<\/p>\n<div class=\"markdown prose w-full break-words dark:prose-invert light\">\n<p><strong>Tietoa Resystasta:<\/strong><\/p>\n<ul>\n<li>s\u00e4\u00e4nkest\u00e4v\u00e4, UV-kest\u00e4v\u00e4, ei harmaannu eik\u00e4 lahoa<\/li>\n<li>v\u00e4rin- ja pinnankest\u00e4v\u00e4, ei halkeile eik\u00e4 vaadi aikaaviev\u00e4\u00e4 huoltoa, hiontaa tai maalausta eik\u00e4 pinta lohkeile<\/li>\n<li>helppohoitoinen ja kest\u00e4v\u00e4<\/li>\n<li>sienitartuntojen kestoluokka 1<\/li>\n<li>helppo asentaa<\/li>\n<li>kest\u00e4v\u00e4 ja kierr\u00e4tett\u00e4v\u00e4<\/li>\n<\/ul>\n<p>Jo t\u00e4n\u00e4\u00e4n Resysta vastaa huomisen teknisiin ja ekologisiin vaatimuksiin. Korkea kest\u00e4vyys ja kest\u00e4v\u00e4 kehitys mahdollistavat t\u00e4ysin uusia sovelluksia. Kuituvahvisteinen hybridi-materiaali on valmistettu noin 60% riisinkuorista, noin 22% tavallisesta suolasta ja noin 18% mineraali\u00f6ljyst\u00e4, mik\u00e4 tekee siit\u00e4 ymp\u00e4rist\u00f6yst\u00e4v\u00e4llisen ja eritt\u00e4in s\u00e4\u00e4nkest\u00e4v\u00e4n auringon, sateen, lumen tai suolaveden vaikutuksilta. Samalla Resysta vaatii v\u00e4h\u00e4n hoitoa ja tarjoaa puun ulkon\u00e4\u00f6n ja tuntuman. Vedenkest\u00e4v\u00e4t pinnat puun ulkon\u00e4\u00f6ll\u00e4 ovat Resystan tulevaisuus.<\/p>\n<p>Kaikki puun parissa ty\u00f6skentelev\u00e4t ovat innostuneita Resystasta. Luonnollisen mallinsa tavoin se voidaan sahata, porata, maalata, hioa tai \u00f6ljyt\u00e4. Yksi ratkaiseva etu on kuitenkin: Resysta ei halkeile eik\u00e4 lohkea, ja sen leikkuuj\u00e4tteet ovat 100 % kierr\u00e4tett\u00e4vi\u00e4. Resystan eri profiileja voidaan k\u00e4ytt\u00e4\u00e4 moniin sovelluksiin.<\/p>\n<\/div>\n","protected":false},"excerpt":{"rendered":"<p>Kaikki puun parissa ty\u00f6skentelev\u00e4t ovat innostuneita Resystasta. Luonnollisen mallinsa tavoin se voidaan sahata, porata, maalata, hioa tai \u00f6ljyt\u00e4. Yksi ratkaiseva etu on kuitenkin: Resysta ei halkeile eik\u00e4 lohkea, ja sen leikkuuj\u00e4tteet ovat 100 % kierr\u00e4tett\u00e4vi\u00e4. Resystan eri profiileja voidaan k\u00e4ytt\u00e4\u00e4 moniin sovelluksiin.<\/p>\n","protected":false},"featured_media":20712,"comment_status":"open","ping_status":"closed","template":"","meta":{"_acf_changed":false},"factory":[],"free-shipment":[],"product_brand":[],"product_cat":[2444,1605],"product_tag":[],"class_list":{"0":"post-27641","1":"product","2":"type-product","3":"status-publish","4":"has-post-thumbnail","6":"product_cat-komposiittipuuta","7":"product_cat-puutuotteet","9":"first","10":"instock","11":"sale","12":"taxable","13":"shipping-taxable","14":"purchasable","15":"product-type-simple"},"acf":[],"_links":{"self":[{"href":"https:\/\/factory.sale\/fi\/wp-json\/wp\/v2\/product\/27641","targetHints":{"allow":["GET"]}}],"collection":[{"href":"https:\/\/factory.sale\/fi\/wp-json\/wp\/v2\/product"}],"about":[{"href":"https:\/\/factory.sale\/fi\/wp-json\/wp\/v2\/types\/product"}],"replies":[{"embeddable":true,"href":"https:\/\/factory.sale\/fi\/wp-json\/wp\/v2\/comments?post=27641"}],"wp:featuredmedia":[{"embeddable":true,"href":"https:\/\/factory.sale\/fi\/wp-json\/wp\/v2\/media\/20712"}],"wp:attachment":[{"href":"https:\/\/factory.sale\/fi\/wp-json\/wp\/v2\/media?parent=27641"}],"wp:term":[{"taxonomy":"factory","embeddable":true,"href":"https:\/\/factory.sale\/fi\/wp-json\/wp\/v2\/factory?post=27641"},{"taxonomy":"free-shipment","embeddable":true,"href":"https:\/\/factory.sale\/fi\/wp-json\/wp\/v2\/free-shipment?post=27641"},{"taxonomy":"product_brand","embeddable":true,"href":"https:\/\/factory.sale\/fi\/wp-json\/wp\/v2\/product_brand?post=27641"},{"taxonomy":"product_cat","embeddable":true,"href":"https:\/\/factory.sale\/fi\/wp-json\/wp\/v2\/product_cat?post=27641"},{"taxonomy":"product_tag","embeddable":true,"href":"https:\/\/factory.sale\/fi\/wp-json\/wp\/v2\/product_tag?post=27641"}],"curies":[{"name":"wp","href":"https:\/\/api.w.org\/{rel}","templated":true}]}}