{"id":27639,"date":"2023-01-14T11:21:00","date_gmt":"2023-05-07T08:03:01","guid":{"rendered":"https:\/\/factory.sale\/?post_type=product&#038;p=27639"},"modified":"2024-07-02T16:17:14","modified_gmt":"2024-07-02T16:17:14","slug":"resysta-composite-pk200-20s-kammioprofiili-198mm-x-18mm","status":"publish","type":"product","link":"https:\/\/factory.sale\/fi\/tuote\/resysta-composite-pk200-20s-kammioprofiili-198mm-x-18mm\/","title":{"rendered":"Resysta composite PK200.20S kammioprofiili 198mm X 18mm"},"content":{"rendered":"<p><strong>Tuotekoodi: PK200.20S<\/strong><\/p>\n<p>Mitat: 198mm x 18mm<br \/>\nPaino: 3.30 kg\/metrimetri\u00e4 kohti<br \/>\nMateriaali: RESYSTA<br \/>\nPinnan k\u00e4sittely: hiottu 4-puolin<br \/>\nV\u00e4ri: mik\u00e4 tahansa v\u00e4rikartasta<\/p>\n<p>Juoksumetrin hinta (m) on 21,32 EUR (alv ei sis\u00e4lly)<\/p>\n<p>Hinnat neli\u00f6metri\u00e4 kohden: 106,62 EUR (alv ei sis\u00e4lly)<\/p>\n<p>&nbsp;<\/p>\n<p><strong>Tuotekoodi: PK200.20S\/FVG\/RFS<\/strong><\/p>\n<p>Mitat: 198mm x 18mm<br \/>\nPaino: 3.30 kg\/metrimetri\u00e4 kohti<br \/>\nMateriaali: RESYSTA<br \/>\nPinnan k\u00e4sittely: hiottu 4-puolin, profiilit ovat maalattu FVG-erikoismaaleilla ja viimeistelty RFS-lakalla.<br \/>\nV\u00e4ri: mik\u00e4 tahansa v\u00e4rikartasta<\/p>\n<p>Juoksumetrin hinta 3-puolella FVG&amp;RFS-pinnoituksella on 23,47 EUR (alv ei sis\u00e4lly)<\/p>\n<p>Hinta 3-puolella FVG&amp;RFS-m2: 117,36 EUR (alv ei sis\u00e4lly)<\/p>\n<p>Juoksumetrin hinta 4-puolella FVG&amp;RFS-pinnoituksella on 26,17 EUR (alv ei sis\u00e4lly)<\/p>\n<p>Hinta 4-puolella FVG&amp;RFS-m2: 130,85 EUR (alv ei sis\u00e4lly)<\/p>\n<p>&nbsp;<\/p>\n<p><strong>Tietoa Resystasta:<\/strong><\/p>\n<ul>\n<li>s\u00e4\u00e4nkest\u00e4v\u00e4, UV-kest\u00e4v\u00e4, ei harmaannu, ei lahoa<\/li>\n<li>v\u00e4rin- ja pinnankest\u00e4v\u00e4, ei halkeile, ei vaadi aikaa vievi\u00e4 korjauksia, hiontaa tai maalausta, ei irtoa pinta<\/li>\n<li>helppohoitoinen ja kest\u00e4v\u00e4<\/li>\n<li>homeenkestoluokka 1<\/li>\n<li>helppo asentaa<\/li>\n<li>kest\u00e4v\u00e4 ja kierr\u00e4tett\u00e4v\u00e4<\/li>\n<\/ul>\n<p>Jo t\u00e4n\u00e4\u00e4n Resysta t\u00e4ytt\u00e4\u00e4 huomisen tekniset ja ekologiset vaatimukset. Korkean kest\u00e4vyyden ja kest\u00e4vyyden ansiosta Resysta tarjoaa t\u00e4ysin uusia k\u00e4ytt\u00f6mahdollisuuksia. Noin 60% riisin kuoria, noin 22% tavallista suolaa ja noin 18% mineraali\u00f6ljy\u00e4 sis\u00e4lt\u00e4v\u00e4 kuituvahvistettu hybridimateriaali on ymp\u00e4rist\u00f6yst\u00e4v\u00e4llinen ja eritt\u00e4in s\u00e4\u00e4nkest\u00e4v\u00e4 aurinkoa, sadetta, lunta tai suolavett\u00e4 vastaan. Samalla Resysta vaatii v\u00e4h\u00e4n hoitoa ja tarjoaa puun tuntua ja ulkon\u00e4k\u00f6\u00e4. Vesitiiviit puun n\u00e4k\u00f6iset pinnat ovat Resystan tulevaisuus.<\/p>\n<p>Kaikki puun parissa ty\u00f6skentelev\u00e4t ovat innostuneita Resystasta. Luonnollisen mallinsa tavoin se voidaan sahata, porata, maalata, hioa tai \u00f6ljyt\u00e4. Yksi ratkaiseva etu on kuitenkin: Resysta ei halkeile eik\u00e4 lohkea, ja sen leikkuuj\u00e4tteet ovat 100 % kierr\u00e4tett\u00e4vi\u00e4. Resystan eri profiileja voidaan k\u00e4ytt\u00e4\u00e4 moniin sovelluksiin.<\/p>\n<p>&nbsp;<\/p>\n<p>&nbsp;<\/p>\n","protected":false},"excerpt":{"rendered":"<p>Kaikki puun parissa ty\u00f6skentelev\u00e4t ovat innostuneita Resystasta. Luonnollisen mallinsa tavoin se voidaan sahata, porata, maalata, hioa tai \u00f6ljyt\u00e4. Yksi ratkaiseva etu on kuitenkin: Resysta ei halkeile eik\u00e4 lohkea, ja sen leikkuuj\u00e4tteet ovat 100 % kierr\u00e4tett\u00e4vi\u00e4. Resystan eri profiileja voidaan k\u00e4ytt\u00e4\u00e4 moniin sovelluksiin.<\/p>\n","protected":false},"featured_media":21333,"comment_status":"open","ping_status":"closed","template":"","meta":{"_acf_changed":false},"factory":[],"free-shipment":[],"product_brand":[],"product_cat":[2444,1605],"product_tag":[],"class_list":{"0":"post-27639","1":"product","2":"type-product","3":"status-publish","4":"has-post-thumbnail","6":"product_cat-komposiittipuuta","7":"product_cat-puutuotteet","9":"first","10":"instock","11":"sale","12":"taxable","13":"shipping-taxable","14":"purchasable","15":"product-type-simple"},"acf":[],"_links":{"self":[{"href":"https:\/\/factory.sale\/fi\/wp-json\/wp\/v2\/product\/27639","targetHints":{"allow":["GET"]}}],"collection":[{"href":"https:\/\/factory.sale\/fi\/wp-json\/wp\/v2\/product"}],"about":[{"href":"https:\/\/factory.sale\/fi\/wp-json\/wp\/v2\/types\/product"}],"replies":[{"embeddable":true,"href":"https:\/\/factory.sale\/fi\/wp-json\/wp\/v2\/comments?post=27639"}],"wp:featuredmedia":[{"embeddable":true,"href":"https:\/\/factory.sale\/fi\/wp-json\/wp\/v2\/media\/21333"}],"wp:attachment":[{"href":"https:\/\/factory.sale\/fi\/wp-json\/wp\/v2\/media?parent=27639"}],"wp:term":[{"taxonomy":"factory","embeddable":true,"href":"https:\/\/factory.sale\/fi\/wp-json\/wp\/v2\/factory?post=27639"},{"taxonomy":"free-shipment","embeddable":true,"href":"https:\/\/factory.sale\/fi\/wp-json\/wp\/v2\/free-shipment?post=27639"},{"taxonomy":"product_brand","embeddable":true,"href":"https:\/\/factory.sale\/fi\/wp-json\/wp\/v2\/product_brand?post=27639"},{"taxonomy":"product_cat","embeddable":true,"href":"https:\/\/factory.sale\/fi\/wp-json\/wp\/v2\/product_cat?post=27639"},{"taxonomy":"product_tag","embeddable":true,"href":"https:\/\/factory.sale\/fi\/wp-json\/wp\/v2\/product_tag?post=27639"}],"curies":[{"name":"wp","href":"https:\/\/api.w.org\/{rel}","templated":true}]}}