{"id":27627,"date":"2023-01-14T12:01:44","date_gmt":"2023-05-06T13:52:00","guid":{"rendered":"https:\/\/factory.sale\/?post_type=product&#038;p=27627"},"modified":"2024-06-28T14:44:04","modified_gmt":"2024-06-28T14:44:04","slug":"resysta-komposiitipaneeli-dkg125-22-kannatuspalkki-124-mm-x-21-mm","status":"publish","type":"product","link":"https:\/\/factory.sale\/fi\/tuote\/resysta-komposiitipaneeli-dkg125-22-kannatuspalkki-124-mm-x-21-mm\/","title":{"rendered":"Resysta komposiitipaneeli DKG125.22, kannatuspalkki, 124 mm X 21 mm"},"content":{"rendered":"<div class=\"group w-full text-gray-800 dark:text-gray-100 border-b border-black\/10 dark:border-gray-900\/50 bg-gray-50 dark:bg-[#444654]\">\n<div class=\"flex p-4 gap-4 text-base md:gap-6 md:max-w-2xl lg:max-w-xl xl:max-w-3xl md:py-6 lg:px-0 m-auto\">\n<div class=\"relative flex flex-col w-[calc(100%-50px)] gap-1 md:gap-3 lg:w-[calc(100%-115px)]\">\n<div class=\"flex flex-grow flex-col gap-3\">\n<div class=\"min-h-[20px] flex flex-col items-start gap-4 whitespace-pre-wrap break-words\">\n<div class=\"markdown prose w-full break-words dark:prose-invert light\">\n<p><strong>\u00a0PROFIIILI ON PINNOITTELEMATON (AINOASTAAN HIOTTU, HARJATTU TAI RIFFLETTI)<\/strong><\/p>\n<ol>\n<li><strong>Tuotekoodi: DKG125.22S<\/strong><\/li>\n<\/ol>\n<p>Mitat: 124 mm x 21 mm<\/p>\n<p>Paino: 2,50 kg\/m<\/p>\n<p>Pintak\u00e4sittely: hiottu<\/p>\n<p>Hinta\/metri \u2013 14,51 EUR (alv ei sis.)<\/p>\n<p>Hinta\/m\u00b2 \u2013 116,12 EUR (alv ei sis.)<\/p>\n<ol start=\"2\">\n<li><strong>Tuotekoodi: DKG125.22SR<\/strong><\/li>\n<\/ol>\n<p>Mitat: 124 mm x 21 mm<\/p>\n<p>Paino: 2,50 kg\/m<\/p>\n<p>Pintak\u00e4sittely: hiottu ja rifletty<\/p>\n<p>Hinta\/metri \u2013 14,60 EUR (alv ei sis.)<\/p>\n<p>Hinta\/m\u00b2 \u2013 116,81 EUR (alv ei sis.)<\/p>\n<ol start=\"3\">\n<li><strong>Tuotekoodi: DKG125.22SZ<\/strong><\/li>\n<\/ol>\n<p>Mitat: 124 mm x 21 mm<\/p>\n<p>Paino: 2,50 kg\/m<\/p>\n<p>Pintak\u00e4sittely: hiottu ja harjattu<\/p>\n<p>Hinta\/metri \u2013 14,78 EUR (alv ei sis.)<\/p>\n<p>Hinta\/m\u00b2 \u2013 118,20 EUR (alv ei sis.)<\/p>\n<p>&nbsp;<\/p>\n<p>&nbsp;<\/p>\n<p><strong>PROFIILI K\u00c4SITELTY JA PINNOITETTU FVG&amp;RFS:LL\u00c4<\/strong><\/p>\n<ol start=\"4\">\n<li><strong>Tuotekoodi: DKG125.22S\/FVG\/RFS<\/strong><\/li>\n<\/ol>\n<p>Mitat: 124 mm x 21 mm<\/p>\n<p>Paino: 2,50 kg\/m<\/p>\n<p>Pintak\u00e4sittely: hiottu ja pinnoitettu FVG&amp;RFS:ll\u00e4<\/p>\n<p>Hinta\/metri \u2013 17.19 EUR (alv ei sis.)<\/p>\n<p>Hinta\/m\u00b2 \u2013 137.51 EUR (alv ei sis.)<\/p>\n<p>&nbsp;<\/p>\n<ol start=\"5\">\n<li><strong>Tuotekoodi: DKG125.22SR\/FVG\/RFS<\/strong><\/li>\n<\/ol>\n<p>Mitat: 124 mm x 21 mm<\/p>\n<p>Paino: 2,50 kg\/m<\/p>\n<p>Pintak\u00e4sittely: hiottu, rifletty ja pinnoitettu FVG&amp;RFS:ll\u00e4<\/p>\n<p>Hinta\/metri \u2013 17.28 EUR (alv ei sis.)<\/p>\n<p>Hinta\/m\u00b2 \u2013 138.23 EUR (alv ei sis.)<\/p>\n<p>&nbsp;<\/p>\n<ol start=\"6\">\n<li><strong>Tuotekoodi: DKG125.22SZ\/FVG\/RFS<\/strong><\/li>\n<\/ol>\n<p>Mitat: 124 mm x 21 mm<\/p>\n<p>Paino: 2,50 kg\/m<\/p>\n<p>Pintak\u00e4sittely: hiottu, harjattu ja pinnoitettu FVG&amp;RFS:ll\u00e4<\/p>\n<p>Hinta\/metri \u2013 17.46 EUR (alv ei sis.)<\/p>\n<p>Hinta\/m\u00b2 \u2013 139.67 EUR (alv ei sis.)<\/p>\n<p>&nbsp;<\/p>\n<p><strong>Saatavilla olevat tarvikkeet:<\/strong><\/p>\n<ol>\n<li><strong>Tuotekoodi: Clip type \u2018T\u2019<\/strong><\/li>\n<\/ol>\n<p>DKG-tyyppiselle profiiliasennukselle<\/p>\n<p>Tarvittava m\u00e4\u00e4r\u00e4 1 m\u00b2: ~33 kpl<\/p>\n<p>Pakkaus: 100 kpl<\/p>\n<p>Hinta: 15.33 EUR (alv ei sis.)<\/p>\n<p>&nbsp;<\/p>\n<p>&nbsp;<\/p>\n<\/div>\n<\/div>\n<\/div>\n<div class=\"flex justify-between lg:block\">\n<div class=\"text-gray-400 flex self-end lg:self-center justify-center mt-2 gap-2 md:gap-3 lg:gap-1 lg:absolute lg:top-0 lg:translate-x-full lg:right-0 lg:mt-0 lg:pl-2 visible\">\n<p><strong>2. Tuotekoodi: DKG aloitusklipsi<\/strong><\/p>\n<p>DKG aloitusklipsi<\/p>\n<p>Pakkaus: Narupussi<\/p>\n<p>Hinta 0,47 EUR (ilman alv)<\/p>\n<p>Tuotekoodi: Ruuvit &#8216;T&#8217; klipsille<br \/>\nRuuvit &#8216;T&#8217; klipsille, 3,5x30mm,<\/p>\n<p>Ruostumaton ter\u00e4s<\/p>\n<p>Pakkaus: 100 kpl<\/p>\n<p>Hinta 5,33 EUR (ilman alv)<\/p>\n<\/div>\n<p>&nbsp;<\/p>\n<\/div>\n<p><strong>Tietoa Resystasta:<\/strong><\/p>\n<ul>\n<li>s\u00e4\u00e4nkest\u00e4v\u00e4, UV-kest\u00e4v\u00e4, ei harmaannu eik\u00e4 lahoa<\/li>\n<li>v\u00e4rin- ja pinnankest\u00e4v\u00e4, ei halkeile eik\u00e4 vaadi aikaaviev\u00e4\u00e4 huoltoa, hiontaa tai maalausta eik\u00e4 pinnasta lohkeile<\/li>\n<li>helppohoitoinen ja kest\u00e4v\u00e4<\/li>\n<li>sienitartuntojen kestoluokka 1<\/li>\n<li>helppo asentaa<\/li>\n<li>kest\u00e4v\u00e4 ja kierr\u00e4tett\u00e4v\u00e4<\/li>\n<\/ul>\n<p>Jo t\u00e4n\u00e4\u00e4n Resysta vastaa huomisen teknisiin ja ekologisiin vaatimuksiin. Korkea kest\u00e4vyys ja kest\u00e4v\u00e4 kehitys mahdollistavat t\u00e4ysin uusia sovelluksia. Kuituvahvisteinen hybridi-materiaali on valmistettu noin 60% riisinkuorista, noin 22% tavallisesta suolasta ja noin 18% mineraali\u00f6ljyst\u00e4, mik\u00e4 tekee siit\u00e4 ymp\u00e4rist\u00f6yst\u00e4v\u00e4llisen ja eritt\u00e4in s\u00e4\u00e4nkest\u00e4v\u00e4n auringon, sateen, lumen tai suolaveden vaikutuksilta. Samalla Resysta vaatii v\u00e4h\u00e4n hoitoa ja tarjoaa puun ulkon\u00e4\u00f6n ja tuntuman. Vedenkest\u00e4v\u00e4t pinnat puun ulkon\u00e4\u00f6ll\u00e4 ovat Resystan tulevaisuus.<\/p>\n<p>Kaikki puun parissa ty\u00f6skentelev\u00e4t ovat innostuneita Resystasta. Luonnollisen mallinsa tavoin se voidaan sahata, porata, maalata, hioa tai \u00f6ljyt\u00e4. Yksi ratkaiseva etu on kuitenkin: Resysta ei halkeile eik\u00e4 lohkea, ja sen leikkuuj\u00e4tteet ovat 100 % kierr\u00e4tett\u00e4vi\u00e4. Resystan eri profiileja voidaan k\u00e4ytt\u00e4\u00e4 moniin sovelluksiin.<\/p>\n<div class=\"flex justify-between lg:block\">\n<p>&nbsp;<\/p>\n<\/div>\n<\/div>\n<\/div>\n<\/div>\n","protected":false},"excerpt":{"rendered":"<p>Kaikki puun parissa ty\u00f6skentelev\u00e4t ovat innostuneita Resystasta. Luonnollisen mallinsa tavoin se voidaan sahata, porata, maalata, hioa tai \u00f6ljyt\u00e4. Yksi ratkaiseva etu on kuitenkin: Resysta ei halkeile eik\u00e4 lohkea, ja sen leikkuuj\u00e4tteet ovat 100 % kierr\u00e4tett\u00e4vi\u00e4. Resystan eri profiileja voidaan k\u00e4ytt\u00e4\u00e4 moniin sovelluksiin.<\/p>\n","protected":false},"featured_media":20752,"comment_status":"open","ping_status":"closed","template":"","meta":{"_acf_changed":false},"factory":[],"free-shipment":[],"product_brand":[],"product_cat":[2444,1605],"product_tag":[],"class_list":{"0":"post-27627","1":"product","2":"type-product","3":"status-publish","4":"has-post-thumbnail","6":"product_cat-komposiittipuuta","7":"product_cat-puutuotteet","9":"first","10":"instock","11":"sale","12":"taxable","13":"shipping-taxable","14":"purchasable","15":"product-type-simple"},"acf":[],"_links":{"self":[{"href":"https:\/\/factory.sale\/fi\/wp-json\/wp\/v2\/product\/27627","targetHints":{"allow":["GET"]}}],"collection":[{"href":"https:\/\/factory.sale\/fi\/wp-json\/wp\/v2\/product"}],"about":[{"href":"https:\/\/factory.sale\/fi\/wp-json\/wp\/v2\/types\/product"}],"replies":[{"embeddable":true,"href":"https:\/\/factory.sale\/fi\/wp-json\/wp\/v2\/comments?post=27627"}],"wp:featuredmedia":[{"embeddable":true,"href":"https:\/\/factory.sale\/fi\/wp-json\/wp\/v2\/media\/20752"}],"wp:attachment":[{"href":"https:\/\/factory.sale\/fi\/wp-json\/wp\/v2\/media?parent=27627"}],"wp:term":[{"taxonomy":"factory","embeddable":true,"href":"https:\/\/factory.sale\/fi\/wp-json\/wp\/v2\/factory?post=27627"},{"taxonomy":"free-shipment","embeddable":true,"href":"https:\/\/factory.sale\/fi\/wp-json\/wp\/v2\/free-shipment?post=27627"},{"taxonomy":"product_brand","embeddable":true,"href":"https:\/\/factory.sale\/fi\/wp-json\/wp\/v2\/product_brand?post=27627"},{"taxonomy":"product_cat","embeddable":true,"href":"https:\/\/factory.sale\/fi\/wp-json\/wp\/v2\/product_cat?post=27627"},{"taxonomy":"product_tag","embeddable":true,"href":"https:\/\/factory.sale\/fi\/wp-json\/wp\/v2\/product_tag?post=27627"}],"curies":[{"name":"wp","href":"https:\/\/api.w.org\/{rel}","templated":true}]}}