{"id":27620,"date":"2023-01-14T13:05:48","date_gmt":"2023-05-06T13:21:43","guid":{"rendered":"https:\/\/factory.sale\/?post_type=product&#038;p=27620"},"modified":"2024-06-30T05:54:04","modified_gmt":"2024-06-30T05:54:04","slug":"resysta-komposiittipuu-cp140s-julkisivuprofiili-150-mm","status":"publish","type":"product","link":"https:\/\/factory.sale\/fi\/tuote\/resysta-komposiittipuu-cp140s-julkisivuprofiili-150-mm\/","title":{"rendered":"Resysta komposiittipuu CP140S julkisivuprofiili 150 mm"},"content":{"rendered":"<p>Tuotekoodi: CP140S ja CP140SZ<\/p>\n<p>K\u00e4ytt\u00f6tarkoitus: julkisivut<br \/>\nPintak\u00e4sittely: hiottu ja harjattu<br \/>\nPeittokorkeus (leveys): 150 mm<br \/>\nPaino: 1,44 kg\/m<br \/>\nV\u00e4rit: mitk\u00e4 tahansa Resystan v\u00e4rikartan mukaisesti<\/p>\n<p>Koodi: CP140S<\/p>\n<p>Hiottu juoksumetri maksaa 9,17 euroa (ei sis\u00e4ll\u00e4 ALV:a)<\/p>\n<p>Hiottu neli\u00f6metri maksaa 61,16 euroa (ei sis\u00e4ll\u00e4 ALV:a)<\/p>\n<p>Koodi: CP140SZ<\/p>\n<p>Hiottu ja harjattu juoksumetri maksaa 9,60 euroa (ei sis\u00e4ll\u00e4 ALV:a)<\/p>\n<p>Hiottu ja harjattu neli\u00f6metri maksaa 64,06 euroa (ei sis\u00e4ll\u00e4 ALV:a)<\/p>\n<p>Tuotekoodi: CP140S\/FVG\/RFS ja CP140SZ\/FVG\/RFS<\/p>\n<p><strong>K\u00e4ytt\u00f6tarkoitus:<\/strong> julkisivut<\/p>\n<p>Pintak\u00e4sittely: hiottu ja harjattu, profiilit maalataan FVG-erikoismaaleilla ja viimeistell\u00e4\u00e4n RFS-lakalla.<br \/>\nPeittokorkeus (leveys): 150 mm<br \/>\nPaino: 1,44 kg\/m<br \/>\nV\u00e4rit: mitk\u00e4 tahansa Resystan v\u00e4rikartan mukaisesti<\/p>\n<p>Koodi: CP140S\/FVG\/RFS<\/p>\n<p>Hiottu juoksumetri FVG&amp;RFS-pinnoitteella maksaa 11,45 euroa (ei sis\u00e4ll\u00e4 ALV:a)<\/p>\n<p>Hiottu FVG&amp;RFS-neli\u00f6metri maksaa 76,38 euroa (ei sis\u00e4ll\u00e4 ALV:a)<\/p>\n<p>Koodi: CP140SZ\/FVG\/RFS<\/p>\n<p>Hiottu ja harjattu juoksumetri FVG&amp;RFS-pinnoitteella maksaa 11,90 euroa (ei sis\u00e4ll\u00e4 ALV:a)<\/p>\n<p>Hiottu ja harjattu FVG&amp;RFS-neli\u00f6metri maksaa 79,37 euroa (ei sis\u00e4ll\u00e4 ALV:a)<\/p>\n<p><strong>Lis\u00e4varusteet:<\/strong><\/p>\n<p>CP-ruuvit &#8211; Ruuvit CP-profiileille ja klipseille 3,5x30mm \/ ruostumaton ter\u00e4s (pakkaus 100 kpl.) &#8211; 5,33 euroa<\/p>\n<p>CP-aloitusklipsi &#8211; CP-aloitusklipsi CP-profiilin asennukseen (kpl) &#8211; 0,47 euroa<\/p>\n<p>&nbsp;<\/p>\n<p>&nbsp;<\/p>\n<p><strong>Tietoa Resystasta:<\/strong><\/p>\n<ul>\n<li>s\u00e4\u00e4nkest\u00e4v\u00e4, UV-kest\u00e4v\u00e4, ei harmaannu eik\u00e4 lahoa<\/li>\n<li>v\u00e4rin- ja pinnankest\u00e4v\u00e4, ei halkeile eik\u00e4 vaadi aikaaviev\u00e4\u00e4 huoltoa, hiontaa tai maalausta eik\u00e4 pinta lohkeile<\/li>\n<li>helppohoitoinen ja kest\u00e4v\u00e4<\/li>\n<li>sienitartuntojen kestoluokka 1<\/li>\n<li>helppo asentaa<\/li>\n<li>kest\u00e4v\u00e4 ja kierr\u00e4tett\u00e4v\u00e4<\/li>\n<\/ul>\n<p>Jo t\u00e4n\u00e4\u00e4n Resysta vastaa huomisen teknisiin ja ekologisiin vaatimuksiin. Korkea kest\u00e4vyys ja kest\u00e4v\u00e4 kehitys mahdollistavat t\u00e4ysin uusia sovelluksia. Kuituvahvisteinen hybridi-materiaali on valmistettu noin 60% riisinkuorista, noin 22% tavallisesta suolasta ja noin 18% mineraali\u00f6ljyst\u00e4, mik\u00e4 tekee siit\u00e4 ymp\u00e4rist\u00f6yst\u00e4v\u00e4llisen ja eritt\u00e4in s\u00e4\u00e4nkest\u00e4v\u00e4n auringon, sateen, lumen tai suolaveden vaikutuksilta. Samalla Resysta vaatii v\u00e4h\u00e4n hoitoa ja tarjoaa puun ulkon\u00e4\u00f6n ja tuntuman. Vedenkest\u00e4v\u00e4t pinnat puun ulkon\u00e4\u00f6ll\u00e4 ovat Resystan tulevaisuus.<\/p>\n<p>Kaikki puun parissa ty\u00f6skentelev\u00e4t ovat innostuneita Resystasta. Luonnollisen mallinsa tavoin se voidaan sahata, porata, maalata, hioa tai \u00f6ljyt\u00e4. Yksi ratkaiseva etu on kuitenkin: Resysta ei halkeile eik\u00e4 lohkea, ja sen leikkuuj\u00e4tteet ovat 100 % kierr\u00e4tett\u00e4vi\u00e4. Resystan eri profiileja voidaan k\u00e4ytt\u00e4\u00e4 moniin sovelluksiin.<\/p>\n","protected":false},"excerpt":{"rendered":"<p>Kaikki puun parissa ty\u00f6skentelev\u00e4t ovat innostuneita Resystasta. Luonnollisen mallinsa tavoin se voidaan sahata, porata, maalata, hioa tai \u00f6ljyt\u00e4. Yksi ratkaiseva etu on kuitenkin: Resysta ei halkeile eik\u00e4 lohkea, ja sen leikkuuj\u00e4tteet ovat 100 % kierr\u00e4tett\u00e4vi\u00e4. Resystan eri profiileja voidaan k\u00e4ytt\u00e4\u00e4 moniin sovelluksiin.<\/p>\n","protected":false},"featured_media":20782,"comment_status":"open","ping_status":"closed","template":"","meta":{"_acf_changed":false},"factory":[],"free-shipment":[],"product_brand":[],"product_cat":[2444,1605],"product_tag":[],"class_list":{"0":"post-27620","1":"product","2":"type-product","3":"status-publish","4":"has-post-thumbnail","6":"product_cat-komposiittipuuta","7":"product_cat-puutuotteet","9":"first","10":"instock","11":"sale","12":"taxable","13":"shipping-taxable","14":"purchasable","15":"product-type-simple"},"acf":[],"_links":{"self":[{"href":"https:\/\/factory.sale\/fi\/wp-json\/wp\/v2\/product\/27620","targetHints":{"allow":["GET"]}}],"collection":[{"href":"https:\/\/factory.sale\/fi\/wp-json\/wp\/v2\/product"}],"about":[{"href":"https:\/\/factory.sale\/fi\/wp-json\/wp\/v2\/types\/product"}],"replies":[{"embeddable":true,"href":"https:\/\/factory.sale\/fi\/wp-json\/wp\/v2\/comments?post=27620"}],"wp:featuredmedia":[{"embeddable":true,"href":"https:\/\/factory.sale\/fi\/wp-json\/wp\/v2\/media\/20782"}],"wp:attachment":[{"href":"https:\/\/factory.sale\/fi\/wp-json\/wp\/v2\/media?parent=27620"}],"wp:term":[{"taxonomy":"factory","embeddable":true,"href":"https:\/\/factory.sale\/fi\/wp-json\/wp\/v2\/factory?post=27620"},{"taxonomy":"free-shipment","embeddable":true,"href":"https:\/\/factory.sale\/fi\/wp-json\/wp\/v2\/free-shipment?post=27620"},{"taxonomy":"product_brand","embeddable":true,"href":"https:\/\/factory.sale\/fi\/wp-json\/wp\/v2\/product_brand?post=27620"},{"taxonomy":"product_cat","embeddable":true,"href":"https:\/\/factory.sale\/fi\/wp-json\/wp\/v2\/product_cat?post=27620"},{"taxonomy":"product_tag","embeddable":true,"href":"https:\/\/factory.sale\/fi\/wp-json\/wp\/v2\/product_tag?post=27620"}],"curies":[{"name":"wp","href":"https:\/\/api.w.org\/{rel}","templated":true}]}}