{"id":27595,"date":"2020-10-23T17:35:45","date_gmt":"2023-05-06T07:46:38","guid":{"rendered":"https:\/\/factory.sale\/?post_type=product&#038;p=27595"},"modified":"2024-06-28T03:38:46","modified_gmt":"2024-06-28T03:38:46","slug":"matopat-surgimask-ei-kudottua-materiaalia-3-kerroksinen-laakinnallinen-maski-ffp3-50-kpl","status":"publish","type":"product","link":"https:\/\/factory.sale\/fi\/tuote\/matopat-surgimask-ei-kudottua-materiaalia-3-kerroksinen-laakinnallinen-maski-ffp3-50-kpl\/","title":{"rendered":"MATOPAT Surgimask ei-kudottua materiaalia, 3-kerroksinen l\u00e4\u00e4kinn\u00e4llinen maski FFP3 (50 kpl)"},"content":{"rendered":"<p>Suojaa t\u00e4ydellisesti patogeenisilta mikro-organismeilta, jotka levi\u00e4v\u00e4t pisaroilla. Bakteerisuodatusaste (BFE) on suurempi tai yht\u00e4 suuri kuin 98% (PN-EN 14683: 2019 mukaisesti). Maski on valmistettu kolmesta kerroksesta polypropeeni\u00e4 ei-kudotusta materiaalista, joka on hypoallergeeninen ja turvallinen k\u00e4ytt\u00e4j\u00e4lle. Siin\u00e4 on joustavat kahvat kiinnitt\u00e4mist\u00e4 varten kasvoihin ja nen\u00e4tuki mahdollistaa paremman istuvuuden. Maski on k\u00e4tev\u00e4 ja hygieeninen ottaa pois pakkauksesta.<\/p>\n<p><strong>K\u00e4ytt\u00f6ohjeet:<\/strong><\/p>\n<p>Maskissa on kaksi joustavaa kahvaa, joissa on merkint\u00e4 &#8220;avaa&#8221;, jotka kiinnitet\u00e4\u00e4n korviin.<br \/>\nOsoita maski kohti kasvoja siten, ett\u00e4 elastiset nauhat ovat ylh\u00e4\u00e4ll\u00e4.<br \/>\nAvaa molemmat sivunauhat joissa on merkint\u00e4 &#8220;avaa&#8221; vet\u00e4m\u00e4ll\u00e4 yl\u00f6sp\u00e4in merkinn\u00e4n mukaisesti.<\/p>\n<p>&nbsp;<\/p>\n<table>\n<tbody>\n<tr>\n<th>Suodatuskyky:<\/th>\n<td>\n<ul>\n<li class=\"attr-value\">PM 2.5<\/li>\n<li class=\"attr-value\">PM 10<\/li>\n<li class=\"attr-value\">NO2<\/li>\n<li class=\"attr-value\">SO2<\/li>\n<li class=\"attr-value\">kloori<\/li>\n<li>Sub-mikronin hiukkaset<\/li>\n<\/ul>\n<\/td>\n<\/tr>\n<tr>\n<th>V\u00e4ri:<\/th>\n<td>\n<ul>\n<li class=\"attr-value\">Sininen<\/li>\n<\/ul>\n<\/td>\n<\/tr>\n<tr>\n<th>Kappalem\u00e4\u00e4r\u00e4 paketissa:<\/th>\n<td>\n<ul>\n<li class=\"attr-value\">50<\/li>\n<\/ul>\n<\/td>\n<\/tr>\n<tr>\n<th>Malli:<\/th>\n<td>\n<ul>\n<li class=\"attr-value\">MA-142-MM3U-005<\/li>\n<\/ul>\n<\/td>\n<\/tr>\n<tr>\n<th>Valmistaja:<\/th>\n<td>\n<ul>\n<li class=\"attr-value\">Matopat<\/li>\n<\/ul>\n<\/td>\n<\/tr>\n<tr>\n<th>Tyyppi:<\/th>\n<td>\n<ul>\n<li class=\"attr-value\">Puolimaskit<\/li>\n<\/ul>\n<\/td>\n<\/tr>\n<tr>\n<th>Suodattimen tyyppi:<\/th>\n<td>\n<ul>\n<li class=\"attr-value\">F3 (carbon + HEPA)<\/li>\n<\/ul>\n<\/td>\n<\/tr>\n<tr>\n<th>Tyyppi:<\/th>\n<td>\n<ul>\n<li class=\"attr-value\">Hygieeninen<\/li>\n<\/ul>\n<\/td>\n<\/tr>\n<\/tbody>\n<\/table>\n<p>Indeksi: 5900516867188<\/p>\n<p>&nbsp;<\/p>\n<p>Minimitilausm\u00e4\u00e4r\u00e4 on 10 pakettia.<\/p>\n<p>Hinta ei sis\u00e4ll\u00e4 toimitusta. Hintaan lis\u00e4t\u00e4\u00e4n ALV.<\/p>\n","protected":false},"excerpt":{"rendered":"<p>Suojaa t\u00e4ydellisesti patogeenisilta mikro-organismeilta. Materiaali on hypoallergeeninen ja turvallinen k\u00e4ytt\u00e4j\u00e4lle. Suodatusaste on suurempi tai yht\u00e4 suuri kuin 98% (PN-EN 14683: 2019 mukaisesti). Maskissa on joustavat kahvat kiinnitt\u00e4mist\u00e4 varten ja nen\u00e4tuki mahdollistaa paremman istuvuuden. Maskin poistamiseen on suunniteltu erityinen design nauhoissa, jotta se olisi hygieenist\u00e4. Ominaisuudet:<\/p>\n","protected":false},"featured_media":5512,"comment_status":"open","ping_status":"closed","template":"","meta":{"_acf_changed":false},"factory":[],"free-shipment":[],"product_brand":[],"product_cat":[440],"product_tag":[],"class_list":{"0":"post-27595","1":"product","2":"type-product","3":"status-publish","4":"has-post-thumbnail","6":"product_cat-desinfiointiaineet-ja-omahygienia","8":"first","9":"instock","10":"sale","11":"featured","12":"purchasable","13":"product-type-simple"},"acf":[],"_links":{"self":[{"href":"https:\/\/factory.sale\/fi\/wp-json\/wp\/v2\/product\/27595","targetHints":{"allow":["GET"]}}],"collection":[{"href":"https:\/\/factory.sale\/fi\/wp-json\/wp\/v2\/product"}],"about":[{"href":"https:\/\/factory.sale\/fi\/wp-json\/wp\/v2\/types\/product"}],"replies":[{"embeddable":true,"href":"https:\/\/factory.sale\/fi\/wp-json\/wp\/v2\/comments?post=27595"}],"wp:featuredmedia":[{"embeddable":true,"href":"https:\/\/factory.sale\/fi\/wp-json\/wp\/v2\/media\/5512"}],"wp:attachment":[{"href":"https:\/\/factory.sale\/fi\/wp-json\/wp\/v2\/media?parent=27595"}],"wp:term":[{"taxonomy":"factory","embeddable":true,"href":"https:\/\/factory.sale\/fi\/wp-json\/wp\/v2\/factory?post=27595"},{"taxonomy":"free-shipment","embeddable":true,"href":"https:\/\/factory.sale\/fi\/wp-json\/wp\/v2\/free-shipment?post=27595"},{"taxonomy":"product_brand","embeddable":true,"href":"https:\/\/factory.sale\/fi\/wp-json\/wp\/v2\/product_brand?post=27595"},{"taxonomy":"product_cat","embeddable":true,"href":"https:\/\/factory.sale\/fi\/wp-json\/wp\/v2\/product_cat?post=27595"},{"taxonomy":"product_tag","embeddable":true,"href":"https:\/\/factory.sale\/fi\/wp-json\/wp\/v2\/product_tag?post=27595"}],"curies":[{"name":"wp","href":"https:\/\/api.w.org\/{rel}","templated":true}]}}