{"id":27584,"date":"2023-02-01T15:21:01","date_gmt":"2023-05-05T09:24:39","guid":{"rendered":"https:\/\/factory.sale\/?post_type=product&#038;p=27584"},"modified":"2026-02-11T15:24:31","modified_gmt":"2026-02-11T12:24:31","slug":"huum-hiven-turvakaide-hive-12-15-18","status":"publish","type":"product","link":"https:\/\/factory.sale\/fi\/tuote\/huum-hiven-turvakaide-hive-12-15-18\/","title":{"rendered":"HUUM HIVE Turvakaide (HIVE 12, 15, 18)"},"content":{"rendered":"<h2><span style=\"font-size: 14pt;\">HUUM HIVE Turvakaide (HIVE 12, 15, 18)<\/span><\/h2>\n<p>HUUM HIVE s\u00e4hk\u00f6kiukaan suojakaiteet nostavat saunan turvallisuustason uudelle tasolle ja tekev\u00e4t kiukaastasi huomattavasti tyylikk\u00e4\u00e4mm\u00e4n. Ne est\u00e4v\u00e4t tahattoman kosketuksen kuumien kiukaan osien kanssa ja n\u00e4ytt\u00e4\u00e4 eritt\u00e4in hyv\u00e4lt\u00e4.<\/p>\n<p>Kaiteen kaaret ovat kevytt\u00e4 puuta ja kiinnikkeet ovat ruostumatonta ter\u00e4st\u00e4. Asennus on yksinkertainen ja nopea. Kiinnit\u00e4 metallikiinnikkeet kiuaskiven ensimm\u00e4isen ja toisen renkaan v\u00e4liin, ruuvaa puiset kaaret kiinnikkeisiin ja nauti turvallisesta\/kauniista lopputuloksesta.<\/p>\n<p>&nbsp;<\/p>\n<ul>\n<li>Paino: 2 kg<\/li>\n<li>Halkaisija 65.5 cm<\/li>\n<\/ul>\n<p>&nbsp;<\/p>\n<p><strong>EAN: 4744103019120<\/strong><\/p>\n<p>&nbsp;<\/p>\n<div class=\"video-wrapper \"><iframe loading=\"lazy\" title=\"HUUM HIVE safety railing installation\" src=\"https:\/\/player.vimeo.com\/video\/986260672?dnt=1&amp;app_id=122963\" width=\"500\" height=\"281\" frameborder=\"0\" allow=\"autoplay; fullscreen; picture-in-picture; clipboard-write; encrypted-media; web-share\" referrerpolicy=\"strict-origin-when-cross-origin\"><\/iframe><\/div>\n<p>&nbsp;<\/p>\n<p><a title=\"Avaa video uudessa v\u00e4lilehdess\u00e4\" href=\"https:\/\/vimeo.com\/986260672\" target=\"_blank\" rel=\"noopener\">Avaa video uudessa v\u00e4lilehdess\u00e4<\/a><\/p>\n<p><a title=\"Tutustu samankaltaisiin tuotteisiin t\u00e4\u00e4ll\u00e4\" href=\"https:\/\/factory.sale\/fi\/tuote-osasto\/saniteetti\/sauna-kiukaiden-tarvikkeet\/\">Tutustu samankaltaisiin tuotteisiin t\u00e4\u00e4ll\u00e4<\/a><\/p>\n","protected":false},"excerpt":{"rendered":"<p>HUUM HIVE s\u00e4hk\u00f6kiukaan suojakaiteet nostavat saunan turvallisuustason uudelle tasolle ja tekev\u00e4t kiukaastasi huomattavasti tyylikk\u00e4\u00e4mm\u00e4n. Ne est\u00e4v\u00e4t tahattoman kosketuksen kuumien kiukaan osien kanssa ja n\u00e4ytt\u00e4\u00e4 eritt\u00e4in hyv\u00e4lt\u00e4.<\/p>\n","protected":false},"featured_media":100160,"comment_status":"open","ping_status":"closed","template":"","meta":{"_acf_changed":false},"factory":[],"free-shipment":[],"product_brand":[4433],"product_cat":[4893],"product_tag":[],"class_list":{"0":"post-27584","1":"product","2":"type-product","3":"status-publish","4":"has-post-thumbnail","6":"product_brand-huum-fi","7":"product_cat-sauna-kiukaiden-tarvikkeet","9":"first","10":"instock","11":"sale","12":"taxable","13":"shipping-taxable","14":"purchasable","15":"product-type-simple"},"acf":[],"_links":{"self":[{"href":"https:\/\/factory.sale\/fi\/wp-json\/wp\/v2\/product\/27584","targetHints":{"allow":["GET"]}}],"collection":[{"href":"https:\/\/factory.sale\/fi\/wp-json\/wp\/v2\/product"}],"about":[{"href":"https:\/\/factory.sale\/fi\/wp-json\/wp\/v2\/types\/product"}],"replies":[{"embeddable":true,"href":"https:\/\/factory.sale\/fi\/wp-json\/wp\/v2\/comments?post=27584"}],"wp:featuredmedia":[{"embeddable":true,"href":"https:\/\/factory.sale\/fi\/wp-json\/wp\/v2\/media\/100160"}],"wp:attachment":[{"href":"https:\/\/factory.sale\/fi\/wp-json\/wp\/v2\/media?parent=27584"}],"wp:term":[{"taxonomy":"factory","embeddable":true,"href":"https:\/\/factory.sale\/fi\/wp-json\/wp\/v2\/factory?post=27584"},{"taxonomy":"free-shipment","embeddable":true,"href":"https:\/\/factory.sale\/fi\/wp-json\/wp\/v2\/free-shipment?post=27584"},{"taxonomy":"product_brand","embeddable":true,"href":"https:\/\/factory.sale\/fi\/wp-json\/wp\/v2\/product_brand?post=27584"},{"taxonomy":"product_cat","embeddable":true,"href":"https:\/\/factory.sale\/fi\/wp-json\/wp\/v2\/product_cat?post=27584"},{"taxonomy":"product_tag","embeddable":true,"href":"https:\/\/factory.sale\/fi\/wp-json\/wp\/v2\/product_tag?post=27584"}],"curies":[{"name":"wp","href":"https:\/\/api.w.org\/{rel}","templated":true}]}}