{"id":27575,"date":"2023-02-01T11:27:36","date_gmt":"2023-05-05T08:51:47","guid":{"rendered":"https:\/\/factory.sale\/?post_type=product&#038;p=27575"},"modified":"2025-04-06T23:26:31","modified_gmt":"2025-04-06T20:26:31","slug":"huum-tynnyrin-piippupaketti","status":"publish","type":"product","link":"https:\/\/factory.sale\/fi\/tuote\/huum-tynnyrin-piippupaketti\/","title":{"rendered":"Huum tynnyrin piippupaketti"},"content":{"rendered":"<p>T\u00e4m\u00e4 HUUM tynnyrin piippupaketti on suunniteltu k\u00e4ytett\u00e4v\u00e4ksi HUUM puul\u00e4mmitteisten saunakiukaiden kanssa tynnyrisaunoissa. T\u00e4m\u00e4 laadukas sarja sis\u00e4lt\u00e4\u00e4 kaiken tarvittavan, jotta saat saunael\u00e4mykseesi kauniin muodon ja turvallisen toiminnan.<\/p>\n<p>T\u00e4m\u00e4 piippupaketti on suunniteltu nousemaan suoraan yl\u00f6sp\u00e4in katon l\u00e4pi ja se on suunniteltu k\u00e4ytett\u00e4v\u00e4ksi HUUM puul\u00e4mmitteisten saunakiukaiden kanssa tynnyrisaunoissa.<\/p>\n<p><strong>EAN 4744103017522<\/strong><\/p>\n<p><img loading=\"lazy\" decoding=\"async\" class=\"alignnone wp-image-94139\" src=\"https:\/\/factory.sale\/wp-content\/uploads\/2023\/02\/Huum-barrel-sauna-chimney-set-FI-factory.sale_-212x300.webp\" alt=\"\" width=\"705\" height=\"998\" srcset=\"https:\/\/factory.sale\/wp-content\/uploads\/2023\/02\/Huum-barrel-sauna-chimney-set-FI-factory.sale_-212x300.webp 212w, https:\/\/factory.sale\/wp-content\/uploads\/2023\/02\/Huum-barrel-sauna-chimney-set-FI-factory.sale_-724x1024.webp 724w, https:\/\/factory.sale\/wp-content\/uploads\/2023\/02\/Huum-barrel-sauna-chimney-set-FI-factory.sale_-106x150.webp 106w, https:\/\/factory.sale\/wp-content\/uploads\/2023\/02\/Huum-barrel-sauna-chimney-set-FI-factory.sale_-1086x1536.webp 1086w, https:\/\/factory.sale\/wp-content\/uploads\/2023\/02\/Huum-barrel-sauna-chimney-set-FI-factory.sale_-600x849.webp 600w, https:\/\/factory.sale\/wp-content\/uploads\/2023\/02\/Huum-barrel-sauna-chimney-set-FI-factory.sale_-64x91.webp 64w, https:\/\/factory.sale\/wp-content\/uploads\/2023\/02\/Huum-barrel-sauna-chimney-set-FI-factory.sale_.webp 1414w\" sizes=\"auto, (max-width: 705px) 100vw, 705px\" \/><\/p>\n<p>&nbsp;<\/p>\n<p>&nbsp;<\/p>\n<p><a href=\"https:\/\/factory.sale\/wp-content\/uploads\/2025\/03\/Savupiippusarja-tynnyrisauna.pdf\" target=\"_blank\" rel=\"noopener\">Tuotelehti l\u00f6ytyy t\u00e4\u00e4lt\u00e4<\/a><\/p>\n","protected":false},"excerpt":{"rendered":"<p>T\u00e4m\u00e4 HUUM tynnyrin piippupaketti on suunniteltu k\u00e4ytett\u00e4v\u00e4ksi HUUM puul\u00e4mmitteisten saunakiukaiden kanssa tynnyrisaunoissa. T\u00e4m\u00e4 laadukas sarja sis\u00e4lt\u00e4\u00e4 kaiken tarvittavan, jotta saat saunael\u00e4mykseesi kauniin muodon ja turvallisen toiminnan.<\/p>\n","protected":false},"featured_media":94451,"comment_status":"open","ping_status":"closed","template":"","meta":{"_acf_changed":false},"factory":[],"free-shipment":[],"product_brand":[],"product_cat":[4161,1334],"product_tag":[],"class_list":{"0":"post-27575","1":"product","2":"type-product","3":"status-publish","4":"has-post-thumbnail","6":"product_cat-piippusetit","7":"product_cat-saunatarvikkeet","9":"first","10":"instock","11":"sale","12":"taxable","13":"shipping-taxable","14":"purchasable","15":"product-type-simple"},"acf":[],"_links":{"self":[{"href":"https:\/\/factory.sale\/fi\/wp-json\/wp\/v2\/product\/27575","targetHints":{"allow":["GET"]}}],"collection":[{"href":"https:\/\/factory.sale\/fi\/wp-json\/wp\/v2\/product"}],"about":[{"href":"https:\/\/factory.sale\/fi\/wp-json\/wp\/v2\/types\/product"}],"replies":[{"embeddable":true,"href":"https:\/\/factory.sale\/fi\/wp-json\/wp\/v2\/comments?post=27575"}],"wp:featuredmedia":[{"embeddable":true,"href":"https:\/\/factory.sale\/fi\/wp-json\/wp\/v2\/media\/94451"}],"wp:attachment":[{"href":"https:\/\/factory.sale\/fi\/wp-json\/wp\/v2\/media?parent=27575"}],"wp:term":[{"taxonomy":"factory","embeddable":true,"href":"https:\/\/factory.sale\/fi\/wp-json\/wp\/v2\/factory?post=27575"},{"taxonomy":"free-shipment","embeddable":true,"href":"https:\/\/factory.sale\/fi\/wp-json\/wp\/v2\/free-shipment?post=27575"},{"taxonomy":"product_brand","embeddable":true,"href":"https:\/\/factory.sale\/fi\/wp-json\/wp\/v2\/product_brand?post=27575"},{"taxonomy":"product_cat","embeddable":true,"href":"https:\/\/factory.sale\/fi\/wp-json\/wp\/v2\/product_cat?post=27575"},{"taxonomy":"product_tag","embeddable":true,"href":"https:\/\/factory.sale\/fi\/wp-json\/wp\/v2\/product_tag?post=27575"}],"curies":[{"name":"wp","href":"https:\/\/api.w.org\/{rel}","templated":true}]}}