{"id":27573,"date":"2023-02-01T14:48:14","date_gmt":"2023-05-05T08:32:55","guid":{"rendered":"https:\/\/factory.sale\/?post_type=product&#038;p=27573"},"modified":"2026-02-10T18:53:33","modified_gmt":"2026-02-10T15:53:33","slug":"hive-mini-turvakaide-hive-mini-6-9-11","status":"publish","type":"product","link":"https:\/\/factory.sale\/fi\/tuote\/hive-mini-turvakaide-hive-mini-6-9-11\/","title":{"rendered":"HIVE Mini turvakaide (HIVE Mini 6, 9, 11)"},"content":{"rendered":"<h2><span style=\"font-size: 14pt;\">HIVE Mini turvakaide (HIVE Mini 6, 9, 11)<\/span><\/h2>\n<p>HUUM HIVE Mini -s\u00e4hk\u00f6kiukaan turvakaide nostaa saunan turvallisuustason uudelle tasolle ja tekee kiukaastasi huomattavasti tyylikk\u00e4\u00e4mm\u00e4n. Se est\u00e4\u00e4 tahattoman kosketuksen kuuman kiukaan kanssa ja n\u00e4ytt\u00e4\u00e4 samalla eritt\u00e4in hyv\u00e4lt\u00e4.<\/p>\n<p>Kaiteen kaaret on valmistettu kevyest\u00e4 puusta ja kiinnikkeet ruostumattomasta ter\u00e4ksest\u00e4.<\/p>\n<p>Asennus on helppoa ja nopeaa. Kiinnit\u00e4 metalliset kiinnikkeet kiukaan kolmannen ja nelj\u00e4nnen metallirenkaan v\u00e4liin, kiinnit\u00e4 puiset kaaret kiinnikkeisiin ruuveilla ja nauti turvallisesta ja kauniista lopputuloksesta.<\/p>\n<p>&nbsp;<\/p>\n<p><strong>Tuotetiedot:<\/strong><\/p>\n<ul>\n<li>PAINO: 2 kg<\/li>\n<li>HALKAISIJA: 55,5 cm<\/li>\n<li>EAN: 4744103019113<\/li>\n<\/ul>\n<p>&nbsp;<\/p>\n<div class=\"video-wrapper \"><iframe loading=\"lazy\" title=\"HUUM HIVE safety railing installation\" src=\"https:\/\/player.vimeo.com\/video\/986260672?dnt=1&amp;app_id=122963\" width=\"500\" height=\"281\" frameborder=\"0\" allow=\"autoplay; fullscreen; picture-in-picture; clipboard-write; encrypted-media; web-share\" referrerpolicy=\"strict-origin-when-cross-origin\"><\/iframe><\/div>\n<p><a title=\"Avaa video uudessa v\u00e4lilehdess\u00e4\" href=\"https:\/\/vimeo.com\/986260672\" target=\"_blank\" rel=\"noopener\">Avaa video uudessa v\u00e4lilehdess\u00e4<\/a><\/p>\n<p><a title=\"Tutustu samankaltaisiin tuotteisiin t\u00e4\u00e4ll\u00e4\" href=\"https:\/\/factory.sale\/fi\/tuote-osasto\/saniteetti\/sauna-kiukaiden-tarvikkeet\/\">Tutustu samankaltaisiin tuotteisiin t\u00e4\u00e4ll\u00e4<\/a><\/p>\n<p>&nbsp;<\/p>\n","protected":false},"excerpt":{"rendered":"<p>HUUM HIVE Mini -s\u00e4hk\u00f6kiukaan turvakaide nostaa saunan turvallisuustason uudelle tasolle ja tekee kiukaastasi huomattavasti tyylikk\u00e4\u00e4mm\u00e4n. Se est\u00e4\u00e4 tahattoman kosketuksen kuuman kiukaan kanssa ja n\u00e4ytt\u00e4\u00e4 samalla eritt\u00e4in hyv\u00e4lt\u00e4.<\/p>\n","protected":false},"featured_media":100163,"comment_status":"open","ping_status":"closed","template":"","meta":{"_acf_changed":false},"factory":[],"free-shipment":[],"product_brand":[4433],"product_cat":[4893],"product_tag":[859,4974],"class_list":{"0":"post-27573","1":"product","2":"type-product","3":"status-publish","4":"has-post-thumbnail","6":"product_brand-huum-fi","7":"product_cat-sauna-kiukaiden-tarvikkeet","8":"product_tag-huum-fi","9":"product_tag-huum-hive-fi","11":"first","12":"instock","13":"sale","14":"taxable","15":"shipping-taxable","16":"purchasable","17":"product-type-simple"},"acf":[],"_links":{"self":[{"href":"https:\/\/factory.sale\/fi\/wp-json\/wp\/v2\/product\/27573","targetHints":{"allow":["GET"]}}],"collection":[{"href":"https:\/\/factory.sale\/fi\/wp-json\/wp\/v2\/product"}],"about":[{"href":"https:\/\/factory.sale\/fi\/wp-json\/wp\/v2\/types\/product"}],"replies":[{"embeddable":true,"href":"https:\/\/factory.sale\/fi\/wp-json\/wp\/v2\/comments?post=27573"}],"wp:featuredmedia":[{"embeddable":true,"href":"https:\/\/factory.sale\/fi\/wp-json\/wp\/v2\/media\/100163"}],"wp:attachment":[{"href":"https:\/\/factory.sale\/fi\/wp-json\/wp\/v2\/media?parent=27573"}],"wp:term":[{"taxonomy":"factory","embeddable":true,"href":"https:\/\/factory.sale\/fi\/wp-json\/wp\/v2\/factory?post=27573"},{"taxonomy":"free-shipment","embeddable":true,"href":"https:\/\/factory.sale\/fi\/wp-json\/wp\/v2\/free-shipment?post=27573"},{"taxonomy":"product_brand","embeddable":true,"href":"https:\/\/factory.sale\/fi\/wp-json\/wp\/v2\/product_brand?post=27573"},{"taxonomy":"product_cat","embeddable":true,"href":"https:\/\/factory.sale\/fi\/wp-json\/wp\/v2\/product_cat?post=27573"},{"taxonomy":"product_tag","embeddable":true,"href":"https:\/\/factory.sale\/fi\/wp-json\/wp\/v2\/product_tag?post=27573"}],"curies":[{"name":"wp","href":"https:\/\/api.w.org\/{rel}","templated":true}]}}