{"id":27571,"date":"2023-02-01T16:32:48","date_gmt":"2023-05-05T08:27:03","guid":{"rendered":"https:\/\/factory.sale\/?post_type=product&#038;p=27571"},"modified":"2026-02-10T14:52:21","modified_gmt":"2026-02-10T11:52:21","slug":"hive-mini-lampoheijastin-hive-mini-hive-heat-hive-wood-13","status":"publish","type":"product","link":"https:\/\/factory.sale\/fi\/tuote\/hive-mini-lampoheijastin-hive-mini-hive-heat-hive-wood-13\/","title":{"rendered":"HIVE Mini l\u00e4mp\u00f6heijastin (HIVE Mini, HIVE Wood 13)"},"content":{"rendered":"<h2><span style=\"font-size: 14pt;\">HIVE Mini l\u00e4mp\u00f6heijastin (HIVE Mini, HIVE Wood 13)<\/span><\/h2>\n<p>Laittamalla peilin HUUM HIVE Mini -kiukaalle, on mahdollista saavuttaa puolet turvav\u00e4leist\u00e4 seiniin. Peili on valmistettu ruostumattomasta ter\u00e4ksest\u00e4 ja se asennetaan kiukaan sivulle. Peilit voidaan yhdist\u00e4\u00e4 yhteen. Setti sis\u00e4lt\u00e4\u00e4 yhden peilin.<\/p>\n<p><strong>Heijastin sopii seuraaviin HIVE Mini -kiukaisiin:<\/strong><\/p>\n<ul>\n<li>HUUM HIVE Mini 6 kW<\/li>\n<li>HUUM HIVE Mini 9 kW<\/li>\n<li>HUUM HIVE Mini 10,5 kW<\/li>\n<li>HUUM HIVE Wood 13 kW<\/li>\n<li>EAN: 4744103019182<\/li>\n<\/ul>\n<p>&nbsp;<\/p>\n<div class=\"video-wrapper \"><iframe loading=\"lazy\" title=\"HUUM Sauna\" width=\"500\" height=\"281\" src=\"https:\/\/www.youtube.com\/embed\/iwtstDYE1Do?feature=oembed\" frameborder=\"0\" allow=\"accelerometer; autoplay; clipboard-write; encrypted-media; gyroscope; picture-in-picture; web-share\" referrerpolicy=\"strict-origin-when-cross-origin\" allowfullscreen><\/iframe><\/div>\n<p>&nbsp;<\/p>\n<p><a title=\"Avaa video uudessa v\u00e4lilehdess\u00e4\" href=\"https:\/\/www.youtube.com\/watch?v=iwtstDYE1Do\" target=\"_blank\" rel=\"noopener\">Avaa video uudessa v\u00e4lilehdess\u00e4<\/a><\/p>\n<p><a title=\"Tutustu samankaltaisiin tuotteisiin t\u00e4\u00e4ll\u00e4\" href=\"https:\/\/factory.sale\/fi\/tuote-osasto\/saniteetti\/sauna-kiukaiden-tarvikkeet\/\">Tutustu samankaltaisiin tuotteisiin t\u00e4\u00e4ll\u00e4<\/a><\/p>\n","protected":false},"excerpt":{"rendered":"<p>Laittamalla peilin HUUM HIVE Mini -kiukaalle, on mahdollista saavuttaa puolet turvav\u00e4leist\u00e4 seiniin. Peili on valmistettu ruostumattomasta ter\u00e4ksest\u00e4 ja se asennetaan kiukaan sivulle. Peilit voidaan yhdist\u00e4\u00e4 yhteen. Setti sis\u00e4lt\u00e4\u00e4 yhden peilin.<\/p>\n","protected":false},"featured_media":100148,"comment_status":"open","ping_status":"closed","template":"","meta":{"_acf_changed":false},"factory":[],"free-shipment":[],"product_brand":[4433],"product_cat":[4893],"product_tag":[859],"class_list":{"0":"post-27571","1":"product","2":"type-product","3":"status-publish","4":"has-post-thumbnail","6":"product_brand-huum-fi","7":"product_cat-sauna-kiukaiden-tarvikkeet","8":"product_tag-huum-fi","10":"first","11":"instock","12":"sale","13":"taxable","14":"shipping-taxable","15":"purchasable","16":"product-type-simple"},"acf":[],"_links":{"self":[{"href":"https:\/\/factory.sale\/fi\/wp-json\/wp\/v2\/product\/27571","targetHints":{"allow":["GET"]}}],"collection":[{"href":"https:\/\/factory.sale\/fi\/wp-json\/wp\/v2\/product"}],"about":[{"href":"https:\/\/factory.sale\/fi\/wp-json\/wp\/v2\/types\/product"}],"replies":[{"embeddable":true,"href":"https:\/\/factory.sale\/fi\/wp-json\/wp\/v2\/comments?post=27571"}],"wp:featuredmedia":[{"embeddable":true,"href":"https:\/\/factory.sale\/fi\/wp-json\/wp\/v2\/media\/100148"}],"wp:attachment":[{"href":"https:\/\/factory.sale\/fi\/wp-json\/wp\/v2\/media?parent=27571"}],"wp:term":[{"taxonomy":"factory","embeddable":true,"href":"https:\/\/factory.sale\/fi\/wp-json\/wp\/v2\/factory?post=27571"},{"taxonomy":"free-shipment","embeddable":true,"href":"https:\/\/factory.sale\/fi\/wp-json\/wp\/v2\/free-shipment?post=27571"},{"taxonomy":"product_brand","embeddable":true,"href":"https:\/\/factory.sale\/fi\/wp-json\/wp\/v2\/product_brand?post=27571"},{"taxonomy":"product_cat","embeddable":true,"href":"https:\/\/factory.sale\/fi\/wp-json\/wp\/v2\/product_cat?post=27571"},{"taxonomy":"product_tag","embeddable":true,"href":"https:\/\/factory.sale\/fi\/wp-json\/wp\/v2\/product_tag?post=27571"}],"curies":[{"name":"wp","href":"https:\/\/api.w.org\/{rel}","templated":true}]}}